{"id":18,"date":"2016-10-05T08:40:03","date_gmt":"2016-10-05T06:40:03","guid":{"rendered":"http:\/\/sk-dokument.no\/hamn-budsjettogokonomiplan-2017-2020\/?page_id=18"},"modified":"2016-10-18T11:03:56","modified_gmt":"2016-10-18T09:03:56","slug":"budsjettkommentarar","status":"publish","type":"page","link":"https:\/\/sk-dokument.no\/hamn-budsjettogokonomiplan-2017-2020\/?page_id=18","title":{"rendered":"Budsjettkommentarar"},"content":{"rendered":"<p><strong>Avgiftene\/vederlag: <\/strong>Ein budsjetterer med noko mindre aktivitet i 2017. Det er ikkje lagt inn prisjustering i 2017.\u00a0 Vidare i \u00f8konomiplanperioden ligg det inne ein prisvekst p\u00e5 2,7 prosent med referanse til kommuneproposisjonen v\u00e5ren 2016.<\/p>\n<p><strong>Hus- og arealleiger<\/strong> for 2017 er rekna etter dagens kontraktar. Husleige, areal- og parkeringsinntekter er p\u00e5 om lag kr 2,8 mill. I leigeinntektene ligg og husleige fr\u00e5 Maritimt museum.<\/p>\n<p><strong>D\u00f8gnsats for gjesteb\u00e5tar <\/strong>i perioden er kr 250 pr. d\u00f8ger for b\u00e5tar <em><u>under 40 fot<\/u><\/em> og kr 350 for b\u00e5tar <em><u>over 40 fot<\/u><\/em>. Dette inkluderer fri bruk av vatn, straum, dusj, toalett, vaskemaskin og t\u00f8rketrommel i sumarsesongen.<\/p>\n<p>Sum driftsinntekter 2017 er budsjettert med ca. kr 9,6 mill. Dette litt meir enn 2016, med grunnlag i om lag same trafikkmengde og justert for ein st\u00f8rre kontrakt Stordbase har inng\u00e5tt om mottak og lagring av r\u00f8yr ved Stord Hamn Eld\u00f8yane.<\/p>\n<p><strong>Personalkostnader <\/strong>er budsjettert med utgangspunkt i 3,24 faste stillingar:<\/p>\n<ul>\n<li>Hamnesjef 100\u00a0prosent<\/li>\n<li>Hamneinspekt\u00f8r 100 prosent<\/li>\n<li>Sakshandsamar\/nestleiar 100\u00a0prosent<\/li>\n<li>Reinhald 24\u00a0prosent.<\/li>\n<\/ul>\n<p>L\u00f8n- og sosiale kostnader er budsjettert med kr 4,5 mill. i 2017. Det vert i sumarsesongen leigd inn ekstra hjelp.<\/p>\n<p><strong>Andre driftsutgifter<\/strong>, som best\u00e5r av m.a. straumutgifter, eigedomsavgift, husleige, vedlikehald, konsulenttenester etc. er budsjettert med kr 3,25 mill. <a name=\"_Toc277330768\"><\/a>Totale driftsutgifter for 2017 er budsjettert med kr 7,75.<\/p>\n<p><strong>L\u00e5negjelda<\/strong> vil ved utgangen av 2016 vera p\u00e5 ca. kr 13,9 mill.:<\/p>\n<table>\n<tbody width=\"600\">\n<tr>\n<td width=\"232\">L\u00e5negjeld<\/td>\n<td width=\"232\">Sum<\/td>\n<\/tr>\n<tr>\n<td width=\"232\">Sm\u00e5b\u00e5thamna<\/td>\n<td width=\"232\">2,3 mill. kr<\/td>\n<\/tr>\n<tr>\n<td width=\"232\">Molo Huglo<\/td>\n<td width=\"232\">4,7 mill. kr<\/td>\n<\/tr>\n<tr>\n<td width=\"232\">Ny kaipir<\/td>\n<td width=\"232\">3,6 mill. kr<\/td>\n<\/tr>\n<tr>\n<td width=\"232\">Utfylling stord hamn, Eld\u00f8yane<\/td>\n<td width=\"232\">2,6 mill. kr<\/td>\n<\/tr>\n<\/tbody>\n<\/table>\n<p>L\u00e5net mot molo p\u00e5 Huglo har kommunestyret vedteke skal finansierast etter sj\u00f8lvkost av Huglo B\u00e5tlag. L\u00e5net er sikra ved factoring pant i driftstilbeh\u00f8r- bryggjer, b\u00e5sar m.v.<\/p>\n<p><strong>Revidering av strategisk plan for Stord hamn<br \/>\n<\/strong>Gjeldande hamneplan for Stord kommune vart vedteken i 1993. Kommuneplanen fr\u00e5 2010 legg opp til at hamneplanen vert revidert. Det er lagt opp til at rullering av hamneplanen skal inng\u00e5 i kommunen sin planstrategi, og i budsjettet er det sett av kr 150\u00a0000 til arbeidet, finansiert ved bruk av disposisjonsfond. Det vil vera naturleg \u00e5 starta planarbeidet n\u00e5r ein har f\u00e5tt ei avklaring p\u00e5 forhandlingane om grunnkj\u00f8p p\u00e5 Eld\u00f8yane og om eit interkommunalt hamnesamarbeid.<\/p>\n","protected":false},"excerpt":{"rendered":"<p>Avgiftene\/vederlag: Ein budsjetterer med noko mindre aktivitet i 2017. Det er ikkje lagt inn prisjustering i 2017.\u00a0 Vidare i \u00f8konomiplanperioden ligg det inne ein prisvekst p\u00e5 2,7 prosent med referanse til kommuneproposisjonen v\u00e5ren 2016. Hus- og arealleiger for 2017 er rekna etter dagens kontraktar. Husleige, areal- og parkeringsinntekter er p\u00e5 om lag kr 2,8 mill.<\/p>\n","protected":false},"author":13,"featured_media":0,"parent":16,"menu_order":1,"comment_status":"closed","ping_status":"closed","template":"","meta":{"footnotes":""},"jetpack_sharing_enabled":true,"_links":{"self":[{"href":"https:\/\/sk-dokument.no\/hamn-budsjettogokonomiplan-2017-2020\/index.php?rest_route=\/wp\/v2\/pages\/18"}],"collection":[{"href":"https:\/\/sk-dokument.no\/hamn-budsjettogokonomiplan-2017-2020\/index.php?rest_route=\/wp\/v2\/pages"}],"about":[{"href":"https:\/\/sk-dokument.no\/hamn-budsjettogokonomiplan-2017-2020\/index.php?rest_route=\/wp\/v2\/types\/page"}],"author":[{"embeddable":true,"href":"https:\/\/sk-dokument.no\/hamn-budsjettogokonomiplan-2017-2020\/index.php?rest_route=\/wp\/v2\/users\/13"}],"replies":[{"embeddable":true,"href":"https:\/\/sk-dokument.no\/hamn-budsjettogokonomiplan-2017-2020\/index.php?rest_route=%2Fwp%2Fv2%2Fcomments&post=18"}],"version-history":[{"count":12,"href":"https:\/\/sk-dokument.no\/hamn-budsjettogokonomiplan-2017-2020\/index.php?rest_route=\/wp\/v2\/pages\/18\/revisions"}],"predecessor-version":[{"id":295,"href":"https:\/\/sk-dokument.no\/hamn-budsjettogokonomiplan-2017-2020\/index.php?rest_route=\/wp\/v2\/pages\/18\/revisions\/295"}],"up":[{"embeddable":true,"href":"https:\/\/sk-dokument.no\/hamn-budsjettogokonomiplan-2017-2020\/index.php?rest_route=\/wp\/v2\/pages\/16"}],"wp:attachment":[{"href":"https:\/\/sk-dokument.no\/hamn-budsjettogokonomiplan-2017-2020\/index.php?rest_route=%2Fwp%2Fv2%2Fmedia&parent=18"}],"curies":[{"name":"wp","href":"https:\/\/api.w.org\/{rel}","templated":true}]}}