{"id":20,"date":"2016-10-05T08:40:03","date_gmt":"2016-10-05T06:40:03","guid":{"rendered":"http:\/\/sk-dokument.no\/hamn-budsjettogokonomiplan-2017-2020\/?page_id=20"},"modified":"2016-10-13T16:12:29","modified_gmt":"2016-10-13T14:12:29","slug":"driftsbudsjett-fordelt-pa-kostnadsberarar","status":"publish","type":"page","link":"https:\/\/sk-dokument.no\/hamn-budsjettogokonomiplan-2017-2020\/?page_id=20","title":{"rendered":"Driftsbudsjett fordelt p\u00e5 kostnadsberarar"},"content":{"rendered":"<p>Hamnebudsjettet fordeler driftsutgiftene p\u00e5 f\u00f8lgjande seks kostnadsberarar:<\/p>\n<p><strong>Farlei<\/strong> skal dekkja hamna sine sj\u00f8areal, innretningar og tiltak som kan letta og tryggja fart\u00f8yet sin ferdsel, som fyrlykter, sj\u00f8merke, innseglingar (utdjuping), moloar, overvaking, oljevern og beredskap. Kostnaden med denne beraren skal dekkjast inn ved anl\u00f8psavgift. Kostnader som direkte gjeld Farlei skal registrerast og f\u00f8rast p\u00e5 denne beraren, medan felleskostnader er fordelt p\u00e5 dei ulike berarane. Det er budsjettert med heimevaktordning.<\/p>\n<p><strong>Kaifront<\/strong> dekkjer kai-konstruksjonar og fort\u00f8yingsinnretningar. Kostnaden ved denne beraren skal dekkjast inn med kaivederlag. Alle kostnader til utstyr, reparasjon og vedlikehald av Kaifront skal f\u00f8rast direkte p\u00e5 denne beraren, medan felleskostnader vert fordelt.<\/p>\n<p><strong>Kaiareal<\/strong> dekkjer omr\u00e5de p\u00e5 land (kaiareal) som vert brukt til lagring, handtering og flytting av varer, samt transittlager. Kostnader ved denne beraren skal dekkjast inn ved varevederlag, godsvognvederlag og arealvederlag. Alle kostnader til utstyr, reparasjon og vedlikehald av Kaiareal skal f\u00f8rast direkte p\u00e5 denne beraren, medan felleskostnader vert fordelt.<\/p>\n<p><strong>Passasjer<\/strong> dekkjer ombord- og landg\u00e5ings-rampar, sikring av gangareal, og innretningar s\u00e6rleg for b\u00e5tpassasjerar. Denne beraren blir dekt inn ved delvis leigeinntekter for venterom med uteareal, samt passasjeravgift ved cruiseanl\u00f8p. Det er inng\u00e5tt leigeavtale med Hordaland Fylkeskommune om leige av terminal og uteareal.<\/p>\n<p><strong>Eigedomsdrift<\/strong> dekkjer hamnebygget og andre utleigebygg. Kostnaden ved denne beraren skal dekkjast av husleiga. Alle kostnader til utstyr, reparasjon og vedlikehald av utleigebygg skal f\u00f8rast direkte p\u00e5 denne beraren, mens felleskostnader vert fordelte. Leige for Maritimt museum inng\u00e5r og i denne b\u00e6raren.<\/p>\n<p><strong>Sm\u00e5b\u00e5thamn<\/strong> dekkjer Leirvik sm\u00e5b\u00e5thamn og gjestebryggja i Evjo og i Sagv\u00e5g. Dessutan andre kostnader\/inntekter som ikkje h\u00f8yrer til annan berar, som renovasjon, sal av vatn og straum, og utleige av hamneb\u00e5ten. Kostnader med denne beraren skal dekkjast inn ved leigeinntekter sm\u00e5b\u00e5thamn, vederlag for gjesteb\u00e5tar, sal av straum og vatn, m.m. Alle kostnader til utstyr, reparasjon og vedlikehald av sm\u00e5b\u00e5thamn skal f\u00f8rast direkte p\u00e5 denne beraren, medan felleskostnader vert fordelte.<\/p>\n<p><strong>Parkeringsavgifta<\/strong> for Stord hamn sine plassar er tilsvarande som kommunen sine satsar.<\/p>\n","protected":false},"excerpt":{"rendered":"<p>Hamnebudsjettet fordeler driftsutgiftene p\u00e5 f\u00f8lgjande seks kostnadsberarar: Farlei skal dekkja hamna sine sj\u00f8areal, innretningar og tiltak som kan letta og tryggja fart\u00f8yet sin ferdsel, som fyrlykter, sj\u00f8merke, innseglingar (utdjuping), moloar, overvaking, oljevern og beredskap. Kostnaden med denne beraren skal dekkjast inn ved anl\u00f8psavgift. Kostnader som direkte gjeld Farlei skal registrerast og f\u00f8rast p\u00e5 denne beraren,<\/p>\n","protected":false},"author":13,"featured_media":0,"parent":16,"menu_order":2,"comment_status":"closed","ping_status":"closed","template":"","meta":{"footnotes":""},"jetpack_sharing_enabled":true,"_links":{"self":[{"href":"https:\/\/sk-dokument.no\/hamn-budsjettogokonomiplan-2017-2020\/index.php?rest_route=\/wp\/v2\/pages\/20"}],"collection":[{"href":"https:\/\/sk-dokument.no\/hamn-budsjettogokonomiplan-2017-2020\/index.php?rest_route=\/wp\/v2\/pages"}],"about":[{"href":"https:\/\/sk-dokument.no\/hamn-budsjettogokonomiplan-2017-2020\/index.php?rest_route=\/wp\/v2\/types\/page"}],"author":[{"embeddable":true,"href":"https:\/\/sk-dokument.no\/hamn-budsjettogokonomiplan-2017-2020\/index.php?rest_route=\/wp\/v2\/users\/13"}],"replies":[{"embeddable":true,"href":"https:\/\/sk-dokument.no\/hamn-budsjettogokonomiplan-2017-2020\/index.php?rest_route=%2Fwp%2Fv2%2Fcomments&post=20"}],"version-history":[{"count":5,"href":"https:\/\/sk-dokument.no\/hamn-budsjettogokonomiplan-2017-2020\/index.php?rest_route=\/wp\/v2\/pages\/20\/revisions"}],"predecessor-version":[{"id":179,"href":"https:\/\/sk-dokument.no\/hamn-budsjettogokonomiplan-2017-2020\/index.php?rest_route=\/wp\/v2\/pages\/20\/revisions\/179"}],"up":[{"embeddable":true,"href":"https:\/\/sk-dokument.no\/hamn-budsjettogokonomiplan-2017-2020\/index.php?rest_route=\/wp\/v2\/pages\/16"}],"wp:attachment":[{"href":"https:\/\/sk-dokument.no\/hamn-budsjettogokonomiplan-2017-2020\/index.php?rest_route=%2Fwp%2Fv2%2Fmedia&parent=20"}],"curies":[{"name":"wp","href":"https:\/\/api.w.org\/{rel}","templated":true}]}}