{"id":24,"date":"2016-10-05T08:40:03","date_gmt":"2016-10-05T06:40:03","guid":{"rendered":"http:\/\/sk-dokument.no\/hamn-budsjettogokonomiplan-2017-2020\/?page_id=24"},"modified":"2016-10-17T10:30:56","modified_gmt":"2016-10-17T08:30:56","slug":"investeringsbudsjett","status":"publish","type":"page","link":"https:\/\/sk-dokument.no\/hamn-budsjettogokonomiplan-2017-2020\/?page_id=24","title":{"rendered":"Investeringsbudsjett"},"content":{"rendered":"<table class=\"large-table\">\n<tbody>\n<tr>\n<td width=\"65\">Investeringar (tal i heile 1000 kr)<\/td>\n<td width=\"65\">Budsjett 2017<\/td>\n<td width=\"65\">Budsjett 2018<\/td>\n<td width=\"65\">Budsjett 2019<\/td>\n<td width=\"65\">Budsjett 2020<\/td>\n<\/tr>\n<tr>\n<td>Revidering av Hamneplan, vidaref\u00f8ring av budsjettmidlar 2016<\/td>\n<td>150<\/td>\n<td>0<\/td>\n<td>0<\/td>\n<td>0<\/td>\n<\/tr>\n<tr>\n<td>Nybygg og nyanlegg kaifront (vidaref\u00f8ring cruise)<\/td>\n<td>100<\/td>\n<td>0<\/td>\n<td>0<\/td>\n<td>0<\/td>\n<\/tr>\n<tr>\n<td>Landstraum Eld\u00f8yane<\/td>\n<td>950<\/td>\n<td>200<\/td>\n<td>0<\/td>\n<td>0<\/td>\n<\/tr>\n<tr>\n<td>Eigenkapitaltilskot til KLP<\/td>\n<td>26<\/td>\n<td>26<\/td>\n<td>26<\/td>\n<td>26<\/td>\n<\/tr>\n<tr class=\"sum-row\">\n<td>Sum investeringar<\/td>\n<td>1\u00a0226<\/td>\n<td>226<\/td>\n<td>26<\/td>\n<td>26<\/td>\n<\/tr>\n<tr>\n<td>Finansiering<\/td>\n<td>1\u00a0226<\/td>\n<td>226<\/td>\n<td>26<\/td>\n<td>26<\/td>\n<\/tr>\n<tr>\n<td>Fond\/overf\u00f8rt fr\u00e5 drift<\/td>\n<td>-250<\/td>\n<td>-200<\/td>\n<td>0<\/td>\n<td>0<\/td>\n<\/tr>\n<tr>\n<td>Bruk av l\u00e5n \/unytta l\u00e5nemiddel<\/td>\n<td>-950<\/td>\n<td>0<\/td>\n<td>0<\/td>\n<td>0<\/td>\n<\/tr>\n<tr>\n<td>Bruk av disposisjonsfond<\/td>\n<td>-26<\/td>\n<td>-26<\/td>\n<td>-26<\/td>\n<td>-26<\/td>\n<\/tr>\n<tr class=\"sum-row\">\n<td>Sum finansiering<\/td>\n<td>-1 226<\/td>\n<td>-226<\/td>\n<td>-26<\/td>\n<td>-26<\/td>\n<\/tr>\n<\/tbody>\n<\/table>\n<p><strong>Kommentarar til dei ulike postane: Nattrutekaien 7-11, forstudie\/forskotering<br \/>\n<\/strong>Det vert ikkje vidaref\u00f8rt ubrukte midlar for prosjekt 4126 NRK i 2017. Viser til vedtak i komit\u00e9 for n\u00e6ring, milj\u00f8 og kultur av 18\/16 og Kommunestyret 29\/16.<\/p>\n<p><strong>Gjestehamna i Evjo<br \/>\n<\/strong>Det vert i 2017 ikkje avsett, vidaref\u00f8rt eller tilf\u00f8rt nye midlar gjeldande serviceanlegget i Evjo. Dette p\u00e5 grunn av usikkerhet gjeldande sal av areal kalla \u00abEvjestrand\u00bb som grip vesentlig inn i drifta av gjestehamna.<\/p>\n<p><strong>Sagv\u00e5g Gjestehamn<br \/>\n<\/strong>Det vert ikkje avsett, vidaref\u00f8rt eller tilf\u00f8rt nye midlar gjeldande Sagv\u00e5g Gjestehamn. Det er no tilstrekkeleg med straumuttak til gjestehamna. Hamnestellet vil vidaref\u00f8ra avtalen som er inng\u00e5tt med Claus Arvid Alm\u00e5s om drift av gjestehamna.<\/p>\n<p><strong>ISPS terminal Leirvik Hamn \u2013 vidaref\u00f8ring av budsjettsum 2016<br \/>\n<\/strong>Utlegging av b\u00f8ye for fort\u00f8ying av cruisefarty i 2017 \u2013 dette er vidaref\u00f8ring av avsatte midlar 2016.<\/p>\n<p><strong>Ny Hamneb\u00e5t<br \/>\n<\/strong>Hamnestellet har oppgradert og sytt for ytterlegare ombygging og vedlikehald av gamle hamneb\u00e5ten \u00abBl\u00e5kraft\u00bb. Det vert difor ikkje avsett, vidaref\u00f8rt eller tilf\u00f8rt nye midlar gjeldande sal av gamal og kj\u00f8p av ny hamneb\u00e5t.<\/p>\n<p><strong>Kj\u00f8p hamneareal p\u00e5 Eld\u00f8yane<br \/>\n<\/strong>Det er etter vedtak i komit\u00e9 for n\u00e6ring, milj\u00f8 og kultur inng\u00e5tt forhandlingar med Eld\u00f8yane n\u00e6ringspark AS om kj\u00f8p av areal p\u00e5 Eld\u00f8yane. Dette vil bli ei stor investering. Ein legg opp til \u00e5 revidera budsjettet ved semje om m2 pris og overtakingstidspunkt.<\/p>\n<p><strong>Revidering hamneplan<br \/>\n<\/strong>Prosjektet vidaref\u00f8rast med dei avsette midlane, kr. 150 tusen fr\u00e5 2016. Revidering av hamneplan vil skje i samband med kj\u00f8p av areal p\u00e5 Eld\u00f8yane.<\/p>\n<p><strong>Landstraum Eld\u00f8yane<br \/>\n<\/strong>Ved \u00e5 nytta seg av synergieffektar ved framf\u00f8ring av straum til nybygg og bygging av ny trafo ser hamnestellet at ein vil kunna f\u00e5 fortgong\u00a0 i tilbodet om landstraum til fart\u00f8y ved kai samt tilf\u00f8rsel av straum til prosjektet gjeldande bygging av vindm\u00f8ller p\u00e5 Eld\u00f8yane. Dette er investeringar som kan gjerast fritt utan kj\u00f8p av ytterlegare areal, og som er tr\u00e5d med Stord Kommune, Kystverket og regjeringa sine intensjonar og gr\u00f8ne linje.<\/p>\n<table class=\"large-table\">\n<tbody>\n<tr>\n<td width=\"65\">\u00a0\u00d8konomisk oversikt investering<\/td>\n<td width=\"65\">Rekneskap 2015<\/td>\n<td width=\"65\">Budsjett 2016<\/td>\n<td width=\"65\">Budsjett 2017<\/td>\n<td width=\"65\">Budsjett 2018<\/td>\n<td width=\"65\">Budsjett 2019<\/td>\n<td width=\"65\">Budsjett 2020<\/td>\n<\/tr>\n<tr>\n<td><\/td>\n<td><\/td>\n<td><\/td>\n<td><\/td>\n<td><\/td>\n<td><\/td>\n<td><\/td>\n<\/tr>\n<tr>\n<td>Sal av driftsmidlar og fast eigedom<\/td>\n<td>-400<\/td>\n<td>0<\/td>\n<td>0<\/td>\n<td>0<\/td>\n<td>0<\/td>\n<td>0<\/td>\n<\/tr>\n<tr>\n<td>Andre salsinntekter<\/td>\n<td>0<\/td>\n<td>0<\/td>\n<td>0<\/td>\n<td>0<\/td>\n<td>0<\/td>\n<td>0<\/td>\n<\/tr>\n<tr>\n<td>Overf\u00f8ringar med krav til motyting<\/td>\n<td>0<\/td>\n<td>0<\/td>\n<td>0<\/td>\n<td>0<\/td>\n<td>0<\/td>\n<td>0<\/td>\n<\/tr>\n<tr>\n<td>Kompensasjon for meirverdiavgift<\/td>\n<td>0<\/td>\n<td>0<\/td>\n<td>0<\/td>\n<td>0<\/td>\n<td>0<\/td>\n<td>0<\/td>\n<\/tr>\n<tr>\n<td>Statlige overf\u00f8ringar<\/td>\n<td>0<\/td>\n<td>0<\/td>\n<td>0<\/td>\n<td>0<\/td>\n<td>0<\/td>\n<td>0<\/td>\n<\/tr>\n<tr>\n<td>Andre overf\u00f8ringar<\/td>\n<td>0<\/td>\n<td>0<\/td>\n<td>0<\/td>\n<td>0<\/td>\n<td>0<\/td>\n<td>0<\/td>\n<\/tr>\n<tr>\n<td>Renteinntekter, utbytte og eigaruttak<\/td>\n<td>0<\/td>\n<td>0<\/td>\n<td>0<\/td>\n<td>0<\/td>\n<td>0<\/td>\n<td>0<\/td>\n<\/tr>\n<tr class=\"sum-row\">\n<td>SUM INNTEKTER (L)<\/td>\n<td>-400<\/td>\n<td>0<\/td>\n<td>0<\/td>\n<td>0<\/td>\n<td>0<\/td>\n<td>0<\/td>\n<\/tr>\n<tr>\n<td>L\u00f8nsutgifter<\/td>\n<td>0<\/td>\n<td>0<\/td>\n<td>0<\/td>\n<td>0<\/td>\n<td>0<\/td>\n<td>0<\/td>\n<\/tr>\n<tr>\n<td>Sosiale utgifter<\/td>\n<td>0<\/td>\n<td>0<\/td>\n<td>0<\/td>\n<td>0<\/td>\n<td>0<\/td>\n<td>0<\/td>\n<\/tr>\n<tr>\n<td>Varer og tenester som inng\u00e5r i kommunal tenesteproduksjon<\/td>\n<td>657<\/td>\n<td>930<\/td>\n<td>1 200<\/td>\n<td>200<\/td>\n<td>0<\/td>\n<td>0<\/td>\n<\/tr>\n<tr>\n<td>Kj\u00f8p av tenester som erstattar kommunal tenesteproduksjon<\/td>\n<td>0<\/td>\n<td>0<\/td>\n<td>0<\/td>\n<td>0<\/td>\n<td>0<\/td>\n<td>0<\/td>\n<\/tr>\n<tr>\n<td>Overf\u00f8ringar<\/td>\n<td>0<\/td>\n<td>0<\/td>\n<td>0<\/td>\n<td>0<\/td>\n<td>0<\/td>\n<td>0<\/td>\n<\/tr>\n<tr>\n<td>Renteutg, provisjonar og andre finansutg.<\/td>\n<td>0<\/td>\n<td>0<\/td>\n<td>0<\/td>\n<td>0<\/td>\n<td>0<\/td>\n<td>0<\/td>\n<\/tr>\n<tr>\n<td>Fordelte utgifter<\/td>\n<td>0<\/td>\n<td>0<\/td>\n<td>0<\/td>\n<td>0<\/td>\n<td>0<\/td>\n<td>0<\/td>\n<\/tr>\n<tr class=\"sum-row\">\n<td>SUM UTGIFTER (M)<\/td>\n<td>657<\/td>\n<td>930<\/td>\n<td>1 200<\/td>\n<td>200<\/td>\n<td>0<\/td>\n<td>0<\/td>\n<\/tr>\n<tr>\n<td>Avdragsutgifter<\/td>\n<td>0<\/td>\n<td>0<\/td>\n<td>0<\/td>\n<td>0<\/td>\n<td>0<\/td>\n<td>0<\/td>\n<\/tr>\n<tr>\n<td>Utl\u00e5n<\/td>\n<td>0<\/td>\n<td>0<\/td>\n<td>0<\/td>\n<td>0<\/td>\n<td>0<\/td>\n<td>0<\/td>\n<\/tr>\n<tr>\n<td>Kj\u00f8p av aksjar og andelar<\/td>\n<td>21<\/td>\n<td>0<\/td>\n<td>26<\/td>\n<td>26<\/td>\n<td>26<\/td>\n<td>26<\/td>\n<\/tr>\n<tr>\n<td>Dekning tidlegere \u00e5rs udekka<\/td>\n<td>0<\/td>\n<td>0<\/td>\n<td>0<\/td>\n<td>0<\/td>\n<td>0<\/td>\n<td>0<\/td>\n<\/tr>\n<tr>\n<td>Avsetning til ubundne investeringsfond<\/td>\n<td>0<\/td>\n<td>0<\/td>\n<td>0<\/td>\n<td>0<\/td>\n<td>0<\/td>\n<td>0<\/td>\n<\/tr>\n<tr>\n<td>Avsetningar til bundne fond<\/td>\n<td>0<\/td>\n<td>0<\/td>\n<td>0<\/td>\n<td>0<\/td>\n<td>0<\/td>\n<td>0<\/td>\n<\/tr>\n<tr>\n<td>Avsetningar til likviditetsreserve<\/td>\n<td>0<\/td>\n<td>0<\/td>\n<td>0<\/td>\n<td>0<\/td>\n<td>0<\/td>\n<td>0<\/td>\n<\/tr>\n<tr class=\"sum-row\">\n<td>SUM FINANSTRANSAKSJONER (N)<\/td>\n<td>21<\/td>\n<td>0<\/td>\n<td>26<\/td>\n<td>26<\/td>\n<td>26<\/td>\n<td>26<\/td>\n<\/tr>\n<tr class=\"sum-row\">\n<td>FINANSIERINGSBEHOV (O = M+N-L)<\/td>\n<td>278<\/td>\n<td>930<\/td>\n<td>1 226<\/td>\n<td>226<\/td>\n<td>26<\/td>\n<td>26<\/td>\n<\/tr>\n<tr>\n<td>Bruk av l\u00e5n<\/td>\n<td>0<\/td>\n<td>0<\/td>\n<td>-950<\/td>\n<td>0<\/td>\n<td>0<\/td>\n<td>0<\/td>\n<\/tr>\n<tr>\n<td>Sal av aksjar og andelar<\/td>\n<td>0<\/td>\n<td>0<\/td>\n<td>0<\/td>\n<td>0<\/td>\n<td>0<\/td>\n<td>0<\/td>\n<\/tr>\n<tr>\n<td>Mottatte avdrag p\u00e5 utl\u00e5n<\/td>\n<td>0<\/td>\n<td>0<\/td>\n<td>0<\/td>\n<td>0<\/td>\n<td>0<\/td>\n<td>0<\/td>\n<\/tr>\n<tr>\n<td>Overf\u00f8ringar fr\u00e5 driftsregnskapet<\/td>\n<td>0<\/td>\n<td>-930<\/td>\n<td>-250<\/td>\n<td>-200<\/td>\n<td>0<\/td>\n<td>0<\/td>\n<\/tr>\n<tr>\n<td>Bruk av tidlegere \u00e5rs overskot<\/td>\n<td>0<\/td>\n<td>0<\/td>\n<td>0<\/td>\n<td>0<\/td>\n<td>0<\/td>\n<td>0<\/td>\n<\/tr>\n<tr>\n<td>Bruk av disposisjonsfond<\/td>\n<td>-278<\/td>\n<td>0<\/td>\n<td>-26<\/td>\n<td>-26<\/td>\n<td>-26<\/td>\n<td>-26<\/td>\n<\/tr>\n<tr>\n<td>Bruk av bundne driftsfond<\/td>\n<td>0<\/td>\n<td>0<\/td>\n<td>0<\/td>\n<td>0<\/td>\n<td>0<\/td>\n<td>0<\/td>\n<\/tr>\n<tr>\n<td>Bruk av ubundne investeringsfond<\/td>\n<td>0<\/td>\n<td>0<\/td>\n<td>0<\/td>\n<td>0<\/td>\n<td>0<\/td>\n<td>0<\/td>\n<\/tr>\n<tr>\n<td>Bruk av bundne investeringsfond<\/td>\n<td>0<\/td>\n<td>0<\/td>\n<td>0<\/td>\n<td>0<\/td>\n<td>0<\/td>\n<td>0<\/td>\n<\/tr>\n<tr class=\"sum-row\">\n<td>SUM FINANSIERING (R)<\/td>\n<td>-278<\/td>\n<td>-930<\/td>\n<td>-1 226<\/td>\n<td>-226<\/td>\n<td>-26<\/td>\n<td>-26<\/td>\n<\/tr>\n<tr class=\"sum-row\">\n<td>UDEKKET\/UDISPONERT (S = O-R)<\/td>\n<td>0<\/td>\n<td>0<\/td>\n<td>0<\/td>\n<td>0<\/td>\n<td>0<\/td>\n<td>0<\/td>\n<\/tr>\n<\/tbody>\n<\/table>\n<p>&nbsp;<\/p>\n","protected":false},"excerpt":{"rendered":"<p>Investeringar (tal i heile 1000 kr) Budsjett 2017 Budsjett 2018 Budsjett 2019 Budsjett 2020 Revidering av Hamneplan, vidaref\u00f8ring av budsjettmidlar 2016 150 0 0 0 Nybygg og nyanlegg kaifront (vidaref\u00f8ring cruise) 100 0 0 0 Landstraum Eld\u00f8yane 950 200 0 0 Eigenkapitaltilskot til KLP 26 26 26 26 Sum investeringar 1\u00a0226 226 26 26 Finansiering<\/p>\n","protected":false},"author":13,"featured_media":0,"parent":16,"menu_order":4,"comment_status":"closed","ping_status":"closed","template":"","meta":{"footnotes":""},"jetpack_sharing_enabled":true,"_links":{"self":[{"href":"https:\/\/sk-dokument.no\/hamn-budsjettogokonomiplan-2017-2020\/index.php?rest_route=\/wp\/v2\/pages\/24"}],"collection":[{"href":"https:\/\/sk-dokument.no\/hamn-budsjettogokonomiplan-2017-2020\/index.php?rest_route=\/wp\/v2\/pages"}],"about":[{"href":"https:\/\/sk-dokument.no\/hamn-budsjettogokonomiplan-2017-2020\/index.php?rest_route=\/wp\/v2\/types\/page"}],"author":[{"embeddable":true,"href":"https:\/\/sk-dokument.no\/hamn-budsjettogokonomiplan-2017-2020\/index.php?rest_route=\/wp\/v2\/users\/13"}],"replies":[{"embeddable":true,"href":"https:\/\/sk-dokument.no\/hamn-budsjettogokonomiplan-2017-2020\/index.php?rest_route=%2Fwp%2Fv2%2Fcomments&post=24"}],"version-history":[{"count":15,"href":"https:\/\/sk-dokument.no\/hamn-budsjettogokonomiplan-2017-2020\/index.php?rest_route=\/wp\/v2\/pages\/24\/revisions"}],"predecessor-version":[{"id":287,"href":"https:\/\/sk-dokument.no\/hamn-budsjettogokonomiplan-2017-2020\/index.php?rest_route=\/wp\/v2\/pages\/24\/revisions\/287"}],"up":[{"embeddable":true,"href":"https:\/\/sk-dokument.no\/hamn-budsjettogokonomiplan-2017-2020\/index.php?rest_route=\/wp\/v2\/pages\/16"}],"wp:attachment":[{"href":"https:\/\/sk-dokument.no\/hamn-budsjettogokonomiplan-2017-2020\/index.php?rest_route=%2Fwp%2Fv2%2Fmedia&parent=24"}],"curies":[{"name":"wp","href":"https:\/\/api.w.org\/{rel}","templated":true}]}}