{"id":28,"date":"2016-10-05T08:40:03","date_gmt":"2016-10-05T06:40:03","guid":{"rendered":"http:\/\/sk-dokument.no\/hamn-budsjettogokonomiplan-2017-2020\/?page_id=28"},"modified":"2016-10-18T11:14:11","modified_gmt":"2016-10-18T09:14:11","slug":"anlopsavgift","status":"publish","type":"page","link":"https:\/\/sk-dokument.no\/hamn-budsjettogokonomiplan-2017-2020\/?page_id=28","title":{"rendered":"Anl\u00f8psavgift"},"content":{"rendered":"<p>Farty som anl\u00f8per Stord hamnedistrikt skal betala avgift etter f\u00f8lgjande satsar og reglar:<\/p>\n<ol>\n<li>\n<table>\n<tbody>\n<tr>\n<td colspan=\"2\">Satsar<\/td>\n<\/tr>\n<tr>\n<td width=\"168\">For dei f\u00f8rste 300 BT<\/td>\n<td width=\"83\">kr 0,64 &raquo; BT<\/td>\n<\/tr>\n<tr>\n<td width=\"168\">For dei neste  300 BT<\/td>\n<td width=\"83\">&raquo; 0,40 &raquo; BT<\/td>\n<\/tr>\n<tr>\n<td width=\"168\">For dei neste  600 BT<\/td>\n<td width=\"83\">&raquo; 0,25 &raquo; BT<\/td>\n<\/tr>\n<tr>\n<td width=\"168\">For dei neste  800 BT<\/td>\n<td width=\"83\">&raquo; 0,24 &raquo; BT<\/td>\n<\/tr>\n<tr>\n<td width=\"168\">For dei neste 1000 BT<\/td>\n<td width=\"83\">&raquo; 0,23 &raquo; BT<\/td>\n<\/tr>\n<tr>\n<td width=\"168\">For dei neste 2000 BT<\/td>\n<td width=\"83\">&raquo; 0,17 &raquo; BT<\/td>\n<\/tr>\n<tr>\n<td width=\"168\">For BT over 5000 BT<\/td>\n<td width=\"83\">&raquo; 0,17 &raquo; BT<\/td>\n<\/tr>\n<\/tbody>\n<\/table>\n<p>Minstesats for anl\u00f8psavgift er kr 195. Anl\u00f8psavgifta vert runda av til n\u00e6raste heile krone.<\/li>\n<li><em>Avgifta vert \u00e5 betala ein gong for ankomst og avgang til saman<\/em>. Dersom eit farty anl\u00f8per hamna fleire gonger i l\u00f8pet av same d\u00f8ger skal det berre betalast avgift for det f\u00f8rste anl\u00f8pet.<\/li>\n<li>Farty som anl\u00f8per hamna ofte (fleire enn 15 anl\u00f8p pr. m\u00e5nad), skal betala m\u00e5nadsavgift som er 15 gongar anl\u00f8psavgifta etter pkt. 1.<\/li>\n<li>Ved s\u00e6rskilde tilh\u00f8ve kan avgifta fastsetjast etter avtale.<\/li>\n<li>Fritekne for anl\u00f8psavgift er farty som:\n<ol>\n<li>Passerer avgiftsomr\u00e5det utan \u00e5 anl\u00f8pe.<\/li>\n<li>Anl\u00f8per hamna p\u00e5 grunn av skade eller naudtilstand n\u00e5r opphaldet ikkje varer over 1 d\u00f8gn og fartyet her ikkje lastar eller lossar eller tar ombord det som skipet treng (skipsn\u00f8dvende) eller passasjerar.<\/li>\n<li>c) Norske og utanlandske orlogsfarty. Veteranfarty er ikkje unnateke avgifter jfr. Hamnelova.<\/li>\n<\/ol>\n<\/li>\n<\/ol>\n","protected":false},"excerpt":{"rendered":"<p>Farty som anl\u00f8per Stord hamnedistrikt skal betala avgift etter f\u00f8lgjande satsar og reglar: Satsar For dei f\u00f8rste 300 BT kr 0,64 &raquo; BT For dei neste 300 BT &raquo; 0,40 &raquo; BT For dei neste 600 BT &raquo; 0,25 &raquo; BT For dei neste 800 BT &raquo; 0,24 &raquo; BT For dei neste 1000 BT<\/p>\n","protected":false},"author":13,"featured_media":0,"parent":26,"menu_order":1,"comment_status":"closed","ping_status":"closed","template":"","meta":{"footnotes":""},"jetpack_sharing_enabled":true,"_links":{"self":[{"href":"https:\/\/sk-dokument.no\/hamn-budsjettogokonomiplan-2017-2020\/index.php?rest_route=\/wp\/v2\/pages\/28"}],"collection":[{"href":"https:\/\/sk-dokument.no\/hamn-budsjettogokonomiplan-2017-2020\/index.php?rest_route=\/wp\/v2\/pages"}],"about":[{"href":"https:\/\/sk-dokument.no\/hamn-budsjettogokonomiplan-2017-2020\/index.php?rest_route=\/wp\/v2\/types\/page"}],"author":[{"embeddable":true,"href":"https:\/\/sk-dokument.no\/hamn-budsjettogokonomiplan-2017-2020\/index.php?rest_route=\/wp\/v2\/users\/13"}],"replies":[{"embeddable":true,"href":"https:\/\/sk-dokument.no\/hamn-budsjettogokonomiplan-2017-2020\/index.php?rest_route=%2Fwp%2Fv2%2Fcomments&post=28"}],"version-history":[{"count":13,"href":"https:\/\/sk-dokument.no\/hamn-budsjettogokonomiplan-2017-2020\/index.php?rest_route=\/wp\/v2\/pages\/28\/revisions"}],"predecessor-version":[{"id":302,"href":"https:\/\/sk-dokument.no\/hamn-budsjettogokonomiplan-2017-2020\/index.php?rest_route=\/wp\/v2\/pages\/28\/revisions\/302"}],"up":[{"embeddable":true,"href":"https:\/\/sk-dokument.no\/hamn-budsjettogokonomiplan-2017-2020\/index.php?rest_route=\/wp\/v2\/pages\/26"}],"wp:attachment":[{"href":"https:\/\/sk-dokument.no\/hamn-budsjettogokonomiplan-2017-2020\/index.php?rest_route=%2Fwp%2Fv2%2Fmedia&parent=28"}],"curies":[{"name":"wp","href":"https:\/\/api.w.org\/{rel}","templated":true}]}}