{"id":30,"date":"2016-10-05T08:40:03","date_gmt":"2016-10-05T06:40:03","guid":{"rendered":"http:\/\/sk-dokument.no\/hamn-budsjettogokonomiplan-2017-2020\/?page_id=30"},"modified":"2016-10-14T15:22:14","modified_gmt":"2016-10-14T13:22:14","slug":"kaivederlag","status":"publish","type":"page","link":"https:\/\/sk-dokument.no\/hamn-budsjettogokonomiplan-2017-2020\/?page_id=30","title":{"rendered":"Kaivederlag"},"content":{"rendered":"<p>Hamneavgifter i samsvar med lov om hamner og farvatn m.m. av 17 april. 2009 nr. 19. trer i kraft fr\u00e5 1. januar 2010. Farty som anl\u00f8per offentleg kai i Stord hamnedistrikt skal betala kaivederlag etter f\u00f8lgjande satsar:<\/p>\n<ol>\n<li>\n<table>\n<tbody>\n<tr>\n<td width=\"261\">For dei f\u00f8rste 300 BT<\/td>\n<td width=\"261\">kr 0,67 pr.BT<\/td>\n<\/tr>\n<tr>\n<td width=\"261\">For dei neste\u00a0 300 BT<\/td>\n<td width=\"261\">kr 0,61 pr.BT<\/td>\n<\/tr>\n<tr>\n<td width=\"261\">For dei neste 600 BT<\/td>\n<td width=\"261\">kr 0,52 pr.BT<\/td>\n<\/tr>\n<tr>\n<td width=\"261\">For dei neste 800 BT<\/td>\n<td width=\"261\">kr 0,50 pr.BT<\/td>\n<\/tr>\n<tr>\n<td width=\"261\">For dei neste 1000 BT<\/td>\n<td width=\"261\">kr 0,45 pr.BT<\/td>\n<\/tr>\n<tr>\n<td width=\"261\">For dei neste 2000 BT<\/td>\n<td width=\"261\">kr 0,42 pr.BT<\/td>\n<\/tr>\n<tr>\n<td width=\"261\">For dei neste 5000 BT<\/td>\n<td width=\"261\">kr 0,38 pr.BT<\/td>\n<\/tr>\n<tr>\n<td width=\"261\">Alt over 10000 BT<\/td>\n<td width=\"261\">kr 0,35 pr.BT<\/td>\n<\/tr>\n<\/tbody>\n<\/table>\n<p>Minstesats for kaivederlag er kr 205.<\/p>\n<p>Ved s\u00e6rskilde tilh\u00f8ve kan vederlaget fastsetjast etter avtale.<\/p>\n<p>Bruttotonnasjen (BT) reknast etter konvensjonen om fart\u00f8ym\u00e5ling av 1969 i samsvar med retningslinjer gitt av Fiskeridepartementet, gjeldande fr\u00e5 18.7.94.<\/li>\n<li>Liggetida vert rekna fr\u00e5 fartyet fort\u00f8yer til det kastar loss. Del av d\u00f8gn p\u00e5 6 timar eller mindre reknast for \u00bd d\u00f8gn. Det skal alltid betalast kaivederlag for minst eit d\u00f8gn.<\/li>\n<li>Dersom eit farty anl\u00f8per offentleg kai fleire gonger i l\u00f8pet av same d\u00f8gn, skal det berre betalast vederlag for dei to f\u00f8rste anl\u00f8pene i d\u00f8gnet. Fritak eller reduksjon i kaivederlag skal avtalast skriftleg med Stord Hamnestell. Leige av kaiareal under reperasjon eller ombygging av fart\u00f8y har ein d\u00f8gnsats p\u00e5 kr. 3.500,00.<\/li>\n<li>Fart\u00f8y eller andre flytande innretningar som driv virke og arbeide i Stord Kommune sine sj\u00f8omr\u00e5der skal svara avgift og vederlag til hamnestellet. Ved anl\u00f8p skal det svarast anl\u00f8psavgift og 30 % kaivederlag pr. dag fr\u00e5 1. virkedag.<\/li>\n<li>Sj\u00f8fly som legg til ved flybrygga i Leirvik hamn betalar kr 255 pr. anl\u00f8p. Helikopter som landar p\u00e5 Stord hamnestell sitt landomr\u00e5de skal betale same sats som sj\u00f8fly.<\/li>\n<li>Fritidsb\u00e5tar som nyttar gjestebryggja eller andre offentlege kaiar, skal betala kr 250 for kvart d\u00f8gn opp til 40 fot og kr 350 for b\u00e5tar over 40 fot. Prisen inkluderer gratis bruk av straum, vatn og serviceanlegget i sumarsesongen. Sesongen er gjeldande fr\u00e5 15. juni til 15. august i Evjestrand (toalett, dusj, vaskemaskin og t\u00f8rketrommel). Det er anledning til \u00e5 be hamnestellet opna serviceanlegget dersom det er fleire fart\u00f8y i hamn utanom sesongen. Det er anledning til \u00e5 ta kr 50 i ekstravederlag dersom ein g\u00e5r over til manuell innkrevjing. Dersom vederlaget vert fakturert vert det lagt til fakturagebyr p\u00e5 kr. 50. Fritidsb\u00e5tar over 25 BT betaler som vanlege farty (anl\u00f8psavgift og kaivederlag). Det er sett opp ein betalingsautomat ved serviceanlegget og ein p\u00e5 Notahaugskaien som gjesteb\u00e5tar skal bruka.<\/li>\n<li>Fritekne for kaivederlag er norske eller utanlandske orlogsfarty.<\/li>\n<\/ol>\n","protected":false},"excerpt":{"rendered":"<p>Hamneavgifter i samsvar med lov om hamner og farvatn m.m. av 17 april. 2009 nr. 19. trer i kraft fr\u00e5 1. januar 2010. Farty som anl\u00f8per offentleg kai i Stord hamnedistrikt skal betala kaivederlag etter f\u00f8lgjande satsar: For dei f\u00f8rste 300 BT kr 0,67 pr.BT For dei neste\u00a0 300 BT kr 0,61 pr.BT For dei<\/p>\n","protected":false},"author":13,"featured_media":0,"parent":26,"menu_order":2,"comment_status":"closed","ping_status":"closed","template":"","meta":{"footnotes":""},"jetpack_sharing_enabled":true,"_links":{"self":[{"href":"https:\/\/sk-dokument.no\/hamn-budsjettogokonomiplan-2017-2020\/index.php?rest_route=\/wp\/v2\/pages\/30"}],"collection":[{"href":"https:\/\/sk-dokument.no\/hamn-budsjettogokonomiplan-2017-2020\/index.php?rest_route=\/wp\/v2\/pages"}],"about":[{"href":"https:\/\/sk-dokument.no\/hamn-budsjettogokonomiplan-2017-2020\/index.php?rest_route=\/wp\/v2\/types\/page"}],"author":[{"embeddable":true,"href":"https:\/\/sk-dokument.no\/hamn-budsjettogokonomiplan-2017-2020\/index.php?rest_route=\/wp\/v2\/users\/13"}],"replies":[{"embeddable":true,"href":"https:\/\/sk-dokument.no\/hamn-budsjettogokonomiplan-2017-2020\/index.php?rest_route=%2Fwp%2Fv2%2Fcomments&post=30"}],"version-history":[{"count":7,"href":"https:\/\/sk-dokument.no\/hamn-budsjettogokonomiplan-2017-2020\/index.php?rest_route=\/wp\/v2\/pages\/30\/revisions"}],"predecessor-version":[{"id":279,"href":"https:\/\/sk-dokument.no\/hamn-budsjettogokonomiplan-2017-2020\/index.php?rest_route=\/wp\/v2\/pages\/30\/revisions\/279"}],"up":[{"embeddable":true,"href":"https:\/\/sk-dokument.no\/hamn-budsjettogokonomiplan-2017-2020\/index.php?rest_route=\/wp\/v2\/pages\/26"}],"wp:attachment":[{"href":"https:\/\/sk-dokument.no\/hamn-budsjettogokonomiplan-2017-2020\/index.php?rest_route=%2Fwp%2Fv2%2Fmedia&parent=30"}],"curies":[{"name":"wp","href":"https:\/\/api.w.org\/{rel}","templated":true}]}}