{"id":32,"date":"2016-10-05T08:40:03","date_gmt":"2016-10-05T06:40:03","guid":{"rendered":"http:\/\/sk-dokument.no\/hamn-budsjettogokonomiplan-2017-2020\/?page_id=32"},"modified":"2016-10-18T11:15:18","modified_gmt":"2016-10-18T09:15:18","slug":"trafikkvederlag-varer-som-fores-over-kai","status":"publish","type":"page","link":"https:\/\/sk-dokument.no\/hamn-budsjettogokonomiplan-2017-2020\/?page_id=32","title":{"rendered":"Trafikkvederlag \u2013 varer som f\u00f8res over kai"},"content":{"rendered":"<p>For varer som vert innf\u00f8rt over hamna med skip fr\u00e5 land utanfor E\u00d8S-omr\u00e5det og som vert fortolla, vert utlevert tollfritt eller tollekspedert til godkjent lager for ufortolla varer, skal vareeigar svare trafikkvederlag til hamnekassen etter slike satsar:<\/p>\n<table>\n<tbody>\n<tr>\n<td width=\"65\">KAP.<\/td>\n<td style=\"width: 65px; text-align: left;\" width=\"65\">VARESLAG<\/td>\n<td width=\"65\">AVGIFT KR Pr. TONN<\/td>\n<\/tr>\n<tr>\n<td>1<\/td>\n<td style=\"width: 65px; text-align: left;\">Metall, jern, st\u00e5l<\/td>\n<td>11<\/td>\n<\/tr>\n<tr>\n<td>2<\/td>\n<td style=\"width: 65px; text-align: left;\">T\u00f8mmer<\/td>\n<td>11<\/td>\n<\/tr>\n<tr>\n<td>3<\/td>\n<td style=\"width: 65px; text-align: left;\">Salt<\/td>\n<td>11<\/td>\n<\/tr>\n<tr>\n<td>4<\/td>\n<td style=\"width: 65px; text-align: left;\">Stykk-gods<\/td>\n<td>11<\/td>\n<\/tr>\n<tr>\n<td>5<\/td>\n<td style=\"width: 65px; text-align: left;\">Andre varer<\/td>\n<td>77,8<\/td>\n<\/tr>\n<\/tbody>\n<\/table>\n<p>N\u00e5r det gjeld innkrevjingstolkning og h\u00f8ve til tollpass etc., vil ein visa til forskrift om hamneavgifter, 5.des. 1989, nr. 1220 \u00a7 10. Vederlaget vert kravd inn av hamnestellet etter opplysningar fr\u00e5 ekspedit\u00f8r.<\/p>\n<p>Friteken for trafikkavgift er:<\/p>\n<ol>\n<li>Passasjerbagasje<\/li>\n<li>Postsendingar<\/li>\n<li>Varer som er skjemde og som vert tilintegjort under kontroll av tollvesenet<\/li>\n<li>Skipsn\u00f8dvende som bunkers, proviant og liknande til eige bruk<\/li>\n<li>Varer som vert lossa\/lasta til\/fr\u00e5 same skip. (omstuving)<\/li>\n<li>Norske eksportvarer som vert returnert grunna feil\/mangel ved varene<\/li>\n<\/ol>\n","protected":false},"excerpt":{"rendered":"<p>For varer som vert innf\u00f8rt over hamna med skip fr\u00e5 land utanfor E\u00d8S-omr\u00e5det og som vert fortolla, vert utlevert tollfritt eller tollekspedert til godkjent lager for ufortolla varer, skal vareeigar svare trafikkvederlag til hamnekassen etter slike satsar: KAP. VARESLAG AVGIFT KR Pr. TONN 1 Metall, jern, st\u00e5l 11 2 T\u00f8mmer 11 3 Salt 11 4<\/p>\n","protected":false},"author":13,"featured_media":0,"parent":26,"menu_order":3,"comment_status":"closed","ping_status":"closed","template":"","meta":{"footnotes":""},"jetpack_sharing_enabled":true,"_links":{"self":[{"href":"https:\/\/sk-dokument.no\/hamn-budsjettogokonomiplan-2017-2020\/index.php?rest_route=\/wp\/v2\/pages\/32"}],"collection":[{"href":"https:\/\/sk-dokument.no\/hamn-budsjettogokonomiplan-2017-2020\/index.php?rest_route=\/wp\/v2\/pages"}],"about":[{"href":"https:\/\/sk-dokument.no\/hamn-budsjettogokonomiplan-2017-2020\/index.php?rest_route=\/wp\/v2\/types\/page"}],"author":[{"embeddable":true,"href":"https:\/\/sk-dokument.no\/hamn-budsjettogokonomiplan-2017-2020\/index.php?rest_route=\/wp\/v2\/users\/13"}],"replies":[{"embeddable":true,"href":"https:\/\/sk-dokument.no\/hamn-budsjettogokonomiplan-2017-2020\/index.php?rest_route=%2Fwp%2Fv2%2Fcomments&post=32"}],"version-history":[{"count":6,"href":"https:\/\/sk-dokument.no\/hamn-budsjettogokonomiplan-2017-2020\/index.php?rest_route=\/wp\/v2\/pages\/32\/revisions"}],"predecessor-version":[{"id":303,"href":"https:\/\/sk-dokument.no\/hamn-budsjettogokonomiplan-2017-2020\/index.php?rest_route=\/wp\/v2\/pages\/32\/revisions\/303"}],"up":[{"embeddable":true,"href":"https:\/\/sk-dokument.no\/hamn-budsjettogokonomiplan-2017-2020\/index.php?rest_route=\/wp\/v2\/pages\/26"}],"wp:attachment":[{"href":"https:\/\/sk-dokument.no\/hamn-budsjettogokonomiplan-2017-2020\/index.php?rest_route=%2Fwp%2Fv2%2Fmedia&parent=32"}],"curies":[{"name":"wp","href":"https:\/\/api.w.org\/{rel}","templated":true}]}}