{"id":35,"date":"2016-10-05T08:40:03","date_gmt":"2016-10-05T06:40:03","guid":{"rendered":"http:\/\/sk-dokument.no\/hamn-budsjettogokonomiplan-2017-2020\/?page_id=35"},"modified":"2016-10-18T11:36:42","modified_gmt":"2016-10-18T09:36:42","slug":"varevederlag","status":"publish","type":"page","link":"https:\/\/sk-dokument.no\/hamn-budsjettogokonomiplan-2017-2020\/?page_id=35","title":{"rendered":"Varevederlag"},"content":{"rendered":"<ol>\n<li>Varevederlag skal betalast av varer som vert lasta eller lossa over Stord hamnestell sine kaiar, og etter desse satsane:<br \/>\n<table>\n<tbody>\n<tr>\n<td>Kapittel<\/td>\n<td>Vareslag<\/td>\n<td>Vederlag kr pr tonn<\/td>\n<\/tr>\n<tr>\n<td><strong>100<\/strong><\/td>\n<td>Andre varer<\/td>\n<td>11,30<\/td>\n<\/tr>\n<\/tbody>\n<\/table>\n<p>1 tonn = frakttonn = 2,5 m<sup>3<\/sup><\/p>\n<p><strong>Containerar<\/strong><strong><br \/>\n<\/strong>For <strong>tomme<\/strong> containerar som kun vert <strong>mellomlagra<\/strong> p\u00e5 hamnestellets arealer, skal det betalast varevederlag etter disse satsar:<\/p>\n<table>\n<tbody>\n<tr>\n<td colspan=\"2\">Satsar<\/td>\n<\/tr>\n<tr>\n<td width=\"142\">40 fots container:<\/td>\n<td width=\"379\">kr 130 pr. stk.<\/td>\n<\/tr>\n<tr>\n<td width=\"142\">20 fots container:<\/td>\n<td width=\"379\">kr 65 pr. stk.<\/td>\n<\/tr>\n<tr>\n<td width=\"142\">10 fots container:<\/td>\n<td width=\"379\">kr 35 pr. stk.<\/td>\n<\/tr>\n<\/tbody>\n<\/table>\n<p>Dersom containerar <strong>er lasta eller blir lasta<\/strong> skal det betalast varevederlag for innhaldet i conteinarane. For kj\u00f8rety som vert k\u00f8yrd over Ro-Ro rampe, skal det betalast varevederlag etter desse satsar:<\/p>\n<table>\n<tbody>\n<tr>\n<td colspan=\"2\">Satsar<\/td>\n<\/tr>\n<tr>\n<td width=\"142\">Personbil<\/td>\n<td width=\"379\">kr 225 pr. stk.<\/td>\n<\/tr>\n<tr>\n<td width=\"142\">Campingvogn\/bobil<\/td>\n<td width=\"379\">kr 335 pr. stk.<\/td>\n<\/tr>\n<tr>\n<td width=\"142\">Lastebil\/buss\/semitrailer<\/td>\n<td width=\"379\">kr 446 pr. stk. <strong>(+ avg.last) <\/strong><\/td>\n<\/tr>\n<\/tbody>\n<\/table>\n<p>Brakker \u2013 skal det betalast vareavgift p\u00e5 kr. 335,- pr.stk.<\/li>\n<li>Vederlaget vert rekna etter den av dei to m\u00e5tane som gjev st\u00f8rst vederlag.<\/li>\n<li>Vederlaget vert rekna av kvar enkelt sending. Minstevederlag for ei enkel sending er kr 25,00 men det vert ikkje kravd vederlag for enkeltsendingar innanriks samt eksport som veg mindre enn 50 kg.<\/li>\n<li>1\/3 vederlag skal betalast n\u00e5r varene vert overf\u00f8rt fr\u00e5 eit farty til eit anna, utan \u00e5 passere kai, og eit av fartya ligg ved kai og det andre ligg ved sida av dette.<\/li>\n<li>Varer som kjem til hamna med farty og vert vidaresendt med farty, betalar vederlag ved inng\u00e5ande. For varer som vert vidaresendt til utlandet betalar vederlag ved utg\u00e5ande.<\/li>\n<li>Settefisk (smolt) som fraktast i tankbil til og fr\u00e5 kai betaler kr 170,00 pr. lass.<\/li>\n<\/ol>\n<p>N\u00e5r det gjeld innkrevjingstolkning viser ein til forskrift om hamneavgift, 5.des. 1989 nr. 120 \u00a7 11.<\/p>\n<p>Fritekne for varevederlag er:<\/p>\n<ol>\n<li>Passasjerbagasje<\/li>\n<li>Proviant, bunkers og andre skipsn\u00f8dvende til eige bruk.<\/li>\n<\/ol>\n<p>&nbsp;<\/p>\n","protected":false},"excerpt":{"rendered":"<p>Varevederlag skal betalast av varer som vert lasta eller lossa over Stord hamnestell sine kaiar, og etter desse satsane: Kapittel Vareslag Vederlag kr pr tonn 100 Andre varer 11,30 1 tonn = frakttonn = 2,5 m3 Containerar For tomme containerar som kun vert mellomlagra p\u00e5 hamnestellets arealer, skal det betalast varevederlag etter disse satsar: Satsar<\/p>\n","protected":false},"author":13,"featured_media":0,"parent":26,"menu_order":4,"comment_status":"closed","ping_status":"closed","template":"","meta":{"footnotes":""},"jetpack_sharing_enabled":true,"_links":{"self":[{"href":"https:\/\/sk-dokument.no\/hamn-budsjettogokonomiplan-2017-2020\/index.php?rest_route=\/wp\/v2\/pages\/35"}],"collection":[{"href":"https:\/\/sk-dokument.no\/hamn-budsjettogokonomiplan-2017-2020\/index.php?rest_route=\/wp\/v2\/pages"}],"about":[{"href":"https:\/\/sk-dokument.no\/hamn-budsjettogokonomiplan-2017-2020\/index.php?rest_route=\/wp\/v2\/types\/page"}],"author":[{"embeddable":true,"href":"https:\/\/sk-dokument.no\/hamn-budsjettogokonomiplan-2017-2020\/index.php?rest_route=\/wp\/v2\/users\/13"}],"replies":[{"embeddable":true,"href":"https:\/\/sk-dokument.no\/hamn-budsjettogokonomiplan-2017-2020\/index.php?rest_route=%2Fwp%2Fv2%2Fcomments&post=35"}],"version-history":[{"count":22,"href":"https:\/\/sk-dokument.no\/hamn-budsjettogokonomiplan-2017-2020\/index.php?rest_route=\/wp\/v2\/pages\/35\/revisions"}],"predecessor-version":[{"id":307,"href":"https:\/\/sk-dokument.no\/hamn-budsjettogokonomiplan-2017-2020\/index.php?rest_route=\/wp\/v2\/pages\/35\/revisions\/307"}],"up":[{"embeddable":true,"href":"https:\/\/sk-dokument.no\/hamn-budsjettogokonomiplan-2017-2020\/index.php?rest_route=\/wp\/v2\/pages\/26"}],"wp:attachment":[{"href":"https:\/\/sk-dokument.no\/hamn-budsjettogokonomiplan-2017-2020\/index.php?rest_route=%2Fwp%2Fv2%2Fmedia&parent=35"}],"curies":[{"name":"wp","href":"https:\/\/api.w.org\/{rel}","templated":true}]}}