{"id":37,"date":"2016-10-05T08:40:03","date_gmt":"2016-10-05T06:40:03","guid":{"rendered":"http:\/\/sk-dokument.no\/hamn-budsjettogokonomiplan-2017-2020\/?page_id=37"},"modified":"2016-10-14T11:19:01","modified_gmt":"2016-10-14T09:19:01","slug":"oppkrevjingsreglar-for-varevederlag","status":"publish","type":"page","link":"https:\/\/sk-dokument.no\/hamn-budsjettogokonomiplan-2017-2020\/?page_id=37","title":{"rendered":"Oppkrevjingsreglar for varevederlag"},"content":{"rendered":"<p>Varevederlag vert \u00e5 krevja inn av ekspedit\u00f8ren eller spedit\u00f8ren gir opplysningar inn til Hamnestellet ,som sender rekning til den som eig vara.<\/p>\n<p>Dersom ikkje fart\u00f8yet eller kj\u00f8retyet har ekspedit\u00f8r st\u00e5r Hamnestellet for oppkrevjing av vederlaget.<\/p>\n<p>Dersom hamnestellet krev det, m\u00e5 skipsekspedit\u00f8r, meklar &#8211; eventuelt f\u00f8rar som sj\u00f8lv ekspederer skipet sitt \u2013 levere hamnestellet kopi av manifest eller varefortegnelse med oppg\u00e5ve over m\u00e5l og vekt. Det skal og gjevast opp kven som er mottakar eller avsendar av vara.<\/p>\n<p>Fartyet eller kj\u00f8retyet sin ekspedit\u00f8r er ansvarleg for at korrekt varevederlag vert oppkravd.<\/p>\n<p>Hamnestellet har rett til \u00e5 ta kontroll hos ekspedit\u00f8ren ved stikkpr\u00f8var og kan krevje levert ut naudsynte papir.<\/p>\n<p>For\u00f8vrig gjelder havne- og farvannsloven og alminnelige kontraktsrettslige regler.<\/p>\n<p>Stord Hamnestell og Stord Hamnestell sine brukarar har ei alminnelig og gjensidig plikt til lojalt \u00e5 medverka til at dei plikter og forutsetninger som kan utgreiast fr\u00e5 forretningsvilk\u00e5ra vert overhaldt.<\/p>\n","protected":false},"excerpt":{"rendered":"<p>Varevederlag vert \u00e5 krevja inn av ekspedit\u00f8ren eller spedit\u00f8ren gir opplysningar inn til Hamnestellet ,som sender rekning til den som eig vara. Dersom ikkje fart\u00f8yet eller kj\u00f8retyet har ekspedit\u00f8r st\u00e5r Hamnestellet for oppkrevjing av vederlaget. Dersom hamnestellet krev det, m\u00e5 skipsekspedit\u00f8r, meklar &#8211; eventuelt f\u00f8rar som sj\u00f8lv ekspederer skipet sitt \u2013 levere hamnestellet kopi av<\/p>\n","protected":false},"author":13,"featured_media":0,"parent":26,"menu_order":5,"comment_status":"closed","ping_status":"closed","template":"","meta":{"footnotes":""},"jetpack_sharing_enabled":true,"_links":{"self":[{"href":"https:\/\/sk-dokument.no\/hamn-budsjettogokonomiplan-2017-2020\/index.php?rest_route=\/wp\/v2\/pages\/37"}],"collection":[{"href":"https:\/\/sk-dokument.no\/hamn-budsjettogokonomiplan-2017-2020\/index.php?rest_route=\/wp\/v2\/pages"}],"about":[{"href":"https:\/\/sk-dokument.no\/hamn-budsjettogokonomiplan-2017-2020\/index.php?rest_route=\/wp\/v2\/types\/page"}],"author":[{"embeddable":true,"href":"https:\/\/sk-dokument.no\/hamn-budsjettogokonomiplan-2017-2020\/index.php?rest_route=\/wp\/v2\/users\/13"}],"replies":[{"embeddable":true,"href":"https:\/\/sk-dokument.no\/hamn-budsjettogokonomiplan-2017-2020\/index.php?rest_route=%2Fwp%2Fv2%2Fcomments&post=37"}],"version-history":[{"count":3,"href":"https:\/\/sk-dokument.no\/hamn-budsjettogokonomiplan-2017-2020\/index.php?rest_route=\/wp\/v2\/pages\/37\/revisions"}],"predecessor-version":[{"id":219,"href":"https:\/\/sk-dokument.no\/hamn-budsjettogokonomiplan-2017-2020\/index.php?rest_route=\/wp\/v2\/pages\/37\/revisions\/219"}],"up":[{"embeddable":true,"href":"https:\/\/sk-dokument.no\/hamn-budsjettogokonomiplan-2017-2020\/index.php?rest_route=\/wp\/v2\/pages\/26"}],"wp:attachment":[{"href":"https:\/\/sk-dokument.no\/hamn-budsjettogokonomiplan-2017-2020\/index.php?rest_route=%2Fwp%2Fv2%2Fmedia&parent=37"}],"curies":[{"name":"wp","href":"https:\/\/api.w.org\/{rel}","templated":true}]}}