{"id":4,"date":"2016-10-04T12:56:32","date_gmt":"2016-10-04T10:56:32","guid":{"rendered":"http:\/\/sk-dokument.no\/hamn-budsjettogokonomiplan-2017-2020\/?page_id=4"},"modified":"2016-10-14T13:43:11","modified_gmt":"2016-10-14T11:43:11","slug":"reglement-for-smabathamna-i-leirvik-2017","status":"publish","type":"page","link":"https:\/\/sk-dokument.no\/hamn-budsjettogokonomiplan-2017-2020\/?page_id=4","title":{"rendered":"Reglement for sm\u00e5b\u00e5thamna i Leirvik 2017"},"content":{"rendered":"<p><strong>Omr\u00e5det<br \/>\n<\/strong>Dette reglementet gjeld for bruk\/leige av b\u00e5tplassar i sm\u00e5b\u00e5thamna i Leirvik hamn.<\/p>\n<p><strong>Tildeling av plassar<br \/>\n<\/strong>Personar busett i Stord kommune eller som har fast arbeidsplass innan kommunen har f\u00f8rerett til tildeling av b\u00e5tplass ved hamnestellet sine bryggjer i sm\u00e5b\u00e5thamna.<\/p>\n<p><strong>Overf\u00f8ring av plassar<br \/>\n<\/strong>B\u00e5tplassen er tildelt den enkelte s\u00f8kjar og blir tildelt etter oppgitt lengde og behov for b\u00e5sbreidd, jf. pkt 4. Denne kan ikkje overdra sin b\u00e5tplass til andre. Unntak gjeld for gjenlevande ektefelle og registrert sambuar. Livsarvingar kan overta b\u00e5tplassen etter godkjenning fr\u00e5 hamneadministrasjonen. Der det ikkje er betalt innskot tidlegare for denne plassen m\u00e5 arvingen betala innskot etter gjeldande satsar p\u00e5 overtakingstidspunktet.<\/p>\n<p>Det skal betalast eit behandlingsgebyr for overf\u00f8ring av retten til b\u00e5tplass. Dette gjeld fr\u00e5 1.1.13 og kan justerast \u00e5rleg etter vedtak i budsjett for kommande \u00e5r.<\/p>\n<p>Bortleige av plassen m\u00e5 godkjennast av hamneadministrasjonen.<\/p>\n<p><strong>Bruk av b\u00e5tplassen<br \/>\n<\/strong>B\u00e5tplassen kan nyttast av b\u00e5tar med ein \u00f8vre storleik p\u00e5 30 fot og maks. b\u00e5sbreidd 4,5m.\u00a0 B\u00e5tar over denne storleiken kan inng\u00e5 s\u00e6ravtale med hamnestellet. B\u00e5teigar som skiftar b\u00e5t skal melda fr\u00e5 til hamnestellet om dette i god tid f\u00f8r skiftet. Dersom skiftet f\u00f8rer til ei utviding av b\u00e5tplassen (b\u00e5sbreidd) skal kostnadane med utviding og leiga justerast i h\u00f8ve til storleiken p\u00e5 b\u00e5ten. Hamnestellet kan krevja omplassering av b\u00e5ten n\u00e5r ein finn dette naudsynt eller form\u00e5lstenleg.<\/p>\n<p><strong>Plassering av b\u00e5t<br \/>\n<\/strong>B\u00e5tplass vert tilvist av hamnestellet. Det er ikkje l\u00f8yve til \u00e5 plassera sm\u00e5b\u00e5tar, teiner etc. p\u00e5 brygga ved b\u00e5tplassen. Dersom dette vert gjort, kan hamnestellet fjerna dette p\u00e5 eigars kostnad.<\/p>\n<p><strong>Fort\u00f8ying\/sikring<br \/>\n<\/strong>B\u00e5teigar er ansvarleg for at b\u00e5ten er forsvarleg fort\u00f8ydd. N\u00e5r b\u00e5teigar sj\u00f8lv legg ut ankerfort\u00f8ying m\u00e5 det leggjast tunge anker eller ilar slik at ikkje b\u00e5ten forskyv seg. Anker skal leggjast rett ut fr\u00e5 b\u00e5tplassen slik at b\u00e5tane vert liggjande parallelt. Kvar b\u00e5t skal ha fendrar p\u00e5 kvar side av b\u00e5ten. Fenderane skal vera plasserte og fort\u00f8ydd slik at andre b\u00e5tar eller utriggar ikkje vert p\u00e5f\u00f8rt skade eller ulempe. Ein skal nytta fort\u00f8yingsfj\u00f8rar i gummi knytt til alle festepunkt p\u00e5 b\u00e5ten til bryggje eller utriggar. Sjaklar og feste i b\u00f8yer eller festepunkt kan berre nyttast etter godkjenning fr\u00e5 hamnestellet og desse skal ikkje vera i metall.<\/p>\n<p><strong>Bruk av straum<br \/>\n<\/strong>B\u00e5teigar kan avtala med hamnestellet at ein skal kunne ta ut straum fr\u00e5 uttak p\u00e5 flytebryggje.\u00a0 Straumen skal betalast etter m\u00e5laravlesing og til ei kvar tid gjeldande satsar. Hamnestellet f\u00f8retek m\u00e5laravlesing ein gong i m\u00e5naden. B\u00e5teigar er sj\u00f8lv ansvarleg for forsvarlege straumkablar og skap til b\u00e5t samt avlesing av straumm\u00e5lar ved p\u00e5kopling og fr\u00e5kopling.<\/p>\n<p><strong>Orden i hamna<br \/>\n<\/strong>B\u00e5teigar er ansvarleg for orden og vedlikehald i omr\u00e5det rundt sin b\u00e5t. Det er forbode \u00e5 t\u00f8ma s\u00f8ppel eller pumpa ut olje eller vatn som inneheld olje, i hamneomr\u00e5det. S\u00f8ppel skal kastast i godkjente conteinarar alt etter avfallstype. Spesialavfall skal leverast til godkjent mottak.<\/p>\n<p>Alle ferdsel i hamneomr\u00e5det m\u00e5 skje p\u00e5 ein forsvarleg m\u00e5te. Farten m\u00e5 tilpassast etter tilh\u00f8va og ikkje overstiga 3 knop i indre hamneomr\u00e5de.<\/p>\n<p>Lystfarty og opne b\u00e5tar som er drivne med \u00e5rar, seil eller motor, skal innan hamneomr\u00e5det mest mogeleg halda seg vekke fr\u00e5 st\u00f8rre farty, ruteg\u00e5ande b\u00e5tar og annan nyttetrafikk, jf. sj\u00f8vegsreglane nr. 44.<\/p>\n<p><strong>Ansvar<br \/>\n<\/strong>Alle b\u00e5tar med registreringsplikt skal vera registrert i samsvar med f\u00f8resegner, registrert i leigetakar sitt namn og vera merka. Alle b\u00e5tar skal vera ansvarsforsikra f\u00f8r plass vert tildelt.\u00a0 B\u00e5tar over 20 fot b\u00f8r vera kaskoforsikra. B\u00e5teigar er sj\u00f8lv ansvarleg for oppf\u00f8lging av dette.\u00a0 Hamnemynde kan krevja dokumentasjon p\u00e5 forsikring, manglande forsikring kan gi grunnlag for oppseiing av plassen.<\/p>\n<p>B\u00e5teigar er ansvarleg for skade p\u00e5 bryggjer n\u00e5r desse er ei f\u00f8lgje av b\u00e5teigar sin handlem\u00e5te.<\/p>\n<p>Hamnestellet er ikkje ansvarleg for skade p\u00e5 person, b\u00e5t eller materiell under opptrekkjing, opplagring, oppsetting eller eventuelt anna arbeid som vert utf\u00f8rt i b\u00e5thamna. Hamnestellet er heller ikkje ansvarleg for ting som kjem bort fr\u00e5 b\u00e5thamna. B\u00e5tar og anna materiell vert ikkje forsikra av hamnestellet.<\/p>\n<p><strong>Betaling<br \/>\n<\/strong>For bruk av b\u00e5tplassen skal det svarast ei avgift i samsvar med dei til ei kvar tid gjeldande satsar. Avgifta skal vera betalt til den tid &#8211; og slik det g\u00e5r fram av den tilsendte rekninga.\u00a0 Misleghald av betaling kan f\u00f8ra til tap av b\u00e5tplassen, jf. regelen om misleghald. Den som har f\u00e5tt tildelt b\u00e5tplass pliktar til ei kvar tid \u00e5 gi melding til hamnestellet om adresseendring.<\/p>\n<p><strong>Oppseiing av b\u00e5tplass<br \/>\n<\/strong>B\u00e5tplassen kan seiast opp med 3 m\u00e5naders skriftleg varsel dersom det f\u00f8religg misleghald, jf. pkt.12. Plassen kan og seiast opp dersom kommunen vedtek at omr\u00e5det skal nyttast til andre form\u00e5l.\u00a0 Det er tre m\u00e5naders oppseiingfrist dersom leigetakar seier opp avtalen, rekna fr\u00e5 den 1. i m\u00e5naden.<\/p>\n<p><strong>Misleghald<\/strong><\/p>\n<ul>\n<li>Misleghald av reglane i dette reglementet kan medf\u00f8ra tap av b\u00e5tplass. Som vesentleg misleghald vert rekna<\/li>\n<li>manglande betaling av \u00e5rsavgift og straum<\/li>\n<li>manglande betaling av erstatning for skadar<\/li>\n<li>brot p\u00e5 reglar om fort\u00f8ying, orden og reinhald i hamna<\/li>\n<li>bortleige av b\u00e5tplass til andre utan godkjenning fr\u00e5 hamnestellet<\/li>\n<li>manglande forsikring og merking<\/li>\n<\/ul>\n<p><strong>Tap av b\u00e5tplass ved manglande bruk<br \/>\n<\/strong>Ein b\u00e5tplass som ikkje vert nytta eitt \u00e5r kan krevjast tilbakef\u00f8rt til hamnestellet. Hamnestellet kan vedta \u00e5 seia opp plassen med ein m\u00e5nads varsel etter vedtaket er fatta. Vedtaket kan p\u00e5klagast til hamnemynde. Klage p\u00e5 vedtaket har oppsetjande verknad.<\/p>\n<p>N\u00e5r leigetilh\u00f8vet er avslutta skal b\u00e5ten fjernast fr\u00e5 b\u00e5tplassen. Dersom b\u00e5teigar ikkje fjernar denne kan hamnestellet p\u00e5 b\u00e5teigars rekning fjerna b\u00e5ten\/setja denne p\u00e5 land. Dersom dette gjeld misleghald, manglande betaling m.m., kan hamnestellet krevja utlegg i b\u00e5ten inntil summen er betalt.<\/p>\n<p><strong>Reglar<br \/>\n<\/strong>I tillegg til dette reglementet gjeld og det til ei kvar tid gjeldande reglement for Stord hamnestell s\u00e5 langt dette h\u00f8ver og elles gjeldande reglar for erstatning, ferdsel p\u00e5 sj\u00f8 m.m. B\u00e5teigar pliktar \u00e5 setja seg inn i desse reglane, jf. vedtak om tildeling av b\u00e5tplass.<\/p>\n","protected":false},"excerpt":{"rendered":"<p>Omr\u00e5det Dette reglementet gjeld for bruk\/leige av b\u00e5tplassar i sm\u00e5b\u00e5thamna i Leirvik hamn. Tildeling av plassar Personar busett i Stord kommune eller som har fast arbeidsplass innan kommunen har f\u00f8rerett til tildeling av b\u00e5tplass ved hamnestellet sine bryggjer i sm\u00e5b\u00e5thamna. Overf\u00f8ring av plassar B\u00e5tplassen er tildelt den enkelte s\u00f8kjar og blir tildelt etter oppgitt lengde<\/p>\n","protected":false},"author":13,"featured_media":0,"parent":0,"menu_order":6,"comment_status":"closed","ping_status":"closed","template":"","meta":{"footnotes":""},"jetpack_sharing_enabled":true,"_links":{"self":[{"href":"https:\/\/sk-dokument.no\/hamn-budsjettogokonomiplan-2017-2020\/index.php?rest_route=\/wp\/v2\/pages\/4"}],"collection":[{"href":"https:\/\/sk-dokument.no\/hamn-budsjettogokonomiplan-2017-2020\/index.php?rest_route=\/wp\/v2\/pages"}],"about":[{"href":"https:\/\/sk-dokument.no\/hamn-budsjettogokonomiplan-2017-2020\/index.php?rest_route=\/wp\/v2\/types\/page"}],"author":[{"embeddable":true,"href":"https:\/\/sk-dokument.no\/hamn-budsjettogokonomiplan-2017-2020\/index.php?rest_route=\/wp\/v2\/users\/13"}],"replies":[{"embeddable":true,"href":"https:\/\/sk-dokument.no\/hamn-budsjettogokonomiplan-2017-2020\/index.php?rest_route=%2Fwp%2Fv2%2Fcomments&post=4"}],"version-history":[{"count":9,"href":"https:\/\/sk-dokument.no\/hamn-budsjettogokonomiplan-2017-2020\/index.php?rest_route=\/wp\/v2\/pages\/4\/revisions"}],"predecessor-version":[{"id":263,"href":"https:\/\/sk-dokument.no\/hamn-budsjettogokonomiplan-2017-2020\/index.php?rest_route=\/wp\/v2\/pages\/4\/revisions\/263"}],"wp:attachment":[{"href":"https:\/\/sk-dokument.no\/hamn-budsjettogokonomiplan-2017-2020\/index.php?rest_route=%2Fwp%2Fv2%2Fmedia&parent=4"}],"curies":[{"name":"wp","href":"https:\/\/api.w.org\/{rel}","templated":true}]}}