{"id":41,"date":"2016-10-05T08:40:03","date_gmt":"2016-10-05T06:40:03","guid":{"rendered":"http:\/\/sk-dokument.no\/hamn-budsjettogokonomiplan-2017-2020\/?page_id=41"},"modified":"2016-10-14T11:26:13","modified_gmt":"2016-10-14T09:26:13","slug":"mellombels-varelagring-pa-offentleg-kai","status":"publish","type":"page","link":"https:\/\/sk-dokument.no\/hamn-budsjettogokonomiplan-2017-2020\/?page_id=41","title":{"rendered":"Mellombels varelagring p\u00e5 offentleg kai"},"content":{"rendered":"<p>Dersom varer vert lagra p\u00e5 hamnestellet sine kaiar eller tilst\u00f8ytande omr\u00e5der, skal vederlag til hamnestellet betalast etter f\u00f8lgjande satsar og reglar:<\/p>\n<ol>\n<li>Varer som kjem sj\u00f8verts og som ikkje skal vidaresendast sj\u00f8verts til stadar utanfor Stord hamnedistrikt:\n<ol style=\"list-style-type: upper-alpha;\">\n<li>For dei f\u00f8rste 48 timane : ikkje vederlag<\/li>\n<li>Etter 48 timar:\n<ol>\n<li>P\u00e5 kai eller open plass kr 12,00 pr. m2\/d\u00f8gn<\/li>\n<li>For tyngre varer p\u00e5 open plass kr 8,50 pr. tonn\/d\u00f8gn<\/li>\n<\/ol>\n<\/li>\n<\/ol>\n<\/li>\n<li>Varer som kjem til hamna for vidare sending sj\u00f8verts til stadar utanfor Stord hamnedistrikt:\n<ol style=\"list-style-type: upper-alpha;\">\n<li>Prisar:\n<ol>\n<li>P\u00e5 kai eller open plass kr 8,50 pr. m2\/d\u00f8gn<\/li>\n<li>For tyngre varer p\u00e5 open plass kr 8,50 pr. tonn\/d\u00f8gn<\/li>\n<\/ol>\n<\/li>\n<\/ol>\n<\/li>\n<li>Det ovannemnde vederlag gjeld og for containerar uansett om dei er fulle eller tomme. Dersom containerane vert stua i fleire h\u00f8gder, skal det betalast grunnarealsats 1. h\u00f8gd og 50 prosent av denne for dei \u00f8vrige h\u00f8gder.<\/li>\n<li>Det ovannemnde vederlag gjeld og for tom-emballasje slik som tom-kassar, pallar, sylindrar og all annan emballasje som vert nytta ved transport av varer.<\/li>\n<li>I s\u00e6rskilde tilh\u00f8ve der det er aktuelt \u00e5 lagra varer over lang tid, kan det gjerast avtale om arealleige ved at varemottakar eller ekspedit\u00f8r vender seg til hamnestellet f\u00f8r vara kjem.<\/li>\n<\/ol>\n","protected":false},"excerpt":{"rendered":"<p>Dersom varer vert lagra p\u00e5 hamnestellet sine kaiar eller tilst\u00f8ytande omr\u00e5der, skal vederlag til hamnestellet betalast etter f\u00f8lgjande satsar og reglar: Varer som kjem sj\u00f8verts og som ikkje skal vidaresendast sj\u00f8verts til stadar utanfor Stord hamnedistrikt: For dei f\u00f8rste 48 timane : ikkje vederlag Etter 48 timar: P\u00e5 kai eller open plass kr 12,00 pr.<\/p>\n","protected":false},"author":13,"featured_media":0,"parent":26,"menu_order":7,"comment_status":"closed","ping_status":"closed","template":"","meta":{"footnotes":""},"jetpack_sharing_enabled":true,"_links":{"self":[{"href":"https:\/\/sk-dokument.no\/hamn-budsjettogokonomiplan-2017-2020\/index.php?rest_route=\/wp\/v2\/pages\/41"}],"collection":[{"href":"https:\/\/sk-dokument.no\/hamn-budsjettogokonomiplan-2017-2020\/index.php?rest_route=\/wp\/v2\/pages"}],"about":[{"href":"https:\/\/sk-dokument.no\/hamn-budsjettogokonomiplan-2017-2020\/index.php?rest_route=\/wp\/v2\/types\/page"}],"author":[{"embeddable":true,"href":"https:\/\/sk-dokument.no\/hamn-budsjettogokonomiplan-2017-2020\/index.php?rest_route=\/wp\/v2\/users\/13"}],"replies":[{"embeddable":true,"href":"https:\/\/sk-dokument.no\/hamn-budsjettogokonomiplan-2017-2020\/index.php?rest_route=%2Fwp%2Fv2%2Fcomments&post=41"}],"version-history":[{"count":7,"href":"https:\/\/sk-dokument.no\/hamn-budsjettogokonomiplan-2017-2020\/index.php?rest_route=\/wp\/v2\/pages\/41\/revisions"}],"predecessor-version":[{"id":223,"href":"https:\/\/sk-dokument.no\/hamn-budsjettogokonomiplan-2017-2020\/index.php?rest_route=\/wp\/v2\/pages\/41\/revisions\/223"}],"up":[{"embeddable":true,"href":"https:\/\/sk-dokument.no\/hamn-budsjettogokonomiplan-2017-2020\/index.php?rest_route=\/wp\/v2\/pages\/26"}],"wp:attachment":[{"href":"https:\/\/sk-dokument.no\/hamn-budsjettogokonomiplan-2017-2020\/index.php?rest_route=%2Fwp%2Fv2%2Fmedia&parent=41"}],"curies":[{"name":"wp","href":"https:\/\/api.w.org\/{rel}","templated":true}]}}