{"id":43,"date":"2016-10-05T08:40:03","date_gmt":"2016-10-05T06:40:03","guid":{"rendered":"http:\/\/sk-dokument.no\/hamn-budsjettogokonomiplan-2017-2020\/?page_id=43"},"modified":"2016-10-18T10:41:21","modified_gmt":"2016-10-18T08:41:21","slug":"spesialavtale","status":"publish","type":"page","link":"https:\/\/sk-dokument.no\/hamn-budsjettogokonomiplan-2017-2020\/?page_id=43","title":{"rendered":"Spesialavtale"},"content":{"rendered":"<p>Spesialavtale for boreriggar, boreskip, kranskip og andre konstruksjonar som av tryggleiksomsyn \u2013 i tillegg til dei landfaste fort\u00f8yingar \u2013 krev eit eller fleire anker ut i farvatnet p\u00e5 open rei<\/p>\n<ol>\n<li>N\u00e5r ikkje anna er avtala, skal ovannemnde farty, n\u00e5r dei fort\u00f8yer til offentleg kai, i tillegg til kaiavgift, betala kr 315 pr. d\u00f8gn eller p\u00e5byrja d\u00f8gn for kvart anker som vert plassert i hamnebassenget eller farleia.<\/li>\n<li>N\u00e5r ikkje anna er avtala, skal ovannemnde farty n\u00e5r dei g\u00e5r til verkstadkai eller andre kaiar innan hamnedistriktet som ikkje er offentlege, likeeins betala kr 315 pr. d\u00f8gn for kvart anker som vert plassert i farvatnet.<\/li>\n<li>N\u00e5r ikkje anna er avtala, skal farty av ovannemnde type som ankrar opp med fleire anker ut i farvatnet, og som ved hjelp av spesialfarty m\u00e5 plassere desse ankera i ymse retningar fr\u00e5 moderfartyet, betala kr 315 pr. d\u00f8gn for kvart anker som vert plassert ut i farvatnet.<\/li>\n<li>Utlegging og lagring av kjetting sj\u00f8omr\u00e5da til Stord Kommune sitt hamnedistrikt er kr. 260 pr. d\u00f8gn eller p\u00e5byrja d\u00f8gn pr. kjettinglengde.<\/li>\n<li>Bruk av opplagsplasser innenfor Stord Kommune sitt hamnedistrikt skal avtalast skriftleg mellom kunden og Stord Hamnestell. Vederlag vert fastsatt slik:\n<ul>\n<li>Fart\u00f8y under 100 meter kr. 15.000,- pr. m\u00e5nad<\/li>\n<li>Fart\u00f8y over 100 meter kr. 20.000,- pr. m\u00e5nad<\/li>\n<\/ul>\n<\/li>\n<\/ol>\n","protected":false},"excerpt":{"rendered":"<p>Spesialavtale for boreriggar, boreskip, kranskip og andre konstruksjonar som av tryggleiksomsyn \u2013 i tillegg til dei landfaste fort\u00f8yingar \u2013 krev eit eller fleire anker ut i farvatnet p\u00e5 open rei N\u00e5r ikkje anna er avtala, skal ovannemnde farty, n\u00e5r dei fort\u00f8yer til offentleg kai, i tillegg til kaiavgift, betala kr 315 pr. d\u00f8gn eller p\u00e5byrja<\/p>\n","protected":false},"author":13,"featured_media":0,"parent":26,"menu_order":8,"comment_status":"closed","ping_status":"closed","template":"","meta":{"footnotes":""},"jetpack_sharing_enabled":true,"_links":{"self":[{"href":"https:\/\/sk-dokument.no\/hamn-budsjettogokonomiplan-2017-2020\/index.php?rest_route=\/wp\/v2\/pages\/43"}],"collection":[{"href":"https:\/\/sk-dokument.no\/hamn-budsjettogokonomiplan-2017-2020\/index.php?rest_route=\/wp\/v2\/pages"}],"about":[{"href":"https:\/\/sk-dokument.no\/hamn-budsjettogokonomiplan-2017-2020\/index.php?rest_route=\/wp\/v2\/types\/page"}],"author":[{"embeddable":true,"href":"https:\/\/sk-dokument.no\/hamn-budsjettogokonomiplan-2017-2020\/index.php?rest_route=\/wp\/v2\/users\/13"}],"replies":[{"embeddable":true,"href":"https:\/\/sk-dokument.no\/hamn-budsjettogokonomiplan-2017-2020\/index.php?rest_route=%2Fwp%2Fv2%2Fcomments&post=43"}],"version-history":[{"count":5,"href":"https:\/\/sk-dokument.no\/hamn-budsjettogokonomiplan-2017-2020\/index.php?rest_route=\/wp\/v2\/pages\/43\/revisions"}],"predecessor-version":[{"id":292,"href":"https:\/\/sk-dokument.no\/hamn-budsjettogokonomiplan-2017-2020\/index.php?rest_route=\/wp\/v2\/pages\/43\/revisions\/292"}],"up":[{"embeddable":true,"href":"https:\/\/sk-dokument.no\/hamn-budsjettogokonomiplan-2017-2020\/index.php?rest_route=\/wp\/v2\/pages\/26"}],"wp:attachment":[{"href":"https:\/\/sk-dokument.no\/hamn-budsjettogokonomiplan-2017-2020\/index.php?rest_route=%2Fwp%2Fv2%2Fmedia&parent=43"}],"curies":[{"name":"wp","href":"https:\/\/api.w.org\/{rel}","templated":true}]}}