{"id":45,"date":"2016-10-05T08:40:03","date_gmt":"2016-10-05T06:40:03","guid":{"rendered":"http:\/\/sk-dokument.no\/hamn-budsjettogokonomiplan-2017-2020\/?page_id=45"},"modified":"2016-10-14T11:30:49","modified_gmt":"2016-10-14T09:30:49","slug":"trailerarvarebilar-si-bruk-av-kai-og-hamneareal","status":"publish","type":"page","link":"https:\/\/sk-dokument.no\/hamn-budsjettogokonomiplan-2017-2020\/?page_id=45","title":{"rendered":"Trailerar\/varebilar si bruk av kai- og hamneareal"},"content":{"rendered":"<ol>\n<li>Bilar (lastevogner, trailerar, tilhengjarvogner etc.) som p\u00e5 hamnestellet sine kaiar eller tilst\u00f8ytande omr\u00e5de lossar, lastar om eller lastar gods utan at dette skjer direkte ut eller inn over kaikant skal betala eit vederlag til hamnestellet p\u00e5 kr 116 pr. stopp.<\/li>\n<li>Av varer skal det betalast kr 15,88 pr. tonn eller p\u00e5begynt tonn<\/li>\n<li>Fritekne for vederlaget er:\n<ol>\n<li>a) Bilar som henter varer p\u00e5 hamnestellet sine kaiar for vidare utsending i Stord.<\/li>\n<li>b) Bilar som kj\u00f8rer fram last fr\u00e5 Stord til hamnestellet sine kaiar for vidare sending med fart\u00f8y eller bil.<\/li>\n<\/ol>\n<\/li>\n<li>Vedkomande ekspedit\u00f8r eller eigar gir m\u00e5nadleg oppg\u00e5ve over tal p\u00e5 anl\u00f8p, som hamnestellet sender rekning p\u00e5.<\/li>\n<\/ol>\n","protected":false},"excerpt":{"rendered":"<p>Bilar (lastevogner, trailerar, tilhengjarvogner etc.) som p\u00e5 hamnestellet sine kaiar eller tilst\u00f8ytande omr\u00e5de lossar, lastar om eller lastar gods utan at dette skjer direkte ut eller inn over kaikant skal betala eit vederlag til hamnestellet p\u00e5 kr 116 pr. stopp. Av varer skal det betalast kr 15,88 pr. tonn eller p\u00e5begynt tonn Fritekne for vederlaget<\/p>\n","protected":false},"author":13,"featured_media":0,"parent":26,"menu_order":9,"comment_status":"closed","ping_status":"closed","template":"","meta":{"footnotes":""},"jetpack_sharing_enabled":true,"_links":{"self":[{"href":"https:\/\/sk-dokument.no\/hamn-budsjettogokonomiplan-2017-2020\/index.php?rest_route=\/wp\/v2\/pages\/45"}],"collection":[{"href":"https:\/\/sk-dokument.no\/hamn-budsjettogokonomiplan-2017-2020\/index.php?rest_route=\/wp\/v2\/pages"}],"about":[{"href":"https:\/\/sk-dokument.no\/hamn-budsjettogokonomiplan-2017-2020\/index.php?rest_route=\/wp\/v2\/types\/page"}],"author":[{"embeddable":true,"href":"https:\/\/sk-dokument.no\/hamn-budsjettogokonomiplan-2017-2020\/index.php?rest_route=\/wp\/v2\/users\/13"}],"replies":[{"embeddable":true,"href":"https:\/\/sk-dokument.no\/hamn-budsjettogokonomiplan-2017-2020\/index.php?rest_route=%2Fwp%2Fv2%2Fcomments&post=45"}],"version-history":[{"count":5,"href":"https:\/\/sk-dokument.no\/hamn-budsjettogokonomiplan-2017-2020\/index.php?rest_route=\/wp\/v2\/pages\/45\/revisions"}],"predecessor-version":[{"id":227,"href":"https:\/\/sk-dokument.no\/hamn-budsjettogokonomiplan-2017-2020\/index.php?rest_route=\/wp\/v2\/pages\/45\/revisions\/227"}],"up":[{"embeddable":true,"href":"https:\/\/sk-dokument.no\/hamn-budsjettogokonomiplan-2017-2020\/index.php?rest_route=\/wp\/v2\/pages\/26"}],"wp:attachment":[{"href":"https:\/\/sk-dokument.no\/hamn-budsjettogokonomiplan-2017-2020\/index.php?rest_route=%2Fwp%2Fv2%2Fmedia&parent=45"}],"curies":[{"name":"wp","href":"https:\/\/api.w.org\/{rel}","templated":true}]}}