{"id":49,"date":"2016-10-05T08:40:03","date_gmt":"2016-10-05T06:40:03","guid":{"rendered":"http:\/\/sk-dokument.no\/hamn-budsjettogokonomiplan-2017-2020\/?page_id=49"},"modified":"2016-10-18T11:37:49","modified_gmt":"2016-10-18T09:37:49","slug":"vederlag-for-bruk-av-hamnebaten","status":"publish","type":"page","link":"https:\/\/sk-dokument.no\/hamn-budsjettogokonomiplan-2017-2020\/?page_id=49","title":{"rendered":"Vederlag for bruk av hamneb\u00e5ten"},"content":{"rendered":"<p>Nedanfor st\u00e5ande timesatsar gjeld dersom ikkje anna er avtala:<\/p>\n<ol>\n<li>\n<table>\n<tbody>\n<tr>\n<td colspan=\"2\">Satsar<\/td>\n<\/tr>\n<tr>\n<td width=\"261\">Dagtid:\u00a0 kl. 0700 &#8211; 1500 med 1 mann ombord<\/td>\n<td width=\"261\">kr 1 600<\/td>\n<\/tr>\n<tr>\n<td width=\"261\">Dagtid:\u00a0 kl. 0700 &#8211; 1500 med 1 mann ombord<\/td>\n<td width=\"261\">kr 1 955<\/td>\n<\/tr>\n<tr>\n<td width=\"261\">Overtid: kl. 1500 &#8211; 2100 med 1 mann ombord<\/td>\n<td width=\"261\">kr 1 750<\/td>\n<\/tr>\n<tr>\n<td width=\"261\">Overtid: kl. 1500 &#8211; 2100 med 1 mann ombord<\/td>\n<td width=\"261\">kr 2 110<\/td>\n<\/tr>\n<tr>\n<td width=\"261\">Kl.\u00a0 2100 -0700 alltid 2 mann<\/td>\n<td width=\"261\">kr 2 470<\/td>\n<\/tr>\n<tr>\n<td width=\"261\">Laur-, s\u00f8n-, helge- og h\u00f8gtids med 1 mann omb.<\/td>\n<td width=\"261\">kr 2 212<\/td>\n<\/tr>\n<tr>\n<td width=\"261\">Laur-, s\u00f8n-, helge- og h\u00f8gtids med 1 mann omb.<\/td>\n<td width=\"261\">kr 2 675<\/td>\n<\/tr>\n<\/tbody>\n<\/table>\n<\/li>\n<li>Dersom det er naudsynt med 3 mann ombord p\u00e5 grunn av oppdraget vert ovannemnde satsar auka med h.h.v. kr 425, 475 eller kr 600, avhengig av dag og tidspunkt i d\u00f8gnet.<\/li>\n<li>Under oppdrag som vaktb\u00e5t vil det alltid vera naudsynt \u00e5 vera 2 mann ombord, grunna sikringsmomenta.<\/li>\n<li>Minimumstid for utkalling mellom kl. 1500 og kl. 2100 p\u00e5 vanlege kvardagar er 2 timar. Minimumstid for utkalling p\u00e5 vanlege kvardagar mellom kl. 2100 og kl. 0700 samt laurdag, s\u00f8ndag og helge- og h\u00f8gtidsdagar, er 4 timar. Vederlag for tilkopling og bruk av hamnestellet sitt anlegg for elektrisk straum<\/li>\n<\/ol>\n","protected":false},"excerpt":{"rendered":"<p>Nedanfor st\u00e5ande timesatsar gjeld dersom ikkje anna er avtala: Satsar Dagtid:\u00a0 kl. 0700 &#8211; 1500 med 1 mann ombord kr 1 600 Dagtid:\u00a0 kl. 0700 &#8211; 1500 med 1 mann ombord kr 1 955 Overtid: kl. 1500 &#8211; 2100 med 1 mann ombord kr 1 750 Overtid: kl. 1500 &#8211; 2100 med 1 mann ombord<\/p>\n","protected":false},"author":13,"featured_media":0,"parent":26,"menu_order":11,"comment_status":"closed","ping_status":"closed","template":"","meta":{"footnotes":""},"jetpack_sharing_enabled":true,"_links":{"self":[{"href":"https:\/\/sk-dokument.no\/hamn-budsjettogokonomiplan-2017-2020\/index.php?rest_route=\/wp\/v2\/pages\/49"}],"collection":[{"href":"https:\/\/sk-dokument.no\/hamn-budsjettogokonomiplan-2017-2020\/index.php?rest_route=\/wp\/v2\/pages"}],"about":[{"href":"https:\/\/sk-dokument.no\/hamn-budsjettogokonomiplan-2017-2020\/index.php?rest_route=\/wp\/v2\/types\/page"}],"author":[{"embeddable":true,"href":"https:\/\/sk-dokument.no\/hamn-budsjettogokonomiplan-2017-2020\/index.php?rest_route=\/wp\/v2\/users\/13"}],"replies":[{"embeddable":true,"href":"https:\/\/sk-dokument.no\/hamn-budsjettogokonomiplan-2017-2020\/index.php?rest_route=%2Fwp%2Fv2%2Fcomments&post=49"}],"version-history":[{"count":10,"href":"https:\/\/sk-dokument.no\/hamn-budsjettogokonomiplan-2017-2020\/index.php?rest_route=\/wp\/v2\/pages\/49\/revisions"}],"predecessor-version":[{"id":308,"href":"https:\/\/sk-dokument.no\/hamn-budsjettogokonomiplan-2017-2020\/index.php?rest_route=\/wp\/v2\/pages\/49\/revisions\/308"}],"up":[{"embeddable":true,"href":"https:\/\/sk-dokument.no\/hamn-budsjettogokonomiplan-2017-2020\/index.php?rest_route=\/wp\/v2\/pages\/26"}],"wp:attachment":[{"href":"https:\/\/sk-dokument.no\/hamn-budsjettogokonomiplan-2017-2020\/index.php?rest_route=%2Fwp%2Fv2%2Fmedia&parent=49"}],"curies":[{"name":"wp","href":"https:\/\/api.w.org\/{rel}","templated":true}]}}