{"id":53,"date":"2016-10-05T08:40:03","date_gmt":"2016-10-05T06:40:03","guid":{"rendered":"http:\/\/sk-dokument.no\/hamn-budsjettogokonomiplan-2017-2020\/?page_id=53"},"modified":"2016-10-14T13:37:42","modified_gmt":"2016-10-14T11:37:42","slug":"vassvederlag-og-straum","status":"publish","type":"page","link":"https:\/\/sk-dokument.no\/hamn-budsjettogokonomiplan-2017-2020\/?page_id=53","title":{"rendered":"Vassvederlag og straum"},"content":{"rendered":"<ol style=\"list-style-type: upper-alpha;\">\n<li>Levering av vatn til fart\u00f8y m.m. skal betalast med kr 24 pr. tonn\/m3. Fart\u00f8y som sj\u00f8lve st\u00e5r for fylling betaler kr 23,00 pr. tonn\/m3.<\/li>\n<li>Ved vasslevering p\u00e5 laur-, s\u00f8n-, og helgedagar samt utanom ordin\u00e6r arbeidstid, skal hamnestellet sine meirutgifter ved levering dekkast.<\/li>\n<li>Minsteavgift for levering av vatn kr 250.<\/li>\n<\/ol>\n<p>&nbsp;<\/p>\n","protected":false},"excerpt":{"rendered":"<p>Levering av vatn til fart\u00f8y m.m. skal betalast med kr 24 pr. tonn\/m3. Fart\u00f8y som sj\u00f8lve st\u00e5r for fylling betaler kr 23,00 pr. tonn\/m3. Ved vasslevering p\u00e5 laur-, s\u00f8n-, og helgedagar samt utanom ordin\u00e6r arbeidstid, skal hamnestellet sine meirutgifter ved levering dekkast. Minsteavgift for levering av vatn kr 250. &nbsp;<\/p>\n","protected":false},"author":13,"featured_media":0,"parent":26,"menu_order":13,"comment_status":"closed","ping_status":"closed","template":"","meta":{"footnotes":""},"jetpack_sharing_enabled":true,"_links":{"self":[{"href":"https:\/\/sk-dokument.no\/hamn-budsjettogokonomiplan-2017-2020\/index.php?rest_route=\/wp\/v2\/pages\/53"}],"collection":[{"href":"https:\/\/sk-dokument.no\/hamn-budsjettogokonomiplan-2017-2020\/index.php?rest_route=\/wp\/v2\/pages"}],"about":[{"href":"https:\/\/sk-dokument.no\/hamn-budsjettogokonomiplan-2017-2020\/index.php?rest_route=\/wp\/v2\/types\/page"}],"author":[{"embeddable":true,"href":"https:\/\/sk-dokument.no\/hamn-budsjettogokonomiplan-2017-2020\/index.php?rest_route=\/wp\/v2\/users\/13"}],"replies":[{"embeddable":true,"href":"https:\/\/sk-dokument.no\/hamn-budsjettogokonomiplan-2017-2020\/index.php?rest_route=%2Fwp%2Fv2%2Fcomments&post=53"}],"version-history":[{"count":6,"href":"https:\/\/sk-dokument.no\/hamn-budsjettogokonomiplan-2017-2020\/index.php?rest_route=\/wp\/v2\/pages\/53\/revisions"}],"predecessor-version":[{"id":261,"href":"https:\/\/sk-dokument.no\/hamn-budsjettogokonomiplan-2017-2020\/index.php?rest_route=\/wp\/v2\/pages\/53\/revisions\/261"}],"up":[{"embeddable":true,"href":"https:\/\/sk-dokument.no\/hamn-budsjettogokonomiplan-2017-2020\/index.php?rest_route=\/wp\/v2\/pages\/26"}],"wp:attachment":[{"href":"https:\/\/sk-dokument.no\/hamn-budsjettogokonomiplan-2017-2020\/index.php?rest_route=%2Fwp%2Fv2%2Fmedia&parent=53"}],"curies":[{"name":"wp","href":"https:\/\/api.w.org\/{rel}","templated":true}]}}