{"id":55,"date":"2016-10-05T08:40:03","date_gmt":"2016-10-05T06:40:03","guid":{"rendered":"http:\/\/sk-dokument.no\/hamn-budsjettogokonomiplan-2017-2020\/?page_id=55"},"modified":"2016-10-14T11:51:20","modified_gmt":"2016-10-14T09:51:20","slug":"straum-2","status":"publish","type":"page","link":"https:\/\/sk-dokument.no\/hamn-budsjettogokonomiplan-2017-2020\/?page_id=55","title":{"rendered":"Straum"},"content":{"rendered":"<p>ISPS vederlag som skal dekka inn kostnader for drift og vedlikehald, faste kontrollrutinar, \u00e5rlege p\u00e5lagde \u00f8vingar og administrasjon ved anl\u00f8p Stord hamn, Eld\u00f8yane og Nattrutekaien, Leirvik hamn<\/p>\n<ul>\n<li>Passasjervederlag ved om bord- og ilandstigning kr 2,60<\/li>\n<li>Fart\u00f8y under 499 BT kr 266 pr. p\u00e5begynt d\u00f8ger<\/li>\n<li>Fart\u00f8y fr\u00e5 500 BT til 4999 BT kr 669 pr. p\u00e5begynt d\u00f8ger<\/li>\n<li>Fart\u00f8y over 5 000 BT kr 1 203 pr. p\u00e5begynt d\u00f8ger<\/li>\n<li>Fart\u00f8y over 10 000 BT kr. 1 504 pr. p\u00e5begynt d\u00f8ger<\/li>\n<li>Fart\u00f8y over 15 000 BT kr. 1 880 pr. p\u00e5begynt d\u00f8ger<\/li>\n<\/ul>\n<p>Vakthald ved landligge i Leirvik hamn (Nattrutekaien):<\/p>\n<ul>\n<li>st\u00e5r Hamnestellet for vakthald (avtale med ISPS godkjent vaktselskap) vert kostnadane fakturert fart\u00f8yet med eit administrativt p\u00e5slag p\u00e5 15%.<\/li>\n<\/ul>\n","protected":false},"excerpt":{"rendered":"<p>ISPS vederlag som skal dekka inn kostnader for drift og vedlikehald, faste kontrollrutinar, \u00e5rlege p\u00e5lagde \u00f8vingar og administrasjon ved anl\u00f8p Stord hamn, Eld\u00f8yane og Nattrutekaien, Leirvik hamn Passasjervederlag ved om bord- og ilandstigning kr 2,60 Fart\u00f8y under 499 BT kr 266 pr. p\u00e5begynt d\u00f8ger Fart\u00f8y fr\u00e5 500 BT til 4999 BT kr 669 pr. p\u00e5begynt<\/p>\n","protected":false},"author":13,"featured_media":0,"parent":26,"menu_order":14,"comment_status":"closed","ping_status":"closed","template":"","meta":{"footnotes":""},"jetpack_sharing_enabled":true,"_links":{"self":[{"href":"https:\/\/sk-dokument.no\/hamn-budsjettogokonomiplan-2017-2020\/index.php?rest_route=\/wp\/v2\/pages\/55"}],"collection":[{"href":"https:\/\/sk-dokument.no\/hamn-budsjettogokonomiplan-2017-2020\/index.php?rest_route=\/wp\/v2\/pages"}],"about":[{"href":"https:\/\/sk-dokument.no\/hamn-budsjettogokonomiplan-2017-2020\/index.php?rest_route=\/wp\/v2\/types\/page"}],"author":[{"embeddable":true,"href":"https:\/\/sk-dokument.no\/hamn-budsjettogokonomiplan-2017-2020\/index.php?rest_route=\/wp\/v2\/users\/13"}],"replies":[{"embeddable":true,"href":"https:\/\/sk-dokument.no\/hamn-budsjettogokonomiplan-2017-2020\/index.php?rest_route=%2Fwp%2Fv2%2Fcomments&post=55"}],"version-history":[{"count":5,"href":"https:\/\/sk-dokument.no\/hamn-budsjettogokonomiplan-2017-2020\/index.php?rest_route=\/wp\/v2\/pages\/55\/revisions"}],"predecessor-version":[{"id":237,"href":"https:\/\/sk-dokument.no\/hamn-budsjettogokonomiplan-2017-2020\/index.php?rest_route=\/wp\/v2\/pages\/55\/revisions\/237"}],"up":[{"embeddable":true,"href":"https:\/\/sk-dokument.no\/hamn-budsjettogokonomiplan-2017-2020\/index.php?rest_route=\/wp\/v2\/pages\/26"}],"wp:attachment":[{"href":"https:\/\/sk-dokument.no\/hamn-budsjettogokonomiplan-2017-2020\/index.php?rest_route=%2Fwp%2Fv2%2Fmedia&parent=55"}],"curies":[{"name":"wp","href":"https:\/\/api.w.org\/{rel}","templated":true}]}}