{"id":57,"date":"2016-10-04T13:54:05","date_gmt":"2016-10-04T11:54:05","guid":{"rendered":"http:\/\/sk-dokument.no\/hamn-budsjettogokonomiplan-2017-2020\/?page_id=57"},"modified":"2016-10-18T11:40:09","modified_gmt":"2016-10-18T09:40:09","slug":"straum","status":"publish","type":"page","link":"https:\/\/sk-dokument.no\/hamn-budsjettogokonomiplan-2017-2020\/?page_id=57","title":{"rendered":"Straum"},"content":{"rendered":"<table>\n<tbody>\n<tr>\n<td colspan=\"2\">Satsar<\/td>\n<\/tr>\n<tr>\n<td width=\"177\">Pris pr. kW\/time<\/td>\n<td width=\"344\">Kr 2,50<\/td>\n<\/tr>\n<tr>\n<td width=\"177\">Fast tillegg for til- og fr\u00e5kopling<\/td>\n<td width=\"344\">Kr 205,00<\/td>\n<\/tr>\n<tr>\n<td width=\"177\">Minstesats for forbruk<\/td>\n<td width=\"344\">Kr 190,00<\/td>\n<\/tr>\n<\/tbody>\n<\/table>\n<p>Prisane er eksklusiv mva. Det er ved behov h\u00f8ve \u00e5 inng\u00e5 n\u00e6rare spesifisert avtale om levering av straum med hamnestellet.<\/p>\n","protected":false},"excerpt":{"rendered":"<p>Satsar Pris pr. kW\/time Kr 2,50 Fast tillegg for til- og fr\u00e5kopling Kr 205,00 Minstesats for forbruk Kr 190,00 Prisane er eksklusiv mva. Det er ved behov h\u00f8ve \u00e5 inng\u00e5 n\u00e6rare spesifisert avtale om levering av straum med hamnestellet.<\/p>\n","protected":false},"author":13,"featured_media":0,"parent":53,"menu_order":1,"comment_status":"closed","ping_status":"closed","template":"","meta":{"footnotes":""},"jetpack_sharing_enabled":true,"_links":{"self":[{"href":"https:\/\/sk-dokument.no\/hamn-budsjettogokonomiplan-2017-2020\/index.php?rest_route=\/wp\/v2\/pages\/57"}],"collection":[{"href":"https:\/\/sk-dokument.no\/hamn-budsjettogokonomiplan-2017-2020\/index.php?rest_route=\/wp\/v2\/pages"}],"about":[{"href":"https:\/\/sk-dokument.no\/hamn-budsjettogokonomiplan-2017-2020\/index.php?rest_route=\/wp\/v2\/types\/page"}],"author":[{"embeddable":true,"href":"https:\/\/sk-dokument.no\/hamn-budsjettogokonomiplan-2017-2020\/index.php?rest_route=\/wp\/v2\/users\/13"}],"replies":[{"embeddable":true,"href":"https:\/\/sk-dokument.no\/hamn-budsjettogokonomiplan-2017-2020\/index.php?rest_route=%2Fwp%2Fv2%2Fcomments&post=57"}],"version-history":[{"count":5,"href":"https:\/\/sk-dokument.no\/hamn-budsjettogokonomiplan-2017-2020\/index.php?rest_route=\/wp\/v2\/pages\/57\/revisions"}],"predecessor-version":[{"id":310,"href":"https:\/\/sk-dokument.no\/hamn-budsjettogokonomiplan-2017-2020\/index.php?rest_route=\/wp\/v2\/pages\/57\/revisions\/310"}],"up":[{"embeddable":true,"href":"https:\/\/sk-dokument.no\/hamn-budsjettogokonomiplan-2017-2020\/index.php?rest_route=\/wp\/v2\/pages\/53"}],"wp:attachment":[{"href":"https:\/\/sk-dokument.no\/hamn-budsjettogokonomiplan-2017-2020\/index.php?rest_route=%2Fwp%2Fv2%2Fmedia&parent=57"}],"curies":[{"name":"wp","href":"https:\/\/api.w.org\/{rel}","templated":true}]}}