{"id":74,"date":"2016-10-05T08:37:24","date_gmt":"2016-10-05T06:37:24","guid":{"rendered":"http:\/\/sk-dokument.no\/hamn-budsjettogokonomiplan-2017-2020\/?page_id=74"},"modified":"2016-10-18T11:46:25","modified_gmt":"2016-10-18T09:46:25","slug":"korttidsleige-batar-stord-hamnestell","status":"publish","type":"page","link":"https:\/\/sk-dokument.no\/hamn-budsjettogokonomiplan-2017-2020\/?page_id=74","title":{"rendered":"Korttidsleige b\u00e5tar Stord Hamnestell"},"content":{"rendered":"<p><strong>Gjeldande fr\u00e5 1.1.2017 til 31.12.2017<\/strong><\/p>\n<table width=\"100%\">\n<tbody>\n<tr>\n<td colspan=\"2\" width=\"50%\">KORTTIDSLEIGE B\u00c5TAR<\/td>\n<\/tr>\n<tr>\n<td width=\"50%\">B\u00e5tar under 14 fot<\/td>\n<td width=\"50%\">Kr &nbsp;&nbsp;\u00a0258 pr. mnd.<\/td>\n<\/tr>\n<tr>\n<td width=\"50%\">B\u00e5tar fr\u00e5 14 til 20 fot<\/td>\n<td width=\"50%\">Kr &nbsp;&nbsp; 516 pr. mnd.<\/td>\n<\/tr>\n<tr>\n<td width=\"50%\">B\u00e5tar fr\u00e5 20 til 25 fot<\/td>\n<td width=\"50%\">Kr &nbsp;&nbsp; 641 pr. mnd.<\/td>\n<\/tr>\n<tr>\n<td width=\"50%\">B\u00e5tar fr\u00e5 25 til 30 fot<\/td>\n<td width=\"50%\">Kr &nbsp;&nbsp; 773 pr. mnd.<\/td>\n<\/tr>\n<tr>\n<td width=\"50%\">B\u00e5tar fr\u00e5 30 til 40 fot<\/td>\n<td width=\"50%\">Kr 1 034 pr. mnd.<\/td>\n<\/tr>\n<tr>\n<td width=\"50%\">B\u00e5tar fr\u00e5 40 til 50 fot<\/td>\n<td width=\"50%\">Kr 1 291 pr. mnd.<\/td>\n<\/tr>\n<tr>\n<td width=\"50%\">B\u00e5tar fr\u00e5 50 til 70 fot<\/td>\n<td width=\"50%\">Kr 1 548 pr. mnd.<\/td>\n<\/tr>\n<tr>\n<td width=\"50%\">B\u00e5tar over 70 fot<\/td>\n<td width=\"50%\">Etter avtale.<\/td>\n<\/tr>\n<\/tbody>\n<\/table>\n<ul>\n<li>Straum kr 2,50 pr. kW t + meirverdiavgift<\/li>\n<li>Leige minimum 1 mnd.<\/li>\n<li>Korttidsleige er fr\u00e5 1. oktober til p\u00e5sken startar p\u00e5f\u00f8lgande \u00e5r<\/li>\n<li>Fr\u00e5 sesongstart ved p\u00e5ske til 1. oktober skal det ved gjestebryggene betalast kr 250 opp til 40 fot og kr 350 for b\u00e5tar over 40 fot.<\/li>\n<li>Bruk av b\u00e5ten som bustad skal avtalast skriftleg med hamnesjefen.<\/li>\n<\/ul>\n<p>&nbsp;<\/p>\n","protected":false},"excerpt":{"rendered":"<p>Gjeldande fr\u00e5 1.1.2017 til 31.12.2017 KORTTIDSLEIGE B\u00c5TAR B\u00e5tar under 14 fot Kr &nbsp;&nbsp;\u00a0258 pr. mnd. B\u00e5tar fr\u00e5 14 til 20 fot Kr &nbsp;&nbsp; 516 pr. mnd. B\u00e5tar fr\u00e5 20 til 25 fot Kr &nbsp;&nbsp; 641 pr. mnd. B\u00e5tar fr\u00e5 25 til 30 fot Kr &nbsp;&nbsp; 773 pr. mnd. B\u00e5tar fr\u00e5 30 til 40 fot Kr<\/p>\n","protected":false},"author":13,"featured_media":0,"parent":0,"menu_order":4,"comment_status":"closed","ping_status":"closed","template":"","meta":{"footnotes":""},"jetpack_sharing_enabled":true,"_links":{"self":[{"href":"https:\/\/sk-dokument.no\/hamn-budsjettogokonomiplan-2017-2020\/index.php?rest_route=\/wp\/v2\/pages\/74"}],"collection":[{"href":"https:\/\/sk-dokument.no\/hamn-budsjettogokonomiplan-2017-2020\/index.php?rest_route=\/wp\/v2\/pages"}],"about":[{"href":"https:\/\/sk-dokument.no\/hamn-budsjettogokonomiplan-2017-2020\/index.php?rest_route=\/wp\/v2\/types\/page"}],"author":[{"embeddable":true,"href":"https:\/\/sk-dokument.no\/hamn-budsjettogokonomiplan-2017-2020\/index.php?rest_route=\/wp\/v2\/users\/13"}],"replies":[{"embeddable":true,"href":"https:\/\/sk-dokument.no\/hamn-budsjettogokonomiplan-2017-2020\/index.php?rest_route=%2Fwp%2Fv2%2Fcomments&post=74"}],"version-history":[{"count":12,"href":"https:\/\/sk-dokument.no\/hamn-budsjettogokonomiplan-2017-2020\/index.php?rest_route=\/wp\/v2\/pages\/74\/revisions"}],"predecessor-version":[{"id":316,"href":"https:\/\/sk-dokument.no\/hamn-budsjettogokonomiplan-2017-2020\/index.php?rest_route=\/wp\/v2\/pages\/74\/revisions\/316"}],"wp:attachment":[{"href":"https:\/\/sk-dokument.no\/hamn-budsjettogokonomiplan-2017-2020\/index.php?rest_route=%2Fwp%2Fv2%2Fmedia&parent=74"}],"curies":[{"name":"wp","href":"https:\/\/api.w.org\/{rel}","templated":true}]}}