{"id":11,"date":"2016-10-04T12:57:07","date_gmt":"2016-10-04T10:57:07","guid":{"rendered":"http:\/\/sk-dokument.no\/hamn-budsjettogokonomiplan-2018-2021\/?page_id=11"},"modified":"2017-10-31T13:17:14","modified_gmt":"2017-10-31T12:17:14","slug":"mal-for-hamnestellet","status":"publish","type":"page","link":"https:\/\/sk-dokument.no\/hamn-budsjettogokonomiplan-2018-2021\/?page_id=11","title":{"rendered":"M\u00e5l for hamnestellet"},"content":{"rendered":"<p dir=\"LTR\" align=\"LEFT\">Kommuneplan for Stord 2011-2021 har som m\u00e5lsetting at Stord skal ha eit effektivt, milj\u00f8venleg og trafikksikkert transportsystem. Det skal ein mellom anna oppn\u00e5 gjennom \u00e5 utvikla tilboda knytt til hamnene:<\/p>\n<ul>\n<li>Arbeida for anl\u00f8p av turistskip (avlastingshamn)<\/li>\n<li>Utvikla eksisterande hamneareal p\u00e5 Eld\u00f8yane<\/li>\n<li>Vurdera interkommunalt hamnesamarbeid<\/li>\n<li>Revidera kommunedelplan for hamn (hamneplanen)<\/li>\n<\/ul>\n<p dir=\"LTR\" align=\"LEFT\">Hamneplanen, som er tilbake fr\u00e5 1993, formulerer f\u00f8lgjande forretningsid\u00e9 for Stord hamn:<\/p>\n<p>\u00a0<em>Stord hamn si oppg\u00e5ve er \u00e5 gi god service og utvikla gode tenestetilbod til alle aktuelle trafikkant-grupper p\u00e5 ein m\u00e5te som svarar til dei forventningane desse har.<\/em><\/p>\n<p dir=\"LTR\" align=\"LEFT\"><em>Stord hamn skal gjennom sine tenestetilbod og forvalting av hamneeigedom vera med \u00e5 styrkja og utvikla n\u00e6ringslivet i regionen.<\/em><\/p>\n<p>&nbsp;<\/p>\n<p dir=\"LTR\" align=\"LEFT\">Planen formulerer vidare ei slik overordna m\u00e5lsetting:<\/p>\n<p>\u00a0<em>Det er ei overordna m\u00e5lsetting at Stord hamn skal styrkja og vidareutvikla sin noverande posisjon som regionhamn for heile Sunnhordland.<\/em><\/p>\n<p dir=\"LTR\" align=\"LEFT\"><em>Dette skal gjerast p\u00e5 rasjonelle og ressursvennlege m\u00e5tar, der ei god drift p\u00e5 kommersiell basis skal sikra nyinvestering og vidareutvikling av alle tilbod knytta til hamnedrifta.<\/em><\/p>\n<p><i> <\/i><\/p>\n","protected":false},"excerpt":{"rendered":"<p>Kommuneplan for Stord 2011-2021 har som m\u00e5lsetting at Stord skal ha eit effektivt, milj\u00f8venleg og trafikksikkert transportsystem. Det skal ein mellom anna oppn\u00e5 gjennom \u00e5 utvikla tilboda knytt til hamnene: Arbeida for anl\u00f8p av turistskip (avlastingshamn) Utvikla eksisterande hamneareal p\u00e5 Eld\u00f8yane Vurdera interkommunalt hamnesamarbeid Revidera kommunedelplan for hamn (hamneplanen) Hamneplanen, som er tilbake fr\u00e5 1993,<\/p>\n","protected":false},"author":13,"featured_media":0,"parent":9,"menu_order":1,"comment_status":"closed","ping_status":"closed","template":"","meta":{"footnotes":""},"jetpack_sharing_enabled":true,"_links":{"self":[{"href":"https:\/\/sk-dokument.no\/hamn-budsjettogokonomiplan-2018-2021\/index.php?rest_route=\/wp\/v2\/pages\/11"}],"collection":[{"href":"https:\/\/sk-dokument.no\/hamn-budsjettogokonomiplan-2018-2021\/index.php?rest_route=\/wp\/v2\/pages"}],"about":[{"href":"https:\/\/sk-dokument.no\/hamn-budsjettogokonomiplan-2018-2021\/index.php?rest_route=\/wp\/v2\/types\/page"}],"author":[{"embeddable":true,"href":"https:\/\/sk-dokument.no\/hamn-budsjettogokonomiplan-2018-2021\/index.php?rest_route=\/wp\/v2\/users\/13"}],"replies":[{"embeddable":true,"href":"https:\/\/sk-dokument.no\/hamn-budsjettogokonomiplan-2018-2021\/index.php?rest_route=%2Fwp%2Fv2%2Fcomments&post=11"}],"version-history":[{"count":10,"href":"https:\/\/sk-dokument.no\/hamn-budsjettogokonomiplan-2018-2021\/index.php?rest_route=\/wp\/v2\/pages\/11\/revisions"}],"predecessor-version":[{"id":581,"href":"https:\/\/sk-dokument.no\/hamn-budsjettogokonomiplan-2018-2021\/index.php?rest_route=\/wp\/v2\/pages\/11\/revisions\/581"}],"up":[{"embeddable":true,"href":"https:\/\/sk-dokument.no\/hamn-budsjettogokonomiplan-2018-2021\/index.php?rest_route=\/wp\/v2\/pages\/9"}],"wp:attachment":[{"href":"https:\/\/sk-dokument.no\/hamn-budsjettogokonomiplan-2018-2021\/index.php?rest_route=%2Fwp%2Fv2%2Fmedia&parent=11"}],"curies":[{"name":"wp","href":"https:\/\/api.w.org\/{rel}","templated":true}]}}