{"id":18,"date":"2016-10-05T08:40:03","date_gmt":"2016-10-05T06:40:03","guid":{"rendered":"http:\/\/sk-dokument.no\/hamn-budsjettogokonomiplan-2018-2021\/?page_id=18"},"modified":"2017-10-02T09:35:31","modified_gmt":"2017-10-02T07:35:31","slug":"budsjettkommentarar","status":"publish","type":"page","link":"https:\/\/sk-dokument.no\/hamn-budsjettogokonomiplan-2018-2021\/?page_id=18","title":{"rendered":"Budsjettkommentarar"},"content":{"rendered":"<p dir=\"LTR\" align=\"LEFT\"><b><a name=\"_Toc277504049\"><\/a>Avgiftene\/vederlag: <\/b><a name=\"_Toc277504049\"><\/a>Ein budsjetterer med om lag same aktivitet i 2018. Vidare i \u00f8konomiplanperioden ligg det inne ein prisvekst p\u00e5 ein del tenester p\u00e5 1,3 prosent med referanse til konsumprisindeks v\u00e5ren 2017. Det er ikkje rekna auke i anl\u00f8psavgift, kai- og ISPS vederlag.<\/p>\n<p dir=\"LTR\" align=\"LEFT\"><b>Hus- og arealleiger<\/b> for 2018 er rekna etter dagens kontraktar. Husleige, areal- og parkeringsinntekter er p\u00e5 om lag kr 2,8 mill.<\/p>\n<p dir=\"LTR\" align=\"LEFT\"><b>D\u00f8gnsats for<\/b> <b>gjesteb\u00e5tar <\/b>i<b> <\/b>perioden er<b> <\/b>kr 250 pr. d\u00f8ger for b\u00e5tar <i><u>under 40 fot<\/u><\/i> og kr 350 for b\u00e5tar <i><u>over 40 fot<\/u><\/i>. Dette inkluderer fri bruk av vatn, straum, dusj, toalett, vaskemaskin og t\u00f8rketrommel i sumarsesongen.<\/p>\n<p dir=\"LTR\" align=\"LEFT\">Sum driftsinntekter 2018 er budsjettert med ca. kr 11,3 mill. Dette er noko meir enn 2017, med grunnlag i om lag same trafikkmengde og justert for ein st\u00f8rre kontrakt Stordbase har inng\u00e5tt om mottak og lagring av r\u00f8yr ved Stord Hamn Eld\u00f8yane samt auke i leigeinntekter etter kj\u00f8p av bakareal p\u00e5 Eld\u00f8yane.<\/p>\n<p dir=\"LTR\" align=\"LEFT\"><b>Personalkostnader <\/b>er budsjettert med utgangspunkt i 3,24 faste stillingar:<\/p>\n<ul>\n<li>Hamnesjef 100 prosent<\/li>\n<li>Hamneinspekt\u00f8r 100 prosent<\/li>\n<li>Sakshandsamar\/nestleiar 100 prosent<\/li>\n<li>Reinhald 24 prosent.<\/li>\n<\/ul>\n<p dir=\"LTR\" align=\"LEFT\">L\u00f8n- og sosiale kostnader er budsjettert med kr 4,0 mill. i 2018. Det vert i sumarsesongen leigd inn ekstra hjelp.<\/p>\n<p dir=\"LTR\" align=\"LEFT\"><b>Andre driftsutgifter<\/b>, som best\u00e5r av m.a. straumutgifter, eigedomsavgift, husleige, vedlikehald, konsulenttenester etc. er budsjettert med kr 3,5 mill. <a name=\"_Toc277330768\"><\/a>Totale driftsutgifter for 2018 er budsjettert med 7,5 mill.<\/p>\n<p dir=\"LTR\" align=\"LEFT\"><b>L\u00e5negjelda<\/b> vil ved utgangen av 2017 vera p\u00e5 ca. kr 36,5 mill.:<\/p>\n<ul>\n<li>Sm\u00e5b\u00e5thamna\u00a0\u00a0\u00a0\u00a0\u00a0\u00a0\u00a0\u00a0\u00a0\u00a0\u00a0\u00a0\u00a0\u00a0\u00a0\u00a0\u00a0\u00a0\u00a0\u00a0\u00a0\u00a0\u00a0\u00a0\u00a0\u00a0\u00a0\u00a0\u00a0\u00a0 \u00a02,2 mill. kr.<\/li>\n<li>Molo Huglo\u00a0\u00a0\u00a0\u00a0\u00a0\u00a0\u00a0\u00a0\u00a0\u00a0\u00a0\u00a0\u00a0\u00a0\u00a0\u00a0\u00a0\u00a0\u00a0\u00a0\u00a0\u00a0\u00a0\u00a0\u00a0\u00a0\u00a0\u00a0\u00a0\u00a0\u00a0\u00a0\u00a0\u00a0\u00a0\u00a0 4,3 mill. kr<\/li>\n<li>Ny kaipir\u00a0\u00a0\u00a0\u00a0\u00a0\u00a0\u00a0\u00a0\u00a0\u00a0\u00a0\u00a0\u00a0\u00a0\u00a0\u00a0\u00a0\u00a0\u00a0\u00a0\u00a0\u00a0\u00a0\u00a0\u00a0\u00a0\u00a0\u00a0\u00a0\u00a0\u00a0\u00a0\u00a0\u00a0\u00a0\u00a0\u00a0\u00a0\u00a0 3,6 mill. kr<\/li>\n<li>Utfylling stord hamn, Eld\u00f8yane\u00a0\u00a0\u00a0\u00a0\u00a0\u00a0 \u00a02,6 mill. kr<\/li>\n<li>Areal Eld\u00f8yane\u00a0\u00a0\u00a0\u00a0\u00a0\u00a0\u00a0\u00a0\u00a0\u00a0\u00a0\u00a0\u00a0\u00a0\u00a0\u00a0\u00a0\u00a0\u00a0\u00a0\u00a0\u00a0\u00a0\u00a0\u00a0\u00a0\u00a0\u00a0\u00a023,8 mill.kr.<\/li>\n<\/ul>\n<p dir=\"LTR\" align=\"LEFT\">L\u00e5net mot molo p\u00e5 Huglo har kommunestyret vedteke skal finansierast etter sj\u00f8lvkost av Huglo B\u00e5tlag. L\u00e5net er sikra ved factoring pant i driftstilbeh\u00f8r- bryggjer, b\u00e5sar m.v. Totale finansutgifter er budsjettert med 2,5 mill.<\/p>\n<p dir=\"LTR\" align=\"LEFT\"><strong>Revidering av strategisk plan for Stord hamn<\/strong><\/p>\n<p dir=\"LTR\" align=\"LEFT\">Gjeldande hamneplan for Stord kommune vart vedteken i 1993. Kommuneplanen fr\u00e5 2010 legg opp til at hamneplanen vert revidert. Det er lagt opp til at rullering av hamneplanen skal inng\u00e5 i kommunen sin planstrategi, og i budsjettet er det sett av kr 150\u3000000 til arbeidet, finansiert ved bruk av disposisjonsfond. Dette planarbeidet er no sett igong ettersom kj\u00f8p av areal p\u00e5 Eld\u00f8yane er gjennomf\u00f8rt. N\u00e5r det gjeld prosjektet om eit interkommunalt hamnesamarbeid ligg ei eventuell avgjerdsle om vidaref\u00f8ring av dette ute hos dei forskjellige kommunane som var med i prosjektet.<\/p>\n","protected":false},"excerpt":{"rendered":"<p>Avgiftene\/vederlag: Ein budsjetterer med om lag same aktivitet i 2018. Vidare i \u00f8konomiplanperioden ligg det inne ein prisvekst p\u00e5 ein del tenester p\u00e5 1,3 prosent med referanse til konsumprisindeks v\u00e5ren 2017. Det er ikkje rekna auke i anl\u00f8psavgift, kai- og ISPS vederlag. Hus- og arealleiger for 2018 er rekna etter dagens kontraktar. Husleige, areal- og<\/p>\n","protected":false},"author":13,"featured_media":0,"parent":16,"menu_order":1,"comment_status":"closed","ping_status":"closed","template":"","meta":{"footnotes":""},"jetpack_sharing_enabled":true,"_links":{"self":[{"href":"https:\/\/sk-dokument.no\/hamn-budsjettogokonomiplan-2018-2021\/index.php?rest_route=\/wp\/v2\/pages\/18"}],"collection":[{"href":"https:\/\/sk-dokument.no\/hamn-budsjettogokonomiplan-2018-2021\/index.php?rest_route=\/wp\/v2\/pages"}],"about":[{"href":"https:\/\/sk-dokument.no\/hamn-budsjettogokonomiplan-2018-2021\/index.php?rest_route=\/wp\/v2\/types\/page"}],"author":[{"embeddable":true,"href":"https:\/\/sk-dokument.no\/hamn-budsjettogokonomiplan-2018-2021\/index.php?rest_route=\/wp\/v2\/users\/13"}],"replies":[{"embeddable":true,"href":"https:\/\/sk-dokument.no\/hamn-budsjettogokonomiplan-2018-2021\/index.php?rest_route=%2Fwp%2Fv2%2Fcomments&post=18"}],"version-history":[{"count":21,"href":"https:\/\/sk-dokument.no\/hamn-budsjettogokonomiplan-2018-2021\/index.php?rest_route=\/wp\/v2\/pages\/18\/revisions"}],"predecessor-version":[{"id":471,"href":"https:\/\/sk-dokument.no\/hamn-budsjettogokonomiplan-2018-2021\/index.php?rest_route=\/wp\/v2\/pages\/18\/revisions\/471"}],"up":[{"embeddable":true,"href":"https:\/\/sk-dokument.no\/hamn-budsjettogokonomiplan-2018-2021\/index.php?rest_route=\/wp\/v2\/pages\/16"}],"wp:attachment":[{"href":"https:\/\/sk-dokument.no\/hamn-budsjettogokonomiplan-2018-2021\/index.php?rest_route=%2Fwp%2Fv2%2Fmedia&parent=18"}],"curies":[{"name":"wp","href":"https:\/\/api.w.org\/{rel}","templated":true}]}}