{"id":47,"date":"2016-10-05T08:40:03","date_gmt":"2016-10-05T06:40:03","guid":{"rendered":"http:\/\/sk-dokument.no\/hamn-budsjettogokonomiplan-2018-2021\/?page_id=47"},"modified":"2017-09-14T12:35:15","modified_gmt":"2017-09-14T10:35:15","slug":"renovasjonsvederlag","status":"publish","type":"page","link":"https:\/\/sk-dokument.no\/hamn-budsjettogokonomiplan-2018-2021\/?page_id=47","title":{"rendered":"Renovasjonsvederlag"},"content":{"rendered":"<p dir=\"LTR\" align=\"LEFT\">Fart\u00f8y under 500 BT kr 96 pr. anl\u00f8p<\/p>\n<p dir=\"LTR\" align=\"LEFT\">Fart\u00f8y over 500 BT kr 152 pr. anl\u00f8p<\/p>\n<p dir=\"LTR\" align=\"LEFT\">Ruteselskap som har fast avtale om renovasjon annan stad betalar ikkje etter desse satsane.<\/p>\n<p dir=\"LTR\" align=\"LEFT\">For farty som har s\u00e5 mykje boss at det m\u00e5 rekvirerast ekstra t\u00f8mming av bossconteinar betalar etter kostnad med p\u00e5slag for administrasjon.<\/p>\n<p dir=\"LTR\" align=\"LEFT\">Renovasjon sm\u00e5b\u00e5thamna restavfall pr. b\u00e5tplass\/\u00e5rleg: kr. 107,-<\/p>\n<p dir=\"LTR\" align=\"LEFT\">Renovasjon sm\u00e5b\u00e5thamna milj\u00f8avfall pr. b\u00e5tplass\/\u00e5rleg: kr. 56,-<\/p>\n<p>&nbsp;<\/p>\n","protected":false},"excerpt":{"rendered":"<p>Fart\u00f8y under 500 BT kr 96 pr. anl\u00f8p Fart\u00f8y over 500 BT kr 152 pr. anl\u00f8p Ruteselskap som har fast avtale om renovasjon annan stad betalar ikkje etter desse satsane. For farty som har s\u00e5 mykje boss at det m\u00e5 rekvirerast ekstra t\u00f8mming av bossconteinar betalar etter kostnad med p\u00e5slag for administrasjon. Renovasjon sm\u00e5b\u00e5thamna restavfall<\/p>\n","protected":false},"author":13,"featured_media":0,"parent":26,"menu_order":10,"comment_status":"closed","ping_status":"closed","template":"","meta":{"footnotes":""},"jetpack_sharing_enabled":true,"_links":{"self":[{"href":"https:\/\/sk-dokument.no\/hamn-budsjettogokonomiplan-2018-2021\/index.php?rest_route=\/wp\/v2\/pages\/47"}],"collection":[{"href":"https:\/\/sk-dokument.no\/hamn-budsjettogokonomiplan-2018-2021\/index.php?rest_route=\/wp\/v2\/pages"}],"about":[{"href":"https:\/\/sk-dokument.no\/hamn-budsjettogokonomiplan-2018-2021\/index.php?rest_route=\/wp\/v2\/types\/page"}],"author":[{"embeddable":true,"href":"https:\/\/sk-dokument.no\/hamn-budsjettogokonomiplan-2018-2021\/index.php?rest_route=\/wp\/v2\/users\/13"}],"replies":[{"embeddable":true,"href":"https:\/\/sk-dokument.no\/hamn-budsjettogokonomiplan-2018-2021\/index.php?rest_route=%2Fwp%2Fv2%2Fcomments&post=47"}],"version-history":[{"count":8,"href":"https:\/\/sk-dokument.no\/hamn-budsjettogokonomiplan-2018-2021\/index.php?rest_route=\/wp\/v2\/pages\/47\/revisions"}],"predecessor-version":[{"id":397,"href":"https:\/\/sk-dokument.no\/hamn-budsjettogokonomiplan-2018-2021\/index.php?rest_route=\/wp\/v2\/pages\/47\/revisions\/397"}],"up":[{"embeddable":true,"href":"https:\/\/sk-dokument.no\/hamn-budsjettogokonomiplan-2018-2021\/index.php?rest_route=\/wp\/v2\/pages\/26"}],"wp:attachment":[{"href":"https:\/\/sk-dokument.no\/hamn-budsjettogokonomiplan-2018-2021\/index.php?rest_route=%2Fwp%2Fv2%2Fmedia&parent=47"}],"curies":[{"name":"wp","href":"https:\/\/api.w.org\/{rel}","templated":true}]}}