{"id":49,"date":"2016-10-05T08:40:03","date_gmt":"2016-10-05T06:40:03","guid":{"rendered":"http:\/\/sk-dokument.no\/hamn-budsjettogokonomiplan-2018-2021\/?page_id=49"},"modified":"2017-10-02T13:16:53","modified_gmt":"2017-10-02T11:16:53","slug":"vederlag-for-bruk-av-hamnebaten","status":"publish","type":"page","link":"https:\/\/sk-dokument.no\/hamn-budsjettogokonomiplan-2018-2021\/?page_id=49","title":{"rendered":"Vederlag for bruk av hamneb\u00e5ten"},"content":{"rendered":"<p>Nedanfor st\u00e5ande timesatsar gjeld dersom ikkje anna er avtala:<\/p>\n<p>1.<\/p>\n<table style=\"height: 185px; width: 575px;\">\n<tbody>\n<tr>\n<td style=\"width: 392px;\"><\/td>\n<td style=\"width: 169px;\"><\/td>\n<\/tr>\n<tr>\n<td style=\"width: 392px;\">Dagtid: kl. 0700 &#8211; 1500 med 1 mann om bord<\/td>\n<td style=\"width: 169px;\">kr\u00a01 600<\/td>\n<\/tr>\n<tr>\n<td style=\"width: 392px;\">med 2 mann om bord<\/td>\n<td style=\"width: 169px;\">kr 2 050<\/td>\n<\/tr>\n<tr>\n<td style=\"width: 392px;\">Overtid: kl. 1500 &#8211; 2100 med 1 mann om bord<\/td>\n<td style=\"width: 169px;\">kr 1 750<\/td>\n<\/tr>\n<tr>\n<td style=\"width: 392px;\">med 2 mann om bord<\/td>\n<td style=\"width: 169px;\">kr 2 400<\/td>\n<\/tr>\n<tr>\n<td style=\"width: 392px;\">Kl. 2100 -0700 \u00a0\u00a0\u00a0\u00a0\u00a0\u00a0\u00a0\u00a0 \u00a0\u00a0\u00a0\u00a0\u00a01 eller 2 mann<\/td>\n<td style=\"width: 169px;\">kr 2 400<\/td>\n<\/tr>\n<tr>\n<td style=\"width: 392px;\">Laur-, s\u00f8n-, helge- og h\u00f8gtids med 1 mann omb.<\/td>\n<td style=\"width: 169px;\">kr 2 250<\/td>\n<\/tr>\n<tr>\n<td style=\"width: 392px;\">med 2 mann om bord<\/td>\n<td style=\"width: 169px;\">kr 3 050<\/td>\n<\/tr>\n<\/tbody>\n<\/table>\n<ol start=\"2\">\n<li>Dersom det er naudsynt med 3 mann ombord p\u00e5 grunn av oppdraget vert ovannemnde satsar auka med h.h.v. kr 450, 675 eller kr 800, avhengig av dag og tidspunkt i d\u00f8gnet.<\/li>\n<li>Under oppdrag som vaktb\u00e5t vil det alltid vera naudsynt \u00e5 vera 2 mann ombord, grunna sikringsmomenta.<\/li>\n<li>Minimumstid for utkalling mellom kl. 1500 og kl. 2100 p\u00e5 vanlege kvardagar er 2 timar. Minimumstid for utkalling p\u00e5 vanlege kvardagar mellom kl. 2100 og kl. 0700 samt laurdag, s\u00f8ndag og helge- og h\u00f8gtidsdagar, er 4 timar.<\/li>\n<\/ol>\n<p><strong>\u00a0\u00a0\u00a0\u00a0\u00a0\u00a0\u00a0\u00a0 <\/strong>\u00a0\u00a0Vederlag for tilkopling og bruk av hamnestellet sitt anlegg for elektrisk straum<\/p>\n","protected":false},"excerpt":{"rendered":"<p>Nedanfor st\u00e5ande timesatsar gjeld dersom ikkje anna er avtala: 1. Dagtid: kl. 0700 &#8211; 1500 med 1 mann om bord kr\u00a01 600 med 2 mann om bord kr 2 050 Overtid: kl. 1500 &#8211; 2100 med 1 mann om bord kr 1 750 med 2 mann om bord kr 2 400 Kl. 2100 -0700 \u00a0\u00a0\u00a0\u00a0\u00a0\u00a0\u00a0\u00a0<\/p>\n","protected":false},"author":13,"featured_media":0,"parent":26,"menu_order":11,"comment_status":"closed","ping_status":"closed","template":"","meta":{"footnotes":""},"jetpack_sharing_enabled":true,"_links":{"self":[{"href":"https:\/\/sk-dokument.no\/hamn-budsjettogokonomiplan-2018-2021\/index.php?rest_route=\/wp\/v2\/pages\/49"}],"collection":[{"href":"https:\/\/sk-dokument.no\/hamn-budsjettogokonomiplan-2018-2021\/index.php?rest_route=\/wp\/v2\/pages"}],"about":[{"href":"https:\/\/sk-dokument.no\/hamn-budsjettogokonomiplan-2018-2021\/index.php?rest_route=\/wp\/v2\/types\/page"}],"author":[{"embeddable":true,"href":"https:\/\/sk-dokument.no\/hamn-budsjettogokonomiplan-2018-2021\/index.php?rest_route=\/wp\/v2\/users\/13"}],"replies":[{"embeddable":true,"href":"https:\/\/sk-dokument.no\/hamn-budsjettogokonomiplan-2018-2021\/index.php?rest_route=%2Fwp%2Fv2%2Fcomments&post=49"}],"version-history":[{"count":25,"href":"https:\/\/sk-dokument.no\/hamn-budsjettogokonomiplan-2018-2021\/index.php?rest_route=\/wp\/v2\/pages\/49\/revisions"}],"predecessor-version":[{"id":529,"href":"https:\/\/sk-dokument.no\/hamn-budsjettogokonomiplan-2018-2021\/index.php?rest_route=\/wp\/v2\/pages\/49\/revisions\/529"}],"up":[{"embeddable":true,"href":"https:\/\/sk-dokument.no\/hamn-budsjettogokonomiplan-2018-2021\/index.php?rest_route=\/wp\/v2\/pages\/26"}],"wp:attachment":[{"href":"https:\/\/sk-dokument.no\/hamn-budsjettogokonomiplan-2018-2021\/index.php?rest_route=%2Fwp%2Fv2%2Fmedia&parent=49"}],"curies":[{"name":"wp","href":"https:\/\/api.w.org\/{rel}","templated":true}]}}