{"id":59,"date":"2016-10-05T08:40:03","date_gmt":"2016-10-05T06:40:03","guid":{"rendered":"http:\/\/sk-dokument.no\/hamn-budsjettogokonomiplan-2018-2021\/?page_id=59"},"modified":"2017-10-03T09:46:33","modified_gmt":"2017-10-03T07:46:33","slug":"parkering","status":"publish","type":"page","link":"https:\/\/sk-dokument.no\/hamn-budsjettogokonomiplan-2018-2021\/?page_id=59","title":{"rendered":"Parkering"},"content":{"rendered":"<table style=\"width: 683px; height: 95px;\">\n<tbody>\n<tr style=\"height: 23.2px;\">\n<td style=\"width: 551.15px; height: 23.2px;\"><\/td>\n<td style=\"width: 123.84px; height: 23.2px;\"><\/td>\n<\/tr>\n<tr style=\"height: 23.2px;\">\n<td style=\"width: 551.15px; height: 23.2px;\">Parkeringsleige for ikkje-leigetakarar i Stord hamnestell sine bygg<\/td>\n<td style=\"width: 123.84px; height: 23.2px; text-align: left;\">kr 825 pr. mnd.<\/td>\n<\/tr>\n<tr style=\"height: 24px;\">\n<td style=\"width: 551.15px; height: 24px;\">Parkeringsleige for leigetakarar i Stord hamnestell sine bygg<\/td>\n<td style=\"width: 123.84px; height: 24px; text-align: left;\">kr 721 pr. mnd.<\/td>\n<\/tr>\n<tr style=\"height: 24px;\">\n<td style=\"width: 551.15px; height: 24px;\">Parkering av k\u00f8yret\u00f8y utan avtale med hamnestellet vert fakturert med<\/td>\n<td style=\"width: 123.84px; height: 24px; text-align: left;\">kr 150 pr. d\u00f8gn<\/td>\n<\/tr>\n<\/tbody>\n<\/table>\n<p dir=\"LTR\" align=\"LEFT\">\n","protected":false},"excerpt":{"rendered":"<p>Parkeringsleige for ikkje-leigetakarar i Stord hamnestell sine bygg kr 825 pr. mnd. Parkeringsleige for leigetakarar i Stord hamnestell sine bygg kr 721 pr. mnd. Parkering av k\u00f8yret\u00f8y utan avtale med hamnestellet vert fakturert med kr 150 pr. d\u00f8gn<\/p>\n","protected":false},"author":13,"featured_media":0,"parent":26,"menu_order":15,"comment_status":"closed","ping_status":"closed","template":"","meta":{"footnotes":""},"jetpack_sharing_enabled":true,"_links":{"self":[{"href":"https:\/\/sk-dokument.no\/hamn-budsjettogokonomiplan-2018-2021\/index.php?rest_route=\/wp\/v2\/pages\/59"}],"collection":[{"href":"https:\/\/sk-dokument.no\/hamn-budsjettogokonomiplan-2018-2021\/index.php?rest_route=\/wp\/v2\/pages"}],"about":[{"href":"https:\/\/sk-dokument.no\/hamn-budsjettogokonomiplan-2018-2021\/index.php?rest_route=\/wp\/v2\/types\/page"}],"author":[{"embeddable":true,"href":"https:\/\/sk-dokument.no\/hamn-budsjettogokonomiplan-2018-2021\/index.php?rest_route=\/wp\/v2\/users\/13"}],"replies":[{"embeddable":true,"href":"https:\/\/sk-dokument.no\/hamn-budsjettogokonomiplan-2018-2021\/index.php?rest_route=%2Fwp%2Fv2%2Fcomments&post=59"}],"version-history":[{"count":15,"href":"https:\/\/sk-dokument.no\/hamn-budsjettogokonomiplan-2018-2021\/index.php?rest_route=\/wp\/v2\/pages\/59\/revisions"}],"predecessor-version":[{"id":561,"href":"https:\/\/sk-dokument.no\/hamn-budsjettogokonomiplan-2018-2021\/index.php?rest_route=\/wp\/v2\/pages\/59\/revisions\/561"}],"up":[{"embeddable":true,"href":"https:\/\/sk-dokument.no\/hamn-budsjettogokonomiplan-2018-2021\/index.php?rest_route=\/wp\/v2\/pages\/26"}],"wp:attachment":[{"href":"https:\/\/sk-dokument.no\/hamn-budsjettogokonomiplan-2018-2021\/index.php?rest_route=%2Fwp%2Fv2%2Fmedia&parent=59"}],"curies":[{"name":"wp","href":"https:\/\/api.w.org\/{rel}","templated":true}]}}