{"id":74,"date":"2016-10-05T08:37:24","date_gmt":"2016-10-05T06:37:24","guid":{"rendered":"http:\/\/sk-dokument.no\/hamn-budsjettogokonomiplan-2018-2021\/?page_id=74"},"modified":"2017-10-03T09:45:57","modified_gmt":"2017-10-03T07:45:57","slug":"korttidsleige-batar-stord-hamnestell","status":"publish","type":"page","link":"https:\/\/sk-dokument.no\/hamn-budsjettogokonomiplan-2018-2021\/?page_id=74","title":{"rendered":"Korttidsleige b\u00e5tar Stord Hamnestell"},"content":{"rendered":"<p dir=\"LTR\" align=\"LEFT\"><strong>Gjeldande fr\u00e5 1.1.2018 til 31.12.2018<\/strong><\/p>\n<table style=\"width: 335.82px; height: 260px;\">\n<tbody>\n<tr>\n<td style=\"width: 186px;\"><\/td>\n<td style=\"width: 135.82px;\"><\/td>\n<\/tr>\n<tr>\n<td style=\"width: 186px;\">B\u00e5tar under 14 fot<\/td>\n<td style=\"width: 135.82px; text-align: left;\">Kr\u00a0\u00a0\u00a0 266 pr. mnd.<\/td>\n<\/tr>\n<tr>\n<td style=\"width: 186px;\">B\u00e5tar fr\u00e5 14 til 20 fot<\/td>\n<td style=\"width: 135.82px; text-align: left;\">Kr\u00a0\u00a0\u00a0 523 pr. mnd.<\/td>\n<\/tr>\n<tr>\n<td style=\"width: 186px;\">B\u00e5tar fr\u00e5 20 til 25 fot<\/td>\n<td style=\"width: 135.82px; text-align: left;\">Kr\u00a0\u00a0\u00a0\u00a0650 pr. mnd.<\/td>\n<\/tr>\n<tr>\n<td style=\"width: 186px;\">B\u00e5tar fr\u00e5 25 til 30 fot<\/td>\n<td style=\"width: 135.82px; text-align: left;\">Kr\u00a0\u00a0\u00a0 783 pr. mnd.<\/td>\n<\/tr>\n<tr>\n<td style=\"width: 186px;\">B\u00e5tar fr\u00e5 30 til 40 fot<\/td>\n<td style=\"width: 135.82px; text-align: left;\">Kr 1 047 pr. mnd.<\/td>\n<\/tr>\n<tr>\n<td style=\"width: 186px;\">B\u00e5tar fr\u00e5 40 til 50 fot<\/td>\n<td style=\"width: 135.82px; text-align: left;\">Kr 1 308 pr. mnd.<\/td>\n<\/tr>\n<tr>\n<td style=\"width: 186px;\">B\u00e5tar fr\u00e5 50 til 70 fot<\/td>\n<td style=\"width: 135.82px; text-align: left;\">Kr 1 568 pr. mnd.<\/td>\n<\/tr>\n<tr>\n<td style=\"width: 186px;\">B\u00e5tar over 70 fot<\/td>\n<td style=\"width: 135.82px; text-align: left;\">Etter avtale<\/td>\n<\/tr>\n<\/tbody>\n<\/table>\n<ul>\n<li>Straum kr 2,50 pr. kW t + meirverdiavgift<\/li>\n<li>Leige minimum 1 mnd.<\/li>\n<li>Korttidsleige er fr\u00e5 1. oktober til p\u00e5sken startar p\u00e5f\u00f8lgande \u00e5r<\/li>\n<li>Fr\u00e5 sesongstart ved p\u00e5ske til 1. oktober skal det ved gjestebryggene betalast kr 250 opp til 40 fot og kr 350 for b\u00e5tar over 40 fot.<\/li>\n<li>Bruk av b\u00e5ten som bustad skal avtalast skriftleg med hamnesjefen.<\/li>\n<\/ul>\n<p>&nbsp;<\/p>\n","protected":false},"excerpt":{"rendered":"<p>Gjeldande fr\u00e5 1.1.2018 til 31.12.2018 B\u00e5tar under 14 fot Kr\u00a0\u00a0\u00a0 266 pr. mnd. B\u00e5tar fr\u00e5 14 til 20 fot Kr\u00a0\u00a0\u00a0 523 pr. mnd. B\u00e5tar fr\u00e5 20 til 25 fot Kr\u00a0\u00a0\u00a0\u00a0650 pr. mnd. B\u00e5tar fr\u00e5 25 til 30 fot Kr\u00a0\u00a0\u00a0 783 pr. mnd. B\u00e5tar fr\u00e5 30 til 40 fot Kr 1 047 pr. mnd. B\u00e5tar fr\u00e5<\/p>\n","protected":false},"author":13,"featured_media":0,"parent":0,"menu_order":4,"comment_status":"closed","ping_status":"closed","template":"","meta":{"footnotes":""},"jetpack_sharing_enabled":true,"_links":{"self":[{"href":"https:\/\/sk-dokument.no\/hamn-budsjettogokonomiplan-2018-2021\/index.php?rest_route=\/wp\/v2\/pages\/74"}],"collection":[{"href":"https:\/\/sk-dokument.no\/hamn-budsjettogokonomiplan-2018-2021\/index.php?rest_route=\/wp\/v2\/pages"}],"about":[{"href":"https:\/\/sk-dokument.no\/hamn-budsjettogokonomiplan-2018-2021\/index.php?rest_route=\/wp\/v2\/types\/page"}],"author":[{"embeddable":true,"href":"https:\/\/sk-dokument.no\/hamn-budsjettogokonomiplan-2018-2021\/index.php?rest_route=\/wp\/v2\/users\/13"}],"replies":[{"embeddable":true,"href":"https:\/\/sk-dokument.no\/hamn-budsjettogokonomiplan-2018-2021\/index.php?rest_route=%2Fwp%2Fv2%2Fcomments&post=74"}],"version-history":[{"count":19,"href":"https:\/\/sk-dokument.no\/hamn-budsjettogokonomiplan-2018-2021\/index.php?rest_route=\/wp\/v2\/pages\/74\/revisions"}],"predecessor-version":[{"id":560,"href":"https:\/\/sk-dokument.no\/hamn-budsjettogokonomiplan-2018-2021\/index.php?rest_route=\/wp\/v2\/pages\/74\/revisions\/560"}],"wp:attachment":[{"href":"https:\/\/sk-dokument.no\/hamn-budsjettogokonomiplan-2018-2021\/index.php?rest_route=%2Fwp%2Fv2%2Fmedia&parent=74"}],"curies":[{"name":"wp","href":"https:\/\/api.w.org\/{rel}","templated":true}]}}