{"id":100,"date":"2017-06-30T09:38:34","date_gmt":"2017-06-30T07:38:34","guid":{"rendered":"http:\/\/sk-dokument.no\/hmt-system-rev-11-19\/?page_id=100"},"modified":"2017-07-04T13:20:55","modified_gmt":"2017-07-04T11:20:55","slug":"5-1-hmt-arshjul","status":"publish","type":"page","link":"https:\/\/sk-dokument.no\/hmt-system\/hmt-organisering-i-stord-kommune\/5-1-hmt-arshjul\/","title":{"rendered":"5.9 HMT \u00e5rshjul"},"content":{"rendered":"<p>HMT \u00e5rshjul regulerer felles HMT aktivitetar for einingane. \u00c5rshjulet er vegleiande for gjennomf\u00f8ring av kartlegging og risikovurdering av fysisk og psykososialt arbeidsmilj\u00f8, samt ytre milj\u00f8. Aktivitetane skal gjennomf\u00f8rast innan kvart tertial, og rapporterast til HMT-lag via HMT-leiar etter gjennomf\u00f8ring.<\/p>\n<p>Eininga sitt HMT-lag skal ha kopi av gjennomf\u00f8rt kartlegging og risikovurdering.<\/p>\n<p>HMT \u00e5rshjul er publisert i Compilo, og skal vera tilgjengeleg for alle einingsleiarar og eventuelt andre delegerte roller.<\/p>\n<p>&nbsp;<\/p>\n","protected":false},"excerpt":{"rendered":"<p>HMT \u00e5rshjul regulerer felles HMT aktivitetar for einingane. \u00c5rshjulet er vegleiande for gjennomf\u00f8ring av kartlegging og risikovurdering av fysisk og psykososialt arbeidsmilj\u00f8, samt ytre milj\u00f8. Aktivitetane skal gjennomf\u00f8rast innan kvart tertial, og rapporterast til HMT-lag via HMT-leiar etter gjennomf\u00f8ring. Eininga sitt HMT-lag skal ha kopi av gjennomf\u00f8rt kartlegging og risikovurdering. HMT \u00e5rshjul er publisert i<\/p>\n","protected":false},"author":5,"featured_media":0,"parent":29,"menu_order":9,"comment_status":"closed","ping_status":"closed","template":"","meta":{"footnotes":""},"jetpack_sharing_enabled":true,"_links":{"self":[{"href":"https:\/\/sk-dokument.no\/hmt-system\/wp-json\/wp\/v2\/pages\/100"}],"collection":[{"href":"https:\/\/sk-dokument.no\/hmt-system\/wp-json\/wp\/v2\/pages"}],"about":[{"href":"https:\/\/sk-dokument.no\/hmt-system\/wp-json\/wp\/v2\/types\/page"}],"author":[{"embeddable":true,"href":"https:\/\/sk-dokument.no\/hmt-system\/wp-json\/wp\/v2\/users\/5"}],"replies":[{"embeddable":true,"href":"https:\/\/sk-dokument.no\/hmt-system\/wp-json\/wp\/v2\/comments?post=100"}],"version-history":[{"count":6,"href":"https:\/\/sk-dokument.no\/hmt-system\/wp-json\/wp\/v2\/pages\/100\/revisions"}],"predecessor-version":[{"id":380,"href":"https:\/\/sk-dokument.no\/hmt-system\/wp-json\/wp\/v2\/pages\/100\/revisions\/380"}],"up":[{"embeddable":true,"href":"https:\/\/sk-dokument.no\/hmt-system\/wp-json\/wp\/v2\/pages\/29"}],"wp:attachment":[{"href":"https:\/\/sk-dokument.no\/hmt-system\/wp-json\/wp\/v2\/media?parent=100"}],"curies":[{"name":"wp","href":"https:\/\/api.w.org\/{rel}","templated":true}]}}