{"id":104,"date":"2017-06-30T09:38:58","date_gmt":"2017-06-30T07:38:58","guid":{"rendered":"http:\/\/sk-dokument.no\/hmt-system-rev-11-19\/?page_id=104"},"modified":"2017-07-11T13:51:58","modified_gmt":"2017-07-11T11:51:58","slug":"5-3-arbeidstkakar","status":"publish","type":"page","link":"https:\/\/sk-dokument.no\/hmt-system\/hmt-organisering-i-stord-kommune\/5-3-arbeidstkakar\/","title":{"rendered":"5.3 Arbeidstakar"},"content":{"rendered":"<p>Med arbeidstakar meinast tilsette i Stord kommune som er satt til \u00e5 gjera eit arbeid i kommunens teneste (jfr arbeidsmilj\u00f8lova \u00a7 1-8). Som arbeidstakar har ein medverknadsplikt i HMT-arbeidet slik arbeidsmilj\u00f8lova \u00a7 2-3 syner. Det vil seia at arbeidstakar skal:<\/p>\n<ul>\n<li>Medverke ved utforfming, gjennomf\u00f8ring og oppf\u00f8lging av kommunen sitt systematiske helse, milj\u00f8 og tryggleiksarbeid. Arbeidstakar skal vidare delta i det organiserte verne- og milj\u00f8arbeidet og aktivt medverke til gjennomf\u00f8ring av dei tiltak som vert sett i verk for \u00e5 skapa eit godt og trygt arbeidsmilj\u00f8<\/li>\n<li>Bruke p\u00e5budt verneutstyr, vise aktsemd og elles medverka til \u00e5 hindra ulukker og helseskader<\/li>\n<li>Straks underretta arbeidsgjevar og verneombodet, og om naudsynt, andre kollegaer n\u00e5r arbeidstakaren vert merksam p\u00e5 feil eller manglar som kan medf\u00f8ra fare for liv og helse, og vedkomande ikkje sj\u00f8lv kan retta p\u00e5 forholdet<\/li>\n<li>Avbryta arbeidet dersom ein meinar det ikkje kan fortsetja utan fare for liv eller helse<\/li>\n<li>S\u00f8rge for at arbeidsgjevar eller venreombodet vert underretta s\u00e5 snart arbeidstakar blir kjend med at det f\u00f8rekjem trakassering eller diskriminering p\u00e5 arbeidsplassen<\/li>\n<li>Melde fr\u00e5 til arbeidsgjevar dersom arbeidstakar vert skadd i arbeidet eller p\u00e5drar seg sjukdom som ein meinar har sin grunn i arbeidet eller forhold p\u00e5 arbeidsstaden<\/li>\n<li>Medverke ved utarbeiding og gjennomf\u00f8ring av oppf\u00f8lgingsplanar ved heilt eller delvis sjukefr\u00e5v\u00e6r<\/li>\n<li>Delta i dialogm\u00f8te etter innkalling fr\u00e5 arbeidsgjevar<\/li>\n<\/ul>\n<p>Arbeidstakar som har til oppg\u00e5ve \u00e5 leia eller kontrollera andre arbeidstakarar (til d\u00f8mes avdelingsleiar, koordinatorar, formenn mm), skal p\u00e5sj\u00e5 at omsyn til tryggleik og helse vert ivaretatt under planlegging og utf\u00f8ring av dei arbeidsoppg\u00e5ver som h\u00f8yrer under eige ansvarsomr\u00e5de.<\/p>\n","protected":false},"excerpt":{"rendered":"<p>Med arbeidstakar meinast tilsette i Stord kommune som er satt til \u00e5 gjera eit arbeid i kommunens teneste (jfr arbeidsmilj\u00f8lova \u00a7 1-8). Som arbeidstakar har ein medverknadsplikt i HMT-arbeidet slik arbeidsmilj\u00f8lova \u00a7 2-3 syner. Det vil seia at arbeidstakar skal: Medverke ved utforfming, gjennomf\u00f8ring og oppf\u00f8lging av kommunen sitt systematiske helse, milj\u00f8 og tryggleiksarbeid. Arbeidstakar<\/p>\n","protected":false},"author":5,"featured_media":0,"parent":29,"menu_order":3,"comment_status":"closed","ping_status":"closed","template":"","meta":{"footnotes":""},"jetpack_sharing_enabled":true,"_links":{"self":[{"href":"https:\/\/sk-dokument.no\/hmt-system\/wp-json\/wp\/v2\/pages\/104"}],"collection":[{"href":"https:\/\/sk-dokument.no\/hmt-system\/wp-json\/wp\/v2\/pages"}],"about":[{"href":"https:\/\/sk-dokument.no\/hmt-system\/wp-json\/wp\/v2\/types\/page"}],"author":[{"embeddable":true,"href":"https:\/\/sk-dokument.no\/hmt-system\/wp-json\/wp\/v2\/users\/5"}],"replies":[{"embeddable":true,"href":"https:\/\/sk-dokument.no\/hmt-system\/wp-json\/wp\/v2\/comments?post=104"}],"version-history":[{"count":8,"href":"https:\/\/sk-dokument.no\/hmt-system\/wp-json\/wp\/v2\/pages\/104\/revisions"}],"predecessor-version":[{"id":397,"href":"https:\/\/sk-dokument.no\/hmt-system\/wp-json\/wp\/v2\/pages\/104\/revisions\/397"}],"up":[{"embeddable":true,"href":"https:\/\/sk-dokument.no\/hmt-system\/wp-json\/wp\/v2\/pages\/29"}],"wp:attachment":[{"href":"https:\/\/sk-dokument.no\/hmt-system\/wp-json\/wp\/v2\/media?parent=104"}],"curies":[{"name":"wp","href":"https:\/\/api.w.org\/{rel}","templated":true}]}}