{"id":106,"date":"2017-06-30T09:39:07","date_gmt":"2017-06-30T07:39:07","guid":{"rendered":"http:\/\/sk-dokument.no\/hmt-system-rev-11-19\/?page_id=106"},"modified":"2023-02-03T11:00:05","modified_gmt":"2023-02-03T10:00:05","slug":"5-4-hmt-leiar","status":"publish","type":"page","link":"https:\/\/sk-dokument.no\/hmt-system\/hmt-organisering-i-stord-kommune\/5-4-hmt-leiar\/","title":{"rendered":"5.4 HMT-leiar"},"content":{"rendered":"<p>HMT-leiar har ansvar for oppdatering og vidaref\u00f8ring av det systematiske HMT-arbeidet.<\/p>\n<p>Funksjon som HMT-leiar er lagt til Personalgruppa med kontrollfunksjon og skal vera ressurs for einingane som r\u00e5dgjevar og p\u00e5drivar for HMT-arbeidet. HMT-leiar har ansvar for informasjon og oppl\u00e6ring ved vesentlege endringar i HMT-lovverk.<\/p>\n","protected":false},"excerpt":{"rendered":"<p>HMT-leiar har ansvar for oppdatering og vidaref\u00f8ring av det systematiske HMT-arbeidet. Funksjon som HMT-leiar er lagt til Personalgruppa med kontrollfunksjon og skal vera ressurs for einingane som r\u00e5dgjevar og p\u00e5drivar for HMT-arbeidet. HMT-leiar har ansvar for informasjon og oppl\u00e6ring ved vesentlege endringar i HMT-lovverk.<\/p>\n","protected":false},"author":5,"featured_media":0,"parent":29,"menu_order":4,"comment_status":"closed","ping_status":"closed","template":"","meta":{"footnotes":""},"jetpack_sharing_enabled":true,"_links":{"self":[{"href":"https:\/\/sk-dokument.no\/hmt-system\/wp-json\/wp\/v2\/pages\/106"}],"collection":[{"href":"https:\/\/sk-dokument.no\/hmt-system\/wp-json\/wp\/v2\/pages"}],"about":[{"href":"https:\/\/sk-dokument.no\/hmt-system\/wp-json\/wp\/v2\/types\/page"}],"author":[{"embeddable":true,"href":"https:\/\/sk-dokument.no\/hmt-system\/wp-json\/wp\/v2\/users\/5"}],"replies":[{"embeddable":true,"href":"https:\/\/sk-dokument.no\/hmt-system\/wp-json\/wp\/v2\/comments?post=106"}],"version-history":[{"count":7,"href":"https:\/\/sk-dokument.no\/hmt-system\/wp-json\/wp\/v2\/pages\/106\/revisions"}],"predecessor-version":[{"id":485,"href":"https:\/\/sk-dokument.no\/hmt-system\/wp-json\/wp\/v2\/pages\/106\/revisions\/485"}],"up":[{"embeddable":true,"href":"https:\/\/sk-dokument.no\/hmt-system\/wp-json\/wp\/v2\/pages\/29"}],"wp:attachment":[{"href":"https:\/\/sk-dokument.no\/hmt-system\/wp-json\/wp\/v2\/media?parent=106"}],"curies":[{"name":"wp","href":"https:\/\/api.w.org\/{rel}","templated":true}]}}