{"id":108,"date":"2017-06-30T09:39:18","date_gmt":"2017-06-30T07:39:18","guid":{"rendered":"http:\/\/sk-dokument.no\/hmt-system-rev-11-19\/?page_id=108"},"modified":"2019-11-13T09:05:02","modified_gmt":"2019-11-13T08:05:02","slug":"5-5-hovudverneombod","status":"publish","type":"page","link":"https:\/\/sk-dokument.no\/hmt-system\/hmt-organisering-i-stord-kommune\/5-5-hovudverneombod\/","title":{"rendered":"5.5 Hovudverneombod"},"content":{"rendered":"<p>Kommunen har om lag 52 verneomr\u00e5de med tilh\u00f8yrande verneombod som vert valt for 2 \u00e5r om gongen.<\/p>\n<p>Hovedverneombodet skal m.a. (jfr. Arbeidsmilj\u00f8lova \u00a7 6)<\/p>\n<ul>\n<li>samordna verneomboda sitt arbeid<\/li>\n<li>vera kontaktledd mellom verneombod \/ arbeidstakarar \/ leiing<\/li>\n<li>informera om det systematiske arbeidet med HMT i kommunen<\/li>\n<\/ul>\n<p>HVO skal involverast i f\u00f8lgjande saker:<\/p>\n<ul>\n<li>HMT-rutinar og HMT-system<\/li>\n<li>Omorganisering i kommunen<\/li>\n<li>Interne byggjesaker p\u00e5 tidlegast mogleg tidspunkt<\/li>\n<li>Avviksmeldingar<\/li>\n<li>Arbeidsmilj\u00f8utvalet<\/li>\n<li>Arbeidstilsynet sine tilsyn<\/li>\n<li>Samarbeid med bedriftshelsetenesta<\/li>\n<li>Medlem i varslingsgruppa<\/li>\n<\/ul>\n","protected":false},"excerpt":{"rendered":"<p>Kommunen har om lag 52 verneomr\u00e5de med tilh\u00f8yrande verneombod som vert valt for 2 \u00e5r om gongen. Hovedverneombodet skal m.a. (jfr. Arbeidsmilj\u00f8lova \u00a7 6) samordna verneomboda sitt arbeid vera kontaktledd mellom verneombod \/ arbeidstakarar \/ leiing informera om det systematiske arbeidet med HMT i kommunen HVO skal involverast i f\u00f8lgjande saker: HMT-rutinar og HMT-system Omorganisering<\/p>\n","protected":false},"author":5,"featured_media":0,"parent":29,"menu_order":5,"comment_status":"closed","ping_status":"closed","template":"","meta":{"footnotes":""},"jetpack_sharing_enabled":true,"_links":{"self":[{"href":"https:\/\/sk-dokument.no\/hmt-system\/wp-json\/wp\/v2\/pages\/108"}],"collection":[{"href":"https:\/\/sk-dokument.no\/hmt-system\/wp-json\/wp\/v2\/pages"}],"about":[{"href":"https:\/\/sk-dokument.no\/hmt-system\/wp-json\/wp\/v2\/types\/page"}],"author":[{"embeddable":true,"href":"https:\/\/sk-dokument.no\/hmt-system\/wp-json\/wp\/v2\/users\/5"}],"replies":[{"embeddable":true,"href":"https:\/\/sk-dokument.no\/hmt-system\/wp-json\/wp\/v2\/comments?post=108"}],"version-history":[{"count":7,"href":"https:\/\/sk-dokument.no\/hmt-system\/wp-json\/wp\/v2\/pages\/108\/revisions"}],"predecessor-version":[{"id":476,"href":"https:\/\/sk-dokument.no\/hmt-system\/wp-json\/wp\/v2\/pages\/108\/revisions\/476"}],"up":[{"embeddable":true,"href":"https:\/\/sk-dokument.no\/hmt-system\/wp-json\/wp\/v2\/pages\/29"}],"wp:attachment":[{"href":"https:\/\/sk-dokument.no\/hmt-system\/wp-json\/wp\/v2\/media?parent=108"}],"curies":[{"name":"wp","href":"https:\/\/api.w.org\/{rel}","templated":true}]}}