{"id":110,"date":"2017-06-30T09:39:28","date_gmt":"2017-06-30T07:39:28","guid":{"rendered":"http:\/\/sk-dokument.no\/hmt-system-rev-11-19\/?page_id=110"},"modified":"2017-07-21T08:53:19","modified_gmt":"2017-07-21T06:53:19","slug":"5-6-verneombod","status":"publish","type":"page","link":"https:\/\/sk-dokument.no\/hmt-system\/hmt-organisering-i-stord-kommune\/5-6-verneombod\/","title":{"rendered":"5.6 Verneombod"},"content":{"rendered":"<p>Verneombodet representerer alle tilsette i sitt verneomr\u00e5de, og arbeider etter Arbeidsmilj\u00f8lova \u00a7 6. Verneomboda skal sj\u00e5ast som kommunen sin viktigaste ressurs i einingane for samarbeid om eit kontinuerleg HMT fokus.<\/p>\n<p>Det skal veljast verneombod i kvart einskild verneomr\u00e5de. Verneombodet skal veljast for 2 \u00e5r, men det kan vera ein fordel for einingane om VO ogs\u00e5 vil st\u00e5 lengre enn denne perioden.<\/p>\n<p><span style=\"text-decoration: underline;\">Arbeidsomr\u00e5det til verneombod:<\/span><\/p>\n<ul>\n<li>ta del i vernerundar p\u00e5 eininga<\/li>\n<li>medverka til at tiltak vert gjennomf\u00f8rte<\/li>\n<li>p\u00e5 eige initiativ ta opp saker som er viktige for dei tilsette si helse, tryggleik og trivsel<\/li>\n<li>kan stoppa arbeid\/stengja arbeidsplassar dersom tryggleiksomsyn gjer det naudsynt<\/li>\n<li>ta saker opp med n\u00e6raste overordna i lineorganisasjonen<\/li>\n<li>ta eventuelt saker opp med HVO som f\u00f8rer saka vidare i organisasjonen<\/li>\n<\/ul>\n<p>Oversikt over verneomr\u00e5de er vedlagt HMT-systemet.<\/p>\n","protected":false},"excerpt":{"rendered":"<p>Verneombodet representerer alle tilsette i sitt verneomr\u00e5de, og arbeider etter Arbeidsmilj\u00f8lova \u00a7 6. Verneomboda skal sj\u00e5ast som kommunen sin viktigaste ressurs i einingane for samarbeid om eit kontinuerleg HMT fokus. Det skal veljast verneombod i kvart einskild verneomr\u00e5de. Verneombodet skal veljast for 2 \u00e5r, men det kan vera ein fordel for einingane om VO ogs\u00e5<\/p>\n","protected":false},"author":5,"featured_media":0,"parent":29,"menu_order":6,"comment_status":"closed","ping_status":"closed","template":"","meta":{"footnotes":""},"jetpack_sharing_enabled":true,"_links":{"self":[{"href":"https:\/\/sk-dokument.no\/hmt-system\/wp-json\/wp\/v2\/pages\/110"}],"collection":[{"href":"https:\/\/sk-dokument.no\/hmt-system\/wp-json\/wp\/v2\/pages"}],"about":[{"href":"https:\/\/sk-dokument.no\/hmt-system\/wp-json\/wp\/v2\/types\/page"}],"author":[{"embeddable":true,"href":"https:\/\/sk-dokument.no\/hmt-system\/wp-json\/wp\/v2\/users\/5"}],"replies":[{"embeddable":true,"href":"https:\/\/sk-dokument.no\/hmt-system\/wp-json\/wp\/v2\/comments?post=110"}],"version-history":[{"count":6,"href":"https:\/\/sk-dokument.no\/hmt-system\/wp-json\/wp\/v2\/pages\/110\/revisions"}],"predecessor-version":[{"id":455,"href":"https:\/\/sk-dokument.no\/hmt-system\/wp-json\/wp\/v2\/pages\/110\/revisions\/455"}],"up":[{"embeddable":true,"href":"https:\/\/sk-dokument.no\/hmt-system\/wp-json\/wp\/v2\/pages\/29"}],"wp:attachment":[{"href":"https:\/\/sk-dokument.no\/hmt-system\/wp-json\/wp\/v2\/media?parent=110"}],"curies":[{"name":"wp","href":"https:\/\/api.w.org\/{rel}","templated":true}]}}