{"id":112,"date":"2017-06-30T09:39:41","date_gmt":"2017-06-30T07:39:41","guid":{"rendered":"http:\/\/sk-dokument.no\/hmt-system-rev-11-19\/?page_id=112"},"modified":"2021-05-11T08:06:48","modified_gmt":"2021-05-11T06:06:48","slug":"5-7-bedriftshelseteneste","status":"publish","type":"page","link":"https:\/\/sk-dokument.no\/hmt-system\/hmt-organisering-i-stord-kommune\/5-7-bedriftshelseteneste\/","title":{"rendered":"5.7 Bedriftshelseteneste"},"content":{"rendered":"<p>Kommunen har avtale med <a href=\"https:\/\/aktimed.no\/her-finner-du-oss\/sunnhordland\/\">AktiMed Helse AS<\/a> om leveranse av bedriftshelseteneste i perioden 2021-2025. Sunnhordland interkommunale innkj\u00f8psforum inng\u00e5r avtale med bedriftshelseteneste for fire \u00e5r om gongen, med opsjon p\u00e5 to \u00e5r.<\/p>\n<p>Det er utabreida eigne rutinar for bruk av bedriftshelseteneste. Desse finn ein i Compilo.<\/p>\n<p><a href=\"https:\/\/aktimed.no\/her-finner-du-oss\/sunnhordland\/\"><img loading=\"lazy\" decoding=\"async\" class=\"alignnone wp-image-480 size-medium\" src=\"http:\/\/sk-dokument.no\/hmt-system\/wp-content\/uploads\/sites\/18\/2021\/05\/logo-aktimed-helse-300x47.png\" alt=\"\" width=\"300\" height=\"47\" srcset=\"https:\/\/sk-dokument.no\/hmt-system\/wp-content\/uploads\/sites\/18\/2021\/05\/logo-aktimed-helse-300x47.png 300w, https:\/\/sk-dokument.no\/hmt-system\/wp-content\/uploads\/sites\/18\/2021\/05\/logo-aktimed-helse.png 399w\" sizes=\"(max-width: 300px) 100vw, 300px\" \/><\/a><\/p>\n","protected":false},"excerpt":{"rendered":"<p>Kommunen har avtale med AktiMed Helse AS om leveranse av bedriftshelseteneste i perioden 2021-2025. Sunnhordland interkommunale innkj\u00f8psforum inng\u00e5r avtale med bedriftshelseteneste for fire \u00e5r om gongen, med opsjon p\u00e5 to \u00e5r. Det er utabreida eigne rutinar for bruk av bedriftshelseteneste. Desse finn ein i Compilo.<\/p>\n","protected":false},"author":5,"featured_media":0,"parent":29,"menu_order":7,"comment_status":"closed","ping_status":"closed","template":"","meta":{"footnotes":""},"jetpack_sharing_enabled":true,"_links":{"self":[{"href":"https:\/\/sk-dokument.no\/hmt-system\/wp-json\/wp\/v2\/pages\/112"}],"collection":[{"href":"https:\/\/sk-dokument.no\/hmt-system\/wp-json\/wp\/v2\/pages"}],"about":[{"href":"https:\/\/sk-dokument.no\/hmt-system\/wp-json\/wp\/v2\/types\/page"}],"author":[{"embeddable":true,"href":"https:\/\/sk-dokument.no\/hmt-system\/wp-json\/wp\/v2\/users\/5"}],"replies":[{"embeddable":true,"href":"https:\/\/sk-dokument.no\/hmt-system\/wp-json\/wp\/v2\/comments?post=112"}],"version-history":[{"count":5,"href":"https:\/\/sk-dokument.no\/hmt-system\/wp-json\/wp\/v2\/pages\/112\/revisions"}],"predecessor-version":[{"id":482,"href":"https:\/\/sk-dokument.no\/hmt-system\/wp-json\/wp\/v2\/pages\/112\/revisions\/482"}],"up":[{"embeddable":true,"href":"https:\/\/sk-dokument.no\/hmt-system\/wp-json\/wp\/v2\/pages\/29"}],"wp:attachment":[{"href":"https:\/\/sk-dokument.no\/hmt-system\/wp-json\/wp\/v2\/media?parent=112"}],"curies":[{"name":"wp","href":"https:\/\/api.w.org\/{rel}","templated":true}]}}