{"id":118,"date":"2017-06-30T09:44:01","date_gmt":"2017-06-30T07:44:01","guid":{"rendered":"http:\/\/sk-dokument.no\/hmt-system-rev-11-19\/?page_id=118"},"modified":"2021-03-05T09:51:59","modified_gmt":"2021-03-05T08:51:59","slug":"4-2-delmalsetting","status":"publish","type":"page","link":"https:\/\/sk-dokument.no\/hmt-system\/malsetting-for-hmt-arbeidet\/4-2-delmalsetting\/","title":{"rendered":"4.1 Delm\u00e5lsetting 2020-2022"},"content":{"rendered":"<p>AMU foresl\u00e5r delm\u00e5l som vert vedteke av DST.<\/p>\n<p>Stord kommune skal arbeida med HMT for \u00e5 n\u00e5 desse delm\u00e5la dei neste 2 \u00e5ra:<\/p>\n<p>H &#8211; Helse<\/p>\n<ul>\n<li>Reduksjon i totalt sjukefr\u00e5v\u00e6r til 7,5 % gjennom vidaref\u00f8ring av IA-avtalen, tett oppf\u00f8lging av sjukemeldte og god dialog med leiarane. Alle sektorar skal innan 2022 ha eit sjukefr\u00e5v\u00e6r som er 10 prosent l\u00e5gare enn samanlikna med eige resultat i 2016.<\/li>\n<li>Alle leiarar i kommunen skal ha gjennomg\u00e5tt eller gjennomg\u00e5 oppl\u00e6ring i arbeid med HMT og sjukefr\u00e5v\u00e6r<\/li>\n<\/ul>\n<p>M &#8211; Milj\u00f8, arbeidsmilj\u00f8 og ytre milj\u00f8<\/p>\n<ul>\n<li>Alle einingar skal innan 2020 vera sertifisert som Milj\u00f8fyrt\u00e5rn, herunder fastsette eigne m\u00e5l for p\u00e5verknad p\u00e5 ytre milj\u00f8<\/li>\n<li>Medarbeidarunders\u00f8kinga skal f\u00f8lgjast opp i heile organisasjonen<\/li>\n<li>Bilparken i kommunen skal innan 2022 best\u00e5 av minimum 50 prosent elbilar<\/li>\n<\/ul>\n<p>T &#8211; Tryggleik<\/p>\n<ul>\n<li>Alle einingar skal minimum \u00e5rleg gjennomf\u00f8ra vernerunde og risikovurdering av fysisk og psykososialt arbeidsmilj\u00f8 i tr\u00e5d med f\u00f8ringar i HMT\/milj\u00f8fyrt\u00e5rn \u00e5rshjul<\/li>\n<li>Alle einingar skal fastsetja \u00e5rlege HMT m\u00e5l. Oppf\u00f8lging av m\u00e5ltal vert rapportert i m\u00e5nadleg HMT-rapport<\/li>\n<li>Alle einingar skal utarbeida eigen handlingsplan med tiltak for \u00e5 oppn\u00e5 HMT-m\u00e5lsettingane<\/li>\n<li><span style=\"font-size: inherit;\">Alle einingar skal rapportera avvik, uynskte hendingar og forbetringsforslag, AUF, i Compilo, tilsvarande tal \u00e5rsverk per \u00e5r. Kommunen si overordna m\u00e5lsetting er 1100 AUF-meldingar<\/span><\/li>\n<li><span style=\"font-size: inherit;\">Alle einingar er venta \u00e5 ha minimum 30 prosent forbetringsforslag<\/span><\/li>\n<li>Alle AUF-meldingar skal ha minimum eitt registrert tiltak<\/li>\n<\/ul>\n","protected":false},"excerpt":{"rendered":"<p>AMU foresl\u00e5r delm\u00e5l som vert vedteke av DST. Stord kommune skal arbeida med HMT for \u00e5 n\u00e5 desse delm\u00e5la dei neste 2 \u00e5ra: H &#8211; Helse Reduksjon i totalt sjukefr\u00e5v\u00e6r til 7,5 % gjennom vidaref\u00f8ring av IA-avtalen, tett oppf\u00f8lging av sjukemeldte og god dialog med leiarane. Alle sektorar skal innan 2022 ha eit sjukefr\u00e5v\u00e6r som<\/p>\n","protected":false},"author":5,"featured_media":0,"parent":26,"menu_order":1,"comment_status":"closed","ping_status":"closed","template":"","meta":{"footnotes":""},"jetpack_sharing_enabled":true,"_links":{"self":[{"href":"https:\/\/sk-dokument.no\/hmt-system\/wp-json\/wp\/v2\/pages\/118"}],"collection":[{"href":"https:\/\/sk-dokument.no\/hmt-system\/wp-json\/wp\/v2\/pages"}],"about":[{"href":"https:\/\/sk-dokument.no\/hmt-system\/wp-json\/wp\/v2\/types\/page"}],"author":[{"embeddable":true,"href":"https:\/\/sk-dokument.no\/hmt-system\/wp-json\/wp\/v2\/users\/5"}],"replies":[{"embeddable":true,"href":"https:\/\/sk-dokument.no\/hmt-system\/wp-json\/wp\/v2\/comments?post=118"}],"version-history":[{"count":12,"href":"https:\/\/sk-dokument.no\/hmt-system\/wp-json\/wp\/v2\/pages\/118\/revisions"}],"predecessor-version":[{"id":479,"href":"https:\/\/sk-dokument.no\/hmt-system\/wp-json\/wp\/v2\/pages\/118\/revisions\/479"}],"up":[{"embeddable":true,"href":"https:\/\/sk-dokument.no\/hmt-system\/wp-json\/wp\/v2\/pages\/26"}],"wp:attachment":[{"href":"https:\/\/sk-dokument.no\/hmt-system\/wp-json\/wp\/v2\/media?parent=118"}],"curies":[{"name":"wp","href":"https:\/\/api.w.org\/{rel}","templated":true}]}}