{"id":130,"date":"2017-06-30T09:50:21","date_gmt":"2017-06-30T07:50:21","guid":{"rendered":"http:\/\/sk-dokument.no\/hmt-system-rev-11-19\/?page_id=130"},"modified":"2019-11-11T20:16:00","modified_gmt":"2019-11-11T19:16:00","slug":"2-1-opplaering-i-systematisk-hmt","status":"publish","type":"page","link":"https:\/\/sk-dokument.no\/hmt-system\/kva-er-systematisk-hmt-arbeid-i-stord-kommune\/2-1-opplaering-i-systematisk-hmt\/","title":{"rendered":"2.1 Oppl\u00e6ring i systematisk HMT"},"content":{"rendered":"<p>Oppl\u00e6ring i HMT er regulert av Arbeidsmilj\u00f8loven. Arbeidstakar skal til ei kvar tid vera informert om arbeidet som vert utf\u00f8rt utgjer risiko for helseskade, og tiltak som er sett i verk for \u00e5 f\u00f8rebyggja dette.<\/p>\n<p>HMT-leiar er ansvarleg for planlegging og\u00a0gjennomf\u00f8ring av grunnleggjande\u00a0HMT-oppl\u00e6ring. Einingsleiar er ansvarleg for registerf\u00f8ring innafor eigen eining.<br \/>\nAlle verneombod, leiarar med personalansvar og AMU-medlemer med sine vara, skal ha 40 timars grunnoppl\u00e6ring i Arbeidsmilj\u00f8. Alle tilsette med fag- og personalansvar skal ha inng\u00e5ande kjennskap til HMT-regelverk innafor sitt fagomr\u00e5de, og vera godt kjend med Stord kommune og eininga sitt HMT-system.<\/p>\n<p>Minimum kvart 2. \u00e5r (partals\u00e5r) arrangerer Stord kommune i samarbeid med bedriftshelsetenesta 40-timars grunnoppl\u00e6ring i arbeidsmilj\u00f8. Alle nye leiarar og verneombod har krav om kurs, men ogs\u00e5 leiarar og verneombod med kurs som er eldre enn\u00a07 \u00e5r vert oppmoda til \u00e5 delta.<\/p>\n<p>\u00c5rleg skal det haldast HMT-kurs der m\u00e5lgruppa er verneombod og tilsette med personalansvar. Innhald i HMT-kurs kan variere, men skal minimum innehalde:<\/p>\n<ul>\n<li>Endringar i HMT-lovverk siste \u00e5r<\/li>\n<li>Gjennomgong av HMT-system i Stord kommune<\/li>\n<li>Repetisjon av oppslagsverk i HMT-regelverk<\/li>\n<li>IA-arbeid<\/li>\n<li>Det skal f\u00f8rast register over innhald i HMT-oppl\u00e6ring, namn og stilling til tilsette som har gjennomf\u00f8rt oppl\u00e6ring.<\/li>\n<\/ul>\n<p>Medlemer i AKAN-utval og varslingsgruppa skal ha relevant oppl\u00e6ring.<\/p>\n","protected":false},"excerpt":{"rendered":"<p>Oppl\u00e6ring i HMT er regulert av Arbeidsmilj\u00f8loven. Arbeidstakar skal til ei kvar tid vera informert om arbeidet som vert utf\u00f8rt utgjer risiko for helseskade, og tiltak som er sett i verk for \u00e5 f\u00f8rebyggja dette. HMT-leiar er ansvarleg for planlegging og\u00a0gjennomf\u00f8ring av grunnleggjande\u00a0HMT-oppl\u00e6ring. Einingsleiar er ansvarleg for registerf\u00f8ring innafor eigen eining. Alle verneombod, leiarar med<\/p>\n","protected":false},"author":5,"featured_media":0,"parent":17,"menu_order":1,"comment_status":"closed","ping_status":"closed","template":"","meta":{"footnotes":""},"jetpack_sharing_enabled":true,"_links":{"self":[{"href":"https:\/\/sk-dokument.no\/hmt-system\/wp-json\/wp\/v2\/pages\/130"}],"collection":[{"href":"https:\/\/sk-dokument.no\/hmt-system\/wp-json\/wp\/v2\/pages"}],"about":[{"href":"https:\/\/sk-dokument.no\/hmt-system\/wp-json\/wp\/v2\/types\/page"}],"author":[{"embeddable":true,"href":"https:\/\/sk-dokument.no\/hmt-system\/wp-json\/wp\/v2\/users\/5"}],"replies":[{"embeddable":true,"href":"https:\/\/sk-dokument.no\/hmt-system\/wp-json\/wp\/v2\/comments?post=130"}],"version-history":[{"count":4,"href":"https:\/\/sk-dokument.no\/hmt-system\/wp-json\/wp\/v2\/pages\/130\/revisions"}],"predecessor-version":[{"id":463,"href":"https:\/\/sk-dokument.no\/hmt-system\/wp-json\/wp\/v2\/pages\/130\/revisions\/463"}],"up":[{"embeddable":true,"href":"https:\/\/sk-dokument.no\/hmt-system\/wp-json\/wp\/v2\/pages\/17"}],"wp:attachment":[{"href":"https:\/\/sk-dokument.no\/hmt-system\/wp-json\/wp\/v2\/media?parent=130"}],"curies":[{"name":"wp","href":"https:\/\/api.w.org\/{rel}","templated":true}]}}