{"id":135,"date":"2017-06-30T09:51:58","date_gmt":"2017-06-30T07:51:58","guid":{"rendered":"http:\/\/sk-dokument.no\/hmt-system-rev-11-19\/?page_id=135"},"modified":"2017-07-04T13:03:36","modified_gmt":"2017-07-04T11:03:36","slug":"5-3-2-driftsstyret","status":"publish","type":"page","link":"https:\/\/sk-dokument.no\/hmt-system\/hmt-organisering-i-stord-kommune\/hmt-lag\/5-3-2-driftsstyret\/","title":{"rendered":"5.8.2 Driftsstyret"},"content":{"rendered":"<p>Driftsstyret, DST, sine oppg\u00e5ver og ansvarsomr\u00e5de g\u00e5r fram av politisk reglement og retningsliner for Stord kommune. DST er kommunen sitt partssamansette utval etter kommunelova \u00a7 25.<\/p>\n<p>DST har avgjerdsmynde i saker som gjeld forholdet mellom kommune som arbeidsgjevar og dei tilsette, dersom myndet ikkje er tillagt andre organ eller saka sin karakter tilseier at kommunestyret skal ha avgjerdsmynde.<\/p>\n","protected":false},"excerpt":{"rendered":"<p>Driftsstyret, DST, sine oppg\u00e5ver og ansvarsomr\u00e5de g\u00e5r fram av politisk reglement og retningsliner for Stord kommune. DST er kommunen sitt partssamansette utval etter kommunelova \u00a7 25. DST har avgjerdsmynde i saker som gjeld forholdet mellom kommune som arbeidsgjevar og dei tilsette, dersom myndet ikkje er tillagt andre organ eller saka sin karakter tilseier at kommunestyret<\/p>\n","protected":false},"author":5,"featured_media":0,"parent":33,"menu_order":2,"comment_status":"closed","ping_status":"closed","template":"","meta":{"footnotes":""},"jetpack_sharing_enabled":true,"_links":{"self":[{"href":"https:\/\/sk-dokument.no\/hmt-system\/wp-json\/wp\/v2\/pages\/135"}],"collection":[{"href":"https:\/\/sk-dokument.no\/hmt-system\/wp-json\/wp\/v2\/pages"}],"about":[{"href":"https:\/\/sk-dokument.no\/hmt-system\/wp-json\/wp\/v2\/types\/page"}],"author":[{"embeddable":true,"href":"https:\/\/sk-dokument.no\/hmt-system\/wp-json\/wp\/v2\/users\/5"}],"replies":[{"embeddable":true,"href":"https:\/\/sk-dokument.no\/hmt-system\/wp-json\/wp\/v2\/comments?post=135"}],"version-history":[{"count":3,"href":"https:\/\/sk-dokument.no\/hmt-system\/wp-json\/wp\/v2\/pages\/135\/revisions"}],"predecessor-version":[{"id":372,"href":"https:\/\/sk-dokument.no\/hmt-system\/wp-json\/wp\/v2\/pages\/135\/revisions\/372"}],"up":[{"embeddable":true,"href":"https:\/\/sk-dokument.no\/hmt-system\/wp-json\/wp\/v2\/pages\/33"}],"wp:attachment":[{"href":"https:\/\/sk-dokument.no\/hmt-system\/wp-json\/wp\/v2\/media?parent=135"}],"curies":[{"name":"wp","href":"https:\/\/api.w.org\/{rel}","templated":true}]}}