{"id":137,"date":"2017-06-30T09:52:10","date_gmt":"2017-06-30T07:52:10","guid":{"rendered":"http:\/\/sk-dokument.no\/hmt-system-rev-11-19\/?page_id=137"},"modified":"2017-07-04T13:06:10","modified_gmt":"2017-07-04T11:06:10","slug":"5-3-3-attforingsutvalet","status":"publish","type":"page","link":"https:\/\/sk-dokument.no\/hmt-system\/hmt-organisering-i-stord-kommune\/hmt-lag\/5-3-3-attforingsutvalet\/","title":{"rendered":"5.8.4 Attf\u00f8ringsutvalet"},"content":{"rendered":"<p>Attf\u00f8ringsutvalet skal handsama personsaker der tilrettelegging for arbeidstakar med redusert arbeidsevne vert vurdert. I dette utvalet sit HMT-leiar, personal- og organisasjonssjef og to hovudtillitsvalde. Utvalet er for tida samorganisert med stillingsgruppa.<\/p>\n<p>M\u00e5lsetjinga med attf\u00f8ringsutvalet er \u00e5 effektivisera arbeidet med bedriftsintern attf\u00f8ring for sjukemelde i kommunen. Utvalet skal ta stilling til eventuell omplassering i saker der tilsette med helsemessig \u00e5rsak treng eit alternativt arbeid.<\/p>\n","protected":false},"excerpt":{"rendered":"<p>Attf\u00f8ringsutvalet skal handsama personsaker der tilrettelegging for arbeidstakar med redusert arbeidsevne vert vurdert. I dette utvalet sit HMT-leiar, personal- og organisasjonssjef og to hovudtillitsvalde. Utvalet er for tida samorganisert med stillingsgruppa. M\u00e5lsetjinga med attf\u00f8ringsutvalet er \u00e5 effektivisera arbeidet med bedriftsintern attf\u00f8ring for sjukemelde i kommunen. Utvalet skal ta stilling til eventuell omplassering i saker der<\/p>\n","protected":false},"author":5,"featured_media":0,"parent":33,"menu_order":4,"comment_status":"closed","ping_status":"closed","template":"","meta":{"footnotes":""},"jetpack_sharing_enabled":true,"_links":{"self":[{"href":"https:\/\/sk-dokument.no\/hmt-system\/wp-json\/wp\/v2\/pages\/137"}],"collection":[{"href":"https:\/\/sk-dokument.no\/hmt-system\/wp-json\/wp\/v2\/pages"}],"about":[{"href":"https:\/\/sk-dokument.no\/hmt-system\/wp-json\/wp\/v2\/types\/page"}],"author":[{"embeddable":true,"href":"https:\/\/sk-dokument.no\/hmt-system\/wp-json\/wp\/v2\/users\/5"}],"replies":[{"embeddable":true,"href":"https:\/\/sk-dokument.no\/hmt-system\/wp-json\/wp\/v2\/comments?post=137"}],"version-history":[{"count":5,"href":"https:\/\/sk-dokument.no\/hmt-system\/wp-json\/wp\/v2\/pages\/137\/revisions"}],"predecessor-version":[{"id":375,"href":"https:\/\/sk-dokument.no\/hmt-system\/wp-json\/wp\/v2\/pages\/137\/revisions\/375"}],"up":[{"embeddable":true,"href":"https:\/\/sk-dokument.no\/hmt-system\/wp-json\/wp\/v2\/pages\/33"}],"wp:attachment":[{"href":"https:\/\/sk-dokument.no\/hmt-system\/wp-json\/wp\/v2\/media?parent=137"}],"curies":[{"name":"wp","href":"https:\/\/api.w.org\/{rel}","templated":true}]}}