{"id":140,"date":"2017-06-30T09:52:40","date_gmt":"2017-06-30T07:52:40","guid":{"rendered":"http:\/\/sk-dokument.no\/hmt-system-rev-11-19\/?page_id=140"},"modified":"2017-07-04T13:13:24","modified_gmt":"2017-07-04T11:13:24","slug":"5-3-4-hmt-lag","status":"publish","type":"page","link":"https:\/\/sk-dokument.no\/hmt-system\/hmt-organisering-i-stord-kommune\/hmt-lag\/5-3-4-hmt-lag\/","title":{"rendered":"5.8.3 HMT-lag"},"content":{"rendered":"<p>Stord kommune har 4 HMT-lag som rapporterar til AMU. HMT-lag er sett saman av likt tal representantar fr\u00e5 arbeidsgjevar og -takar. Minimum skal dette vera 3 representantar for arbeidsgjevar og 3 for arbeidstakar. HMT-lag har delegert ansvar for \u00e5 gjennomg\u00e5 alt innafor sitt omr\u00e5de. HMT-lag kan heva saker til AMU. Alle referat fr\u00e5 HMT-lag er referatsak i AMU.<\/p>\n<p>HMT-lag handsamar f\u00f8lgjande saker innafor sitt omr\u00e5de:<\/p>\n<ul>\n<li>Gjennomg\u00e5 avvik<\/li>\n<li>Gjennomg\u00e5 sjukefr\u00e5v\u00e6r-statistikk og IA m\u00e5lsettingar<\/li>\n<li>Gjennomg\u00e5 kartleggingar, yrkeshygieniske m\u00e5lingar og anna arbeid gjennomf\u00f8rt av bedriftshelsetenesta<\/li>\n<li>Gjennomg\u00e5 vernerundar og risikovurderingar sidan sist<\/li>\n<li>Fokus p\u00e5 HMT tema for komande og gjennomf\u00f8rt periode<\/li>\n<\/ul>\n<p>HMT-leiar er ansvarleg for utsending av innkalling, saksliste og overordna saksdokument, medan koordinerande leiar er m\u00f8teleiar.\u00a0HMT-lag skal ha minimum 4 m\u00f8ter i \u00e5ret, og m\u00f8teplan og HMT-tema er definert i HMT \u00e5rshjul.<\/p>\n","protected":false},"excerpt":{"rendered":"<p>Stord kommune har 4 HMT-lag som rapporterar til AMU. HMT-lag er sett saman av likt tal representantar fr\u00e5 arbeidsgjevar og -takar. Minimum skal dette vera 3 representantar for arbeidsgjevar og 3 for arbeidstakar. HMT-lag har delegert ansvar for \u00e5 gjennomg\u00e5 alt innafor sitt omr\u00e5de. HMT-lag kan heva saker til AMU. Alle referat fr\u00e5 HMT-lag er<\/p>\n","protected":false},"author":5,"featured_media":0,"parent":33,"menu_order":3,"comment_status":"closed","ping_status":"closed","template":"","meta":{"footnotes":""},"jetpack_sharing_enabled":true,"_links":{"self":[{"href":"https:\/\/sk-dokument.no\/hmt-system\/wp-json\/wp\/v2\/pages\/140"}],"collection":[{"href":"https:\/\/sk-dokument.no\/hmt-system\/wp-json\/wp\/v2\/pages"}],"about":[{"href":"https:\/\/sk-dokument.no\/hmt-system\/wp-json\/wp\/v2\/types\/page"}],"author":[{"embeddable":true,"href":"https:\/\/sk-dokument.no\/hmt-system\/wp-json\/wp\/v2\/users\/5"}],"replies":[{"embeddable":true,"href":"https:\/\/sk-dokument.no\/hmt-system\/wp-json\/wp\/v2\/comments?post=140"}],"version-history":[{"count":4,"href":"https:\/\/sk-dokument.no\/hmt-system\/wp-json\/wp\/v2\/pages\/140\/revisions"}],"predecessor-version":[{"id":377,"href":"https:\/\/sk-dokument.no\/hmt-system\/wp-json\/wp\/v2\/pages\/140\/revisions\/377"}],"up":[{"embeddable":true,"href":"https:\/\/sk-dokument.no\/hmt-system\/wp-json\/wp\/v2\/pages\/33"}],"wp:attachment":[{"href":"https:\/\/sk-dokument.no\/hmt-system\/wp-json\/wp\/v2\/media?parent=140"}],"curies":[{"name":"wp","href":"https:\/\/api.w.org\/{rel}","templated":true}]}}