{"id":144,"date":"2017-06-30T10:15:07","date_gmt":"2017-06-30T08:15:07","guid":{"rendered":"http:\/\/sk-dokument.no\/hmt-system-rev-11-19\/?page_id=144"},"modified":"2017-07-04T14:35:47","modified_gmt":"2017-07-04T12:35:47","slug":"7-1-registrering-av-avvik-uynskte-hendingar-og-forbetringsforslag","status":"publish","type":"page","link":"https:\/\/sk-dokument.no\/hmt-system\/7-rutinar-for-a-avdekkja-retta-opp-og-forebyggja-uynskte-hendingar\/7-1-registrering-av-avvik-uynskte-hendingar-og-forbetringsforslag\/","title":{"rendered":"7.2 Registrering av avvik, uynskte hendingar og forbetringsforslag (AUF)"},"content":{"rendered":"<p>All registrering av avvik, uynskte hendingar og forbetringsforslag (AUF) skal gjerast i Compilo. Som hovudregel skal den tilsette sj\u00f8lv registrere AUF, men dersom dette ikkje er mogleg, kan meldinga gjevast til verneombod eller n\u00e6raste leiar for registrering. Compilo skil p\u00e5 registrering av eit nesten-uhell og ulukke\/skade og p\u00e5verknad mot ytre milj\u00f8.<\/p>\n<p>Definisjon av AUF:<\/p>\n<p><em>Avvik, A:<\/em><\/p>\n<p>Eit avvik er registrering av ei hending som bryt med internt og nasjonalt regelverk. Det kan til d\u00f8mes vera ei hending som resulterer i skade p\u00e5 menneske, milj\u00f8 eller materiell.<\/p>\n<p><em>Uynskt hending, U:<\/em><\/p>\n<p>Ei uynskt hending eller nestenuhell er registrering av ei hending som har potensiale til \u00e5 bli eit avvik og f\u00f8ra til skade p\u00e5 menneske, milj\u00f8 eller materiell dersom ein ikkje set i verk tiltak.<\/p>\n<p><em>Forbetringsforslag, F:<\/em><\/p>\n<p>Eit forbetringsforslag skal vera registering av tiltak f\u00f8resl\u00e5tt med m\u00e5l om \u00e5 f\u00f8rebyggja ulukker, redusera p\u00e5verknad p\u00e5 ytre milj\u00f8 eller negativ p\u00e5verknad p\u00e5 materiell eller brukarar. Alle einingar skal utarbeide eit system for mottak og handtering av forslag.<\/p>\n","protected":false},"excerpt":{"rendered":"<p>All registrering av avvik, uynskte hendingar og forbetringsforslag (AUF) skal gjerast i Compilo. Som hovudregel skal den tilsette sj\u00f8lv registrere AUF, men dersom dette ikkje er mogleg, kan meldinga gjevast til verneombod eller n\u00e6raste leiar for registrering. Compilo skil p\u00e5 registrering av eit nesten-uhell og ulukke\/skade og p\u00e5verknad mot ytre milj\u00f8. Definisjon av AUF: Avvik,<\/p>\n","protected":false},"author":5,"featured_media":0,"parent":142,"menu_order":2,"comment_status":"closed","ping_status":"closed","template":"","meta":{"footnotes":""},"jetpack_sharing_enabled":true,"_links":{"self":[{"href":"https:\/\/sk-dokument.no\/hmt-system\/wp-json\/wp\/v2\/pages\/144"}],"collection":[{"href":"https:\/\/sk-dokument.no\/hmt-system\/wp-json\/wp\/v2\/pages"}],"about":[{"href":"https:\/\/sk-dokument.no\/hmt-system\/wp-json\/wp\/v2\/types\/page"}],"author":[{"embeddable":true,"href":"https:\/\/sk-dokument.no\/hmt-system\/wp-json\/wp\/v2\/users\/5"}],"replies":[{"embeddable":true,"href":"https:\/\/sk-dokument.no\/hmt-system\/wp-json\/wp\/v2\/comments?post=144"}],"version-history":[{"count":6,"href":"https:\/\/sk-dokument.no\/hmt-system\/wp-json\/wp\/v2\/pages\/144\/revisions"}],"predecessor-version":[{"id":392,"href":"https:\/\/sk-dokument.no\/hmt-system\/wp-json\/wp\/v2\/pages\/144\/revisions\/392"}],"up":[{"embeddable":true,"href":"https:\/\/sk-dokument.no\/hmt-system\/wp-json\/wp\/v2\/pages\/142"}],"wp:attachment":[{"href":"https:\/\/sk-dokument.no\/hmt-system\/wp-json\/wp\/v2\/media?parent=144"}],"curies":[{"name":"wp","href":"https:\/\/api.w.org\/{rel}","templated":true}]}}