{"id":146,"date":"2017-06-30T10:16:07","date_gmt":"2017-06-30T08:16:07","guid":{"rendered":"http:\/\/sk-dokument.no\/hmt-system-rev-11-19\/?page_id=146"},"modified":"2019-11-12T11:15:42","modified_gmt":"2019-11-12T10:15:42","slug":"7-2-intern-varsling-varsel-om-kritikkverdige-forhold-etter-aml-%c2%a7%c2%a7-2-4-2-5-og-3-6","status":"publish","type":"page","link":"https:\/\/sk-dokument.no\/hmt-system\/7-rutinar-for-a-avdekkja-retta-opp-og-forebyggja-uynskte-hendingar\/7-2-intern-varsling-varsel-om-kritikkverdige-forhold-etter-aml-%c2%a7%c2%a7-2-4-2-5-og-3-6\/","title":{"rendered":"7.1 Intern varsling (varsel om kritikkverdige forhold) etter AML \u00a7\u00a7  2-4, 2-5 og 3-6"},"content":{"rendered":"<p>I Stord kommune er det \u00f8nskjeleg at tilsette seier fr\u00e5 dersom dei f\u00e5r kjennskap til kritikkverdige forhold. Varslingsrutina til kommunen finn ein i Compilo. Det er oppretta ei varslingsgruppe som skal samlast dersom ein ser det naudsynt. Det kan vera etter at saka er fors\u00f8kt l\u00f8yst med n\u00e6raste leiar og overordna leiar i f\u00f8rekant.<\/p>\n<p>Me \u00f8nskjer at tilsette seier fr\u00e5 om dei vert kjend med:<\/p>\n<ul>\n<li>brot p\u00e5 teieplikt, personvern eller HMT-rutinar<\/li>\n<li>milj\u00f8kriminalitet, som til d\u00f8mes ulovlege utslepp eller avfallsdumping<\/li>\n<li>\u00f8konomiske forhold som korrupsjon eller \u00f8konomisk utroskap<\/li>\n<li>mobbing, diskriminering og trakassering<\/li>\n<\/ul>\n<p>Det vil alltid vera ulike vurderingar kring hendingar som kan vera varslingspliktige. Me \u00f8nskjer at tilsette melder fr\u00e5 dersom dei meinar at hendinga anten er av ein slik karakter at det inng\u00e5r som kritikkverdig, eller at hendinga ikkje vert opplevd tilstrekkeleg handtert innafor eiga eining. \u00c5 gi utrykk for usemje kring til d\u00f8mes avgjerdsler vert ikkje rekna som ei varsling.<\/p>\n<p>Det vert rekna som varsling dersom den tilsette seier fr\u00e5 om kritikkverdige tilh\u00f8ve:<\/p>\n<ol>\n<li>til leiinga eller andre ansvarlege i verksemda (intern)<\/li>\n<li>til tilsynsstyresmakter eller andre offentlege styresmakter, til d\u00f8mes Arbeidstilsynet eller Fylkesmannen (ekstern)<\/li>\n<li>til media m.v. (ekstern)<\/li>\n<\/ol>\n<p>Varsling internt i verksemda og til tilsyn\/offentleg styresmakt b\u00f8r vera pr\u00f8vd f\u00f8r ein varslar media. Ein tilsett m\u00e5 vera forsiktig med \u00e5 bruka media for \u00e5 f\u00e5 merksemd om kritikkverdige tilh\u00f8ve p\u00e5 arbeidsplassen. For \u00e5 oppfylla krav i arbeidsmilj\u00f8lova \u00a7 2-A1 (2) om vern av tilsette som varslar, er det ein f\u00f8resetnad at varslinga skjer p\u00e5 ein forsvarleg m\u00e5te.<\/p>\n","protected":false},"excerpt":{"rendered":"<p>I Stord kommune er det \u00f8nskjeleg at tilsette seier fr\u00e5 dersom dei f\u00e5r kjennskap til kritikkverdige forhold. Varslingsrutina til kommunen finn ein i Compilo. Det er oppretta ei varslingsgruppe som skal samlast dersom ein ser det naudsynt. Det kan vera etter at saka er fors\u00f8kt l\u00f8yst med n\u00e6raste leiar og overordna leiar i f\u00f8rekant. Me<\/p>\n","protected":false},"author":5,"featured_media":0,"parent":142,"menu_order":1,"comment_status":"closed","ping_status":"closed","template":"","meta":{"footnotes":""},"jetpack_sharing_enabled":true,"_links":{"self":[{"href":"https:\/\/sk-dokument.no\/hmt-system\/wp-json\/wp\/v2\/pages\/146"}],"collection":[{"href":"https:\/\/sk-dokument.no\/hmt-system\/wp-json\/wp\/v2\/pages"}],"about":[{"href":"https:\/\/sk-dokument.no\/hmt-system\/wp-json\/wp\/v2\/types\/page"}],"author":[{"embeddable":true,"href":"https:\/\/sk-dokument.no\/hmt-system\/wp-json\/wp\/v2\/users\/5"}],"replies":[{"embeddable":true,"href":"https:\/\/sk-dokument.no\/hmt-system\/wp-json\/wp\/v2\/comments?post=146"}],"version-history":[{"count":5,"href":"https:\/\/sk-dokument.no\/hmt-system\/wp-json\/wp\/v2\/pages\/146\/revisions"}],"predecessor-version":[{"id":471,"href":"https:\/\/sk-dokument.no\/hmt-system\/wp-json\/wp\/v2\/pages\/146\/revisions\/471"}],"up":[{"embeddable":true,"href":"https:\/\/sk-dokument.no\/hmt-system\/wp-json\/wp\/v2\/pages\/142"}],"wp:attachment":[{"href":"https:\/\/sk-dokument.no\/hmt-system\/wp-json\/wp\/v2\/media?parent=146"}],"curies":[{"name":"wp","href":"https:\/\/api.w.org\/{rel}","templated":true}]}}