{"id":152,"date":"2017-06-30T10:17:51","date_gmt":"2017-06-30T08:17:51","guid":{"rendered":"http:\/\/sk-dokument.no\/hmt-system-rev-11-19\/?page_id=152"},"modified":"2017-07-04T14:08:54","modified_gmt":"2017-07-04T12:08:54","slug":"3-2-tilgang-og-opplaering-i-compilo","status":"publish","type":"page","link":"https:\/\/sk-dokument.no\/hmt-system\/3-compilo\/3-2-tilgang-og-opplaering-i-compilo\/","title":{"rendered":"3.2 Tilgang og oppl\u00e6ring i Compilo"},"content":{"rendered":"<p>Alle tilsette skal ved tilsetjing ha naudsynt tilgong og oppl\u00e6ring i bruk av Compilo. Det skal med jamne mellomrom, og ved f\u00f8respurnad, leggjast til rette for bedriftsintern oppl\u00e6ring. Til oppl\u00e6ringa skal det inng\u00e5 ei forklaring av ulike omgrep i HMT-arbeidet, herunder kva me meinar med eit avvik, uynskte hendingar og forbetringsforslag.<\/p>\n","protected":false},"excerpt":{"rendered":"<p>Alle tilsette skal ved tilsetjing ha naudsynt tilgong og oppl\u00e6ring i bruk av Compilo. Det skal med jamne mellomrom, og ved f\u00f8respurnad, leggjast til rette for bedriftsintern oppl\u00e6ring. Til oppl\u00e6ringa skal det inng\u00e5 ei forklaring av ulike omgrep i HMT-arbeidet, herunder kva me meinar med eit avvik, uynskte hendingar og forbetringsforslag.<\/p>\n","protected":false},"author":5,"featured_media":0,"parent":148,"menu_order":2,"comment_status":"closed","ping_status":"closed","template":"","meta":{"footnotes":""},"jetpack_sharing_enabled":true,"_links":{"self":[{"href":"https:\/\/sk-dokument.no\/hmt-system\/wp-json\/wp\/v2\/pages\/152"}],"collection":[{"href":"https:\/\/sk-dokument.no\/hmt-system\/wp-json\/wp\/v2\/pages"}],"about":[{"href":"https:\/\/sk-dokument.no\/hmt-system\/wp-json\/wp\/v2\/types\/page"}],"author":[{"embeddable":true,"href":"https:\/\/sk-dokument.no\/hmt-system\/wp-json\/wp\/v2\/users\/5"}],"replies":[{"embeddable":true,"href":"https:\/\/sk-dokument.no\/hmt-system\/wp-json\/wp\/v2\/comments?post=152"}],"version-history":[{"count":4,"href":"https:\/\/sk-dokument.no\/hmt-system\/wp-json\/wp\/v2\/pages\/152\/revisions"}],"predecessor-version":[{"id":389,"href":"https:\/\/sk-dokument.no\/hmt-system\/wp-json\/wp\/v2\/pages\/152\/revisions\/389"}],"up":[{"embeddable":true,"href":"https:\/\/sk-dokument.no\/hmt-system\/wp-json\/wp\/v2\/pages\/148"}],"wp:attachment":[{"href":"https:\/\/sk-dokument.no\/hmt-system\/wp-json\/wp\/v2\/media?parent=152"}],"curies":[{"name":"wp","href":"https:\/\/api.w.org\/{rel}","templated":true}]}}