{"id":227,"date":"2017-06-30T10:46:18","date_gmt":"2017-06-30T08:46:18","guid":{"rendered":"http:\/\/sk-dokument.no\/hmt-system-rev-11-19\/?page_id=227"},"modified":"2019-11-12T11:18:20","modified_gmt":"2019-11-12T10:18:20","slug":"miljofyrtarn","status":"publish","type":"page","link":"https:\/\/sk-dokument.no\/hmt-system\/miljofyrtarn\/","title":{"rendered":"8. Milj\u00f8fyrt\u00e5rn"},"content":{"rendered":"<p>Milj\u00f8fyrt\u00e5rn er Norges mest brukte sertifikat for verksemder som \u00f8nskjer \u00e5 dokumentera sin milj\u00f8innsats og syna samfunnsansvar. I Stord har ein lenge hatt vedtak om \u00e5 vera Milj\u00f8fyrt\u00e5rn-kommune, og det har gjort det mogleg for verksemder lokalisert i kommunen \u00e5 bli sertifisert.<\/p>\n<p>Stord kommune har som m\u00e5lsetting \u00e5 vera Milj\u00f8fyrt\u00e5rn. Kommunen er sertifsert etter hovudkontormodellen til Milj\u00f8fyrt\u00e5rn. Hovudkontoret er definert som r\u00e5dhuset, og einingane elles er anten definert saman med andre i same lokasjon, eller som einskild eining.<\/p>\n<p>Stord kommune skal aktivt arbeida for \u00e5 fremja milj\u00f8venlege tiltak med m\u00e5l om l\u00e5gast mogleg p\u00e5verknad p\u00e5 ytre milj\u00f8. Som sertifisert Milj\u00f8fyrt\u00e5rn oppfyller alle einingar i kommunen kriterier fastsett av stiftinga Milj\u00f8fyrt\u00e5rn og gjennomf\u00f8rer tiltak for ei meir milj\u00f8venleg drift og godt arbeidsmilj\u00f8.<\/p>\n","protected":false},"excerpt":{"rendered":"<p>Milj\u00f8fyrt\u00e5rn er Norges mest brukte sertifikat for verksemder som \u00f8nskjer \u00e5 dokumentera sin milj\u00f8innsats og syna samfunnsansvar. I Stord har ein lenge hatt vedtak om \u00e5 vera Milj\u00f8fyrt\u00e5rn-kommune, og det har gjort det mogleg for verksemder lokalisert i kommunen \u00e5 bli sertifisert. Stord kommune har som m\u00e5lsetting \u00e5 vera Milj\u00f8fyrt\u00e5rn. Kommunen er sertifsert etter hovudkontormodellen<\/p>\n","protected":false},"author":5,"featured_media":0,"parent":0,"menu_order":8,"comment_status":"closed","ping_status":"closed","template":"","meta":{"footnotes":""},"jetpack_sharing_enabled":true,"_links":{"self":[{"href":"https:\/\/sk-dokument.no\/hmt-system\/wp-json\/wp\/v2\/pages\/227"}],"collection":[{"href":"https:\/\/sk-dokument.no\/hmt-system\/wp-json\/wp\/v2\/pages"}],"about":[{"href":"https:\/\/sk-dokument.no\/hmt-system\/wp-json\/wp\/v2\/types\/page"}],"author":[{"embeddable":true,"href":"https:\/\/sk-dokument.no\/hmt-system\/wp-json\/wp\/v2\/users\/5"}],"replies":[{"embeddable":true,"href":"https:\/\/sk-dokument.no\/hmt-system\/wp-json\/wp\/v2\/comments?post=227"}],"version-history":[{"count":6,"href":"https:\/\/sk-dokument.no\/hmt-system\/wp-json\/wp\/v2\/pages\/227\/revisions"}],"predecessor-version":[{"id":472,"href":"https:\/\/sk-dokument.no\/hmt-system\/wp-json\/wp\/v2\/pages\/227\/revisions\/472"}],"wp:attachment":[{"href":"https:\/\/sk-dokument.no\/hmt-system\/wp-json\/wp\/v2\/media?parent=227"}],"curies":[{"name":"wp","href":"https:\/\/api.w.org\/{rel}","templated":true}]}}