{"id":26,"date":"2017-06-30T08:46:34","date_gmt":"2017-06-30T06:46:34","guid":{"rendered":"http:\/\/sk-dokument.no\/hmt-system-rev-11-19\/?page_id=26"},"modified":"2019-11-11T20:18:04","modified_gmt":"2019-11-11T19:18:04","slug":"malsetting-for-hmt-arbeidet","status":"publish","type":"page","link":"https:\/\/sk-dokument.no\/hmt-system\/malsetting-for-hmt-arbeidet\/","title":{"rendered":"4. HMT-politikk i Stord kommune"},"content":{"rendered":"<p>Stord kommune skal gjennom eit m\u00e5lretta, aktivt og\u00a0systematisk HMT- arbeid s\u00f8rgja for trivsel og tryggleik for sine tilsette. Det skal vera eit gjennomg\u00e5ande arbeid for \u00e5 redusera kommunen sin eigen p\u00e5verknad p\u00e5 ytre milj\u00f8 gjennom tiltak knytt til avfallshandtering, energibruk, utslepp med meir. Kommunen skal framst\u00e5 som ein milj\u00f8-kommune og bidra til milj\u00f8tiltak i einingane.<\/p>\n<p>Gjennom systematisk HMT arbeid vil Stord kommune aktivt arbeida for:<\/p>\n<ul style=\"list-style-type: circle;\">\n<li>Eit fullt forsvarleg arbeidsmilj\u00f8 for alle tilsette<\/li>\n<li>Minst mogleg p\u00e5verknad p\u00e5 ytre milj\u00f8<\/li>\n<li>Kontinuerleg forbetring av HMT arbeid i einingane<\/li>\n<\/ul>\n<p>AMU fremjar forslag til m\u00e5lsetting for HMT-arbeidet til Driftsstyret.<\/p>\n<p>&nbsp;<\/p>\n","protected":false},"excerpt":{"rendered":"<p>Stord kommune skal gjennom eit m\u00e5lretta, aktivt og\u00a0systematisk HMT- arbeid s\u00f8rgja for trivsel og tryggleik for sine tilsette. Det skal vera eit gjennomg\u00e5ande arbeid for \u00e5 redusera kommunen sin eigen p\u00e5verknad p\u00e5 ytre milj\u00f8 gjennom tiltak knytt til avfallshandtering, energibruk, utslepp med meir. Kommunen skal framst\u00e5 som ein milj\u00f8-kommune og bidra til milj\u00f8tiltak i einingane.<\/p>\n","protected":false},"author":5,"featured_media":292,"parent":0,"menu_order":4,"comment_status":"closed","ping_status":"closed","template":"","meta":{"footnotes":""},"jetpack_sharing_enabled":true,"_links":{"self":[{"href":"https:\/\/sk-dokument.no\/hmt-system\/wp-json\/wp\/v2\/pages\/26"}],"collection":[{"href":"https:\/\/sk-dokument.no\/hmt-system\/wp-json\/wp\/v2\/pages"}],"about":[{"href":"https:\/\/sk-dokument.no\/hmt-system\/wp-json\/wp\/v2\/types\/page"}],"author":[{"embeddable":true,"href":"https:\/\/sk-dokument.no\/hmt-system\/wp-json\/wp\/v2\/users\/5"}],"replies":[{"embeddable":true,"href":"https:\/\/sk-dokument.no\/hmt-system\/wp-json\/wp\/v2\/comments?post=26"}],"version-history":[{"count":15,"href":"https:\/\/sk-dokument.no\/hmt-system\/wp-json\/wp\/v2\/pages\/26\/revisions"}],"predecessor-version":[{"id":464,"href":"https:\/\/sk-dokument.no\/hmt-system\/wp-json\/wp\/v2\/pages\/26\/revisions\/464"}],"wp:featuredmedia":[{"embeddable":true,"href":"https:\/\/sk-dokument.no\/hmt-system\/wp-json\/wp\/v2\/media\/292"}],"wp:attachment":[{"href":"https:\/\/sk-dokument.no\/hmt-system\/wp-json\/wp\/v2\/media?parent=26"}],"curies":[{"name":"wp","href":"https:\/\/api.w.org\/{rel}","templated":true}]}}