{"id":31,"date":"2017-06-30T08:52:32","date_gmt":"2017-06-30T06:52:32","guid":{"rendered":"http:\/\/sk-dokument.no\/hmt-system-rev-11-19\/?page_id=31"},"modified":"2017-07-03T14:19:32","modified_gmt":"2017-07-03T12:19:32","slug":"kartlegging-og-risikovurdering","status":"publish","type":"page","link":"https:\/\/sk-dokument.no\/hmt-system\/kartlegging-og-risikovurdering\/","title":{"rendered":"6. Kartlegging og risikovurdering"},"content":{"rendered":"<p>Forskrift om systematisk helse-, milj\u00f8- og sikkerhetsarbeid i virksomheter.<br \/>\n\u00a75 punkt 6:<br \/>\n<em>\u201cVirksomheten skal kartlegge farer og problemer og p\u00e5 denne bakgrunn vurdere risiko, samt utarbeide tilh\u00f8rende planer og tiltak for \u00e5 redusere risikoforholdene\u201d\ufffc<\/em><br \/>\n<strong>Skal dokumenterast skriftleg<\/strong><\/p>\n<p>Stord kommune har som m\u00e5lsetnad at alle einingar skal gjennomf\u00f8ra risikovurdering og utarbeida rullerande handlingsplanar for kontinuerleg forbetring p\u00e5 HMT. Til dette arbeidet er det utarbeida HMT \u00e5rshjul som regulerer tema og HMT-aktivitet gjennom heile \u00e5ret.<\/p>\n<p>Ei systematisk tiln\u00e6rming til risikobiletet er ein f\u00f8resetnad for arbeidet.<\/p>\n<p>Alle einingsleiarar f\u00e5r kurs i HMT arbeid, herunder risikovurdering. Eigne kurs for risikovurdering vert halde p\u00e5 initiativ fr\u00e5 einingane eller HMT-organisasjonen dersom ein ser det som naudsynt.<\/p>\n","protected":false},"excerpt":{"rendered":"<p>Forskrift om systematisk helse-, milj\u00f8- og sikkerhetsarbeid i virksomheter. \u00a75 punkt 6: \u201cVirksomheten skal kartlegge farer og problemer og p\u00e5 denne bakgrunn vurdere risiko, samt utarbeide tilh\u00f8rende planer og tiltak for \u00e5 redusere risikoforholdene\u201d\ufffc Skal dokumenterast skriftleg Stord kommune har som m\u00e5lsetnad at alle einingar skal gjennomf\u00f8ra risikovurdering og utarbeida rullerande handlingsplanar for kontinuerleg forbetring<\/p>\n","protected":false},"author":5,"featured_media":0,"parent":0,"menu_order":6,"comment_status":"closed","ping_status":"closed","template":"","meta":{"footnotes":""},"jetpack_sharing_enabled":true,"_links":{"self":[{"href":"https:\/\/sk-dokument.no\/hmt-system\/wp-json\/wp\/v2\/pages\/31"}],"collection":[{"href":"https:\/\/sk-dokument.no\/hmt-system\/wp-json\/wp\/v2\/pages"}],"about":[{"href":"https:\/\/sk-dokument.no\/hmt-system\/wp-json\/wp\/v2\/types\/page"}],"author":[{"embeddable":true,"href":"https:\/\/sk-dokument.no\/hmt-system\/wp-json\/wp\/v2\/users\/5"}],"replies":[{"embeddable":true,"href":"https:\/\/sk-dokument.no\/hmt-system\/wp-json\/wp\/v2\/comments?post=31"}],"version-history":[{"count":5,"href":"https:\/\/sk-dokument.no\/hmt-system\/wp-json\/wp\/v2\/pages\/31\/revisions"}],"predecessor-version":[{"id":324,"href":"https:\/\/sk-dokument.no\/hmt-system\/wp-json\/wp\/v2\/pages\/31\/revisions\/324"}],"wp:attachment":[{"href":"https:\/\/sk-dokument.no\/hmt-system\/wp-json\/wp\/v2\/media?parent=31"}],"curies":[{"name":"wp","href":"https:\/\/api.w.org\/{rel}","templated":true}]}}