{"id":330,"date":"2017-07-04T08:55:15","date_gmt":"2017-07-04T06:55:15","guid":{"rendered":"http:\/\/sk-dokument.no\/hmt-system-rev-11-19\/?page_id=330"},"modified":"2019-11-13T09:01:26","modified_gmt":"2019-11-13T08:01:26","slug":"innleiing-2","status":"publish","type":"page","link":"https:\/\/sk-dokument.no\/hmt-system\/innleiing-2\/","title":{"rendered":"0. Innleiing"},"content":{"rendered":"<p dir=\"LTR\">HMT-systemet til Stord kommune skal bidra til, og leggja f\u00f8ringar for, HMT-aktivitet i heile kommunen for \u00e5 oppn\u00e5 kommunen sine HMT-m\u00e5lsetjingar.<\/p>\n<p>HMT-systemet skal fremja eit forbetringsarbeid i kommunen innan:<\/p>\n<ul>\n<li><em>Arbeidsmilj\u00f8 og tryggleik<\/em><\/li>\n<li><em>F\u00f8rebygging av helseskade eller milj\u00f8forstyrringar fr\u00e5 produkt eller forbrukartenester<\/em><\/li>\n<li><em>Vern av det ytre milj\u00f8 mot forureining og ein betre handsaming av avfall\u00a0<\/em><\/li>\n<\/ul>\n<p>(<a href=\"https:\/\/lovdata.no\/dokument\/SF\/forskrift\/1996-12-06-1127\">Forskrift om systematisk helse- milj\u00f8 og tryggleiksarbeid i verksemder<\/a>)<\/p>\n<p dir=\"LTR\">HMT arbeid har fokus p\u00e5 forbetring. Det skal vera l\u00f8ysingsorientert og synleg i alle ledd i organisasjonen.<\/p>\n","protected":false},"excerpt":{"rendered":"<p>HMT-systemet til Stord kommune skal bidra til, og leggja f\u00f8ringar for, HMT-aktivitet i heile kommunen for \u00e5 oppn\u00e5 kommunen sine HMT-m\u00e5lsetjingar. HMT-systemet skal fremja eit forbetringsarbeid i kommunen innan: Arbeidsmilj\u00f8 og tryggleik F\u00f8rebygging av helseskade eller milj\u00f8forstyrringar fr\u00e5 produkt eller forbrukartenester Vern av det ytre milj\u00f8 mot forureining og ein betre handsaming av avfall\u00a0 (Forskrift<\/p>\n","protected":false},"author":5,"featured_media":342,"parent":0,"menu_order":0,"comment_status":"closed","ping_status":"closed","template":"","meta":{"footnotes":""},"jetpack_sharing_enabled":true,"_links":{"self":[{"href":"https:\/\/sk-dokument.no\/hmt-system\/wp-json\/wp\/v2\/pages\/330"}],"collection":[{"href":"https:\/\/sk-dokument.no\/hmt-system\/wp-json\/wp\/v2\/pages"}],"about":[{"href":"https:\/\/sk-dokument.no\/hmt-system\/wp-json\/wp\/v2\/types\/page"}],"author":[{"embeddable":true,"href":"https:\/\/sk-dokument.no\/hmt-system\/wp-json\/wp\/v2\/users\/5"}],"replies":[{"embeddable":true,"href":"https:\/\/sk-dokument.no\/hmt-system\/wp-json\/wp\/v2\/comments?post=330"}],"version-history":[{"count":5,"href":"https:\/\/sk-dokument.no\/hmt-system\/wp-json\/wp\/v2\/pages\/330\/revisions"}],"predecessor-version":[{"id":339,"href":"https:\/\/sk-dokument.no\/hmt-system\/wp-json\/wp\/v2\/pages\/330\/revisions\/339"}],"wp:featuredmedia":[{"embeddable":true,"href":"https:\/\/sk-dokument.no\/hmt-system\/wp-json\/wp\/v2\/media\/342"}],"wp:attachment":[{"href":"https:\/\/sk-dokument.no\/hmt-system\/wp-json\/wp\/v2\/media?parent=330"}],"curies":[{"name":"wp","href":"https:\/\/api.w.org\/{rel}","templated":true}]}}