{"id":35,"date":"2017-06-30T09:03:44","date_gmt":"2017-06-30T07:03:44","guid":{"rendered":"http:\/\/sk-dokument.no\/hmt-system-rev-11-19\/?page_id=35"},"modified":"2017-07-13T12:50:06","modified_gmt":"2017-07-13T10:50:06","slug":"overvaking-og-gjennomgang-av-systemet","status":"publish","type":"page","link":"https:\/\/sk-dokument.no\/hmt-system\/overvaking-og-gjennomgang-av-systemet\/","title":{"rendered":"9. Overvaking og gjennomgang av systemet"},"content":{"rendered":"<p><em>\u201dVirksomheten skal foreta systematisk overv\u00e5king og gjennomgang av internkontrollen for \u00e5 sikre at den fungerer som forutsatt\u201d\u00a0<\/em>(HMT-forskrifta \u00a7 5-8)<br \/>\n<strong>Skal dokumenterast skriftleg<\/strong><\/p>\n<p>Overordna HMT system skal gjennomg\u00e5ast av ei intern revisjonsgruppe best\u00e5ande av personal-\/organisasjonssjef, hovudverneombod og HMT-leiar. Revisjonsgruppa rapporterer til AMU. Revisjon skal gjennomf\u00f8rast kvart \u00e5r i samarbeid med BHT.<\/p>\n<p>HMT systemet vert sett p\u00e5 som eit levande dokument, og kan endrast med vedtak i AMU dersom ein ser det naudsynt. Gjeldande rutinar og prosedyrar knytt til det f\u00f8rebyggjande HMT-arbeidet, kan reviderast utan vedtak i AMU.<\/p>\n<p>Avvikshandteringa i kommunen skal bidra til auka fokus p\u00e5 utfordringar og feil med HMT systemet. Det er ein f\u00f8resetnad at Compilo vert nytta til slike avvik.<\/p>\n<p>AMU kan invitera einingar til kvart m\u00f8te, som orienterer om eige HMT-arbeid. M\u00e5lsetjinga for dette er \u00e5 minska \u201davstanden\u201d mellom AMU og einingane, samstundes som einingsleiar f\u00e5r eit h\u00f8ve til \u00e5 legga fram det ein faktisk arbeider med og er oppteken av i eiga eining n\u00e5r det gjeld HMT.<\/p>\n<p>HMT leiar har ansvar for \u00e5rleg rapport til AMU. \u00c5rsrapporten til AMU skal m.a. innehalda oversikt over HMT arbeidet i dei enkelte einingane.<\/p>\n","protected":false},"excerpt":{"rendered":"<p>\u201dVirksomheten skal foreta systematisk overv\u00e5king og gjennomgang av internkontrollen for \u00e5 sikre at den fungerer som forutsatt\u201d\u00a0(HMT-forskrifta \u00a7 5-8) Skal dokumenterast skriftleg Overordna HMT system skal gjennomg\u00e5ast av ei intern revisjonsgruppe best\u00e5ande av personal-\/organisasjonssjef, hovudverneombod og HMT-leiar. Revisjonsgruppa rapporterer til AMU. Revisjon skal gjennomf\u00f8rast kvart \u00e5r i samarbeid med BHT. HMT systemet vert sett p\u00e5<\/p>\n","protected":false},"author":5,"featured_media":0,"parent":0,"menu_order":9,"comment_status":"closed","ping_status":"closed","template":"","meta":{"footnotes":""},"jetpack_sharing_enabled":true,"_links":{"self":[{"href":"https:\/\/sk-dokument.no\/hmt-system\/wp-json\/wp\/v2\/pages\/35"}],"collection":[{"href":"https:\/\/sk-dokument.no\/hmt-system\/wp-json\/wp\/v2\/pages"}],"about":[{"href":"https:\/\/sk-dokument.no\/hmt-system\/wp-json\/wp\/v2\/types\/page"}],"author":[{"embeddable":true,"href":"https:\/\/sk-dokument.no\/hmt-system\/wp-json\/wp\/v2\/users\/5"}],"replies":[{"embeddable":true,"href":"https:\/\/sk-dokument.no\/hmt-system\/wp-json\/wp\/v2\/comments?post=35"}],"version-history":[{"count":7,"href":"https:\/\/sk-dokument.no\/hmt-system\/wp-json\/wp\/v2\/pages\/35\/revisions"}],"predecessor-version":[{"id":412,"href":"https:\/\/sk-dokument.no\/hmt-system\/wp-json\/wp\/v2\/pages\/35\/revisions\/412"}],"wp:attachment":[{"href":"https:\/\/sk-dokument.no\/hmt-system\/wp-json\/wp\/v2\/media?parent=35"}],"curies":[{"name":"wp","href":"https:\/\/api.w.org\/{rel}","templated":true}]}}