{"id":400,"date":"2017-07-11T14:56:19","date_gmt":"2017-07-11T12:56:19","guid":{"rendered":"http:\/\/sk-dokument.no\/hmt-system-rev-11-19\/?page_id=400"},"modified":"2017-07-13T11:39:31","modified_gmt":"2017-07-13T09:39:31","slug":"overordna-malsetting","status":"publish","type":"page","link":"https:\/\/sk-dokument.no\/hmt-system\/miljofyrtarn\/overordna-malsetting\/","title":{"rendered":"8.1 Overordna m\u00e5lsetting"},"content":{"rendered":"<p>Gjennom systematisk milj\u00f8leiing skal kommunen fremja milj\u00f8tiltak innan:<\/p>\n<p><strong>Innkj\u00f8p<\/strong><\/p>\n<ul>\n<li>Stille krav til og ettersp\u00f8r leverand\u00f8rar om milj\u00f8sertifisering<\/li>\n<li>Fortrinnsvis handle produkter med milj\u00f8merking, til d\u00f8mes Svanemerket, Debio, Fairtrade Norge med fleire<\/li>\n<\/ul>\n<p>Det er utarbeida eigen b\u00e6rekraftvegleiar for innkj\u00f8p ved offentlege anskaffingar. Stord kommune skal i st\u00f8rst mogleg grad velja anerkjente merkeordningar ved val av leverand\u00f8r.<\/p>\n<p>Det er utarbeida innkj\u00f8psvegleiar for IKT, bygg\/anlegg og eigedom, b\u00e6rekraftig innkj\u00f8p ved offentlege anskaffingar med meir. Oversikt finn du her<a href=\"http:\/\/www.miljofyrtarn.no\/2015-11-18-23-56-21\/innkj\u00f8p\">\u00a0http:\/\/www.miljofyrtarn.no\/2015-11-18-23-56-21\/innkj\u00f8p<\/a><\/p>\n<p><strong>HMT<\/strong><\/p>\n<p>Som Milj\u00f8fyrt\u00e5rn har kommunen sagt at me driv eit m\u00e5lretta forbetringsarbeid for f\u00f8rebygging av arbeidsrelaterte helseskader og sjukdomar, jamleg kartlegging og risikovurdering av fysisk og psykososialt arbeidsmilj\u00f8 og elles anna HMT-aktivitet med m\u00e5l om eit trygt og forsvarleg arbeidsmilj\u00f8.<\/p>\n<p>Her finn du nyttige lenkjer til aktuelle artiklar og organisasjonar:\u00a0<a href=\"http:\/\/www.miljofyrtarn.no\/2015-11-18-23-56-21\/arbeidsmilj\u00f8\">http:\/\/www.miljofyrtarn.no\/2015-11-18-23-56-21\/arbeidsmilj\u00f8<\/a><\/p>\n<p>Alle einingar skal fastsetja eigne m\u00e5lbare m\u00e5l for HMT, og inkludera dei i eininga sin handlingsplan.<\/p>\n<p><strong>Transport<\/strong><\/p>\n<p>Dei tilsette i Stord kommune skal ved alle h\u00f8ve gjera ei milj\u00f8venleg vurdering av eigen aktivitet. I h\u00f8ve transport, gjeld det \u00e5 redusera k\u00f8yrelengd til eit minimum, unng\u00e5 flyreiser om mogleg og i st\u00f8rst mogleg grad velja milj\u00f8venleg transport. Ved innkj\u00f8p av bilar i teneste, skal nye bilar (personbil, gruppa M1) vurderast etter f\u00f8lgjande modell:<\/p>\n<ol>\n<li>El-bil<\/li>\n<li>Hybridbil<\/li>\n<li>Bensin\/diesel bil med l\u00e5gast mogleg utslepp av CO2 og NOx<\/li>\n<\/ol>\n<p><a href=\"https:\/\/www.vegvesen.no\/kjoretoy\/Kjop+og+salg\/Nybilvelger\">Nybilveljar <\/a>b\u00f8r nyttast ved innkj\u00f8p eller leasing av ny bil.<\/p>\n<p>Der det vert sett p\u00e5 som hensiktsmessig, b\u00f8r ein etterstreba \u00e5 halda interaktive m\u00f8ter. Det er tilrettelagt for Skype-m\u00f8ter og fleire lokasjonar har tileigna rom for dette dersom m\u00f8tet har fleire deltakarar.<\/p>\n<p>Alle einingar skal fastsetja eigne m\u00e5lbare m\u00e5l for reduksjon av utslepp av CO2 og NOx gjennom reduksjon i transport.<\/p>\n<p><strong>Avfall<\/strong><\/p>\n<p>Stord kommune si satsing for reduksjon av avfall skal bidra til meir effektiv og optimalisert ressursbruk. Avfallspyramiden illustrerer prioriteringane i norsk avfalsspolitikk og EUs rammedirektiv for avfall. Det gir eit bilete av korleis kommunen sin avfallspolitikk er prioritert.<\/p>\n<p>Alle einingar skal fastsetja eigne m\u00e5lbare m\u00e5l for reduksjon av avfall, auka sorteringsgrad og auka gjenbruk.<\/p>\n<p>Nyttig lenkje til fagstoff og artiklar knytt til avfall og gjenvinnging (<a href=\"http:\/\/www.miljofyrtarn.no\/2015-11-18-23-56-21\/avfall\">http:\/\/www.miljofyrtarn.no\/2015-11-18-23-56-21\/avfall)<\/a><\/p>\n<p><img loading=\"lazy\" decoding=\"async\" width=\"818\" height=\"679\" class=\"alignnone size-full wp-image-404\" src=\"http:\/\/sk-dokument.no\/hmt-system-rev-11-19\/wp-content\/uploads\/sites\/7\/2017\/07\/Avfallspyramiden.jpg\" alt=\"\" srcset=\"https:\/\/sk-dokument.no\/hmt-system\/wp-content\/uploads\/sites\/18\/2017\/07\/Avfallspyramiden.jpg 818w, https:\/\/sk-dokument.no\/hmt-system\/wp-content\/uploads\/sites\/18\/2017\/07\/Avfallspyramiden-300x249.jpg 300w, https:\/\/sk-dokument.no\/hmt-system\/wp-content\/uploads\/sites\/18\/2017\/07\/Avfallspyramiden-768x637.jpg 768w, https:\/\/sk-dokument.no\/hmt-system\/wp-content\/uploads\/sites\/18\/2017\/07\/Avfallspyramiden-700x581.jpg 700w\" sizes=\"(max-width: 818px) 100vw, 818px\" \/><\/p>\n","protected":false},"excerpt":{"rendered":"<p>Gjennom systematisk milj\u00f8leiing skal kommunen fremja milj\u00f8tiltak innan: Innkj\u00f8p Stille krav til og ettersp\u00f8r leverand\u00f8rar om milj\u00f8sertifisering Fortrinnsvis handle produkter med milj\u00f8merking, til d\u00f8mes Svanemerket, Debio, Fairtrade Norge med fleire Det er utarbeida eigen b\u00e6rekraftvegleiar for innkj\u00f8p ved offentlege anskaffingar. Stord kommune skal i st\u00f8rst mogleg grad velja anerkjente merkeordningar ved val av leverand\u00f8r. Det<\/p>\n","protected":false},"author":5,"featured_media":0,"parent":227,"menu_order":1,"comment_status":"closed","ping_status":"closed","template":"","meta":{"footnotes":""},"jetpack_sharing_enabled":true,"_links":{"self":[{"href":"https:\/\/sk-dokument.no\/hmt-system\/wp-json\/wp\/v2\/pages\/400"}],"collection":[{"href":"https:\/\/sk-dokument.no\/hmt-system\/wp-json\/wp\/v2\/pages"}],"about":[{"href":"https:\/\/sk-dokument.no\/hmt-system\/wp-json\/wp\/v2\/types\/page"}],"author":[{"embeddable":true,"href":"https:\/\/sk-dokument.no\/hmt-system\/wp-json\/wp\/v2\/users\/5"}],"replies":[{"embeddable":true,"href":"https:\/\/sk-dokument.no\/hmt-system\/wp-json\/wp\/v2\/comments?post=400"}],"version-history":[{"count":8,"href":"https:\/\/sk-dokument.no\/hmt-system\/wp-json\/wp\/v2\/pages\/400\/revisions"}],"predecessor-version":[{"id":411,"href":"https:\/\/sk-dokument.no\/hmt-system\/wp-json\/wp\/v2\/pages\/400\/revisions\/411"}],"up":[{"embeddable":true,"href":"https:\/\/sk-dokument.no\/hmt-system\/wp-json\/wp\/v2\/pages\/227"}],"wp:attachment":[{"href":"https:\/\/sk-dokument.no\/hmt-system\/wp-json\/wp\/v2\/media?parent=400"}],"curies":[{"name":"wp","href":"https:\/\/api.w.org\/{rel}","templated":true}]}}