{"id":415,"date":"2017-07-13T13:14:30","date_gmt":"2017-07-13T11:14:30","guid":{"rendered":"http:\/\/sk-dokument.no\/hmt-system-rev-11-19\/?page_id=415"},"modified":"2017-07-13T13:18:39","modified_gmt":"2017-07-13T11:18:39","slug":"lover-og-forskrifter","status":"publish","type":"page","link":"https:\/\/sk-dokument.no\/hmt-system\/9-hmt-pa-einingsniva\/lover-og-forskrifter\/","title":{"rendered":"10.1 Lover og forskrifter"},"content":{"rendered":"<p>Einingsleiar skal i samarbeid med VO vurdera kva som er aktuelle lover og forskrifter for eininga, og gjera innhaldet kjend og tilgjengeleg for alle tilsette.<\/p>\n<p>Einingsleiar skal gjera seg kjend i lovverket og dei tilh\u00f8yrande forskrifter. Slik kunnskap vil skapa grunnlag for \u00e5 kunna f\u00f8rebygga og avdekka avvik \/ u\u00f8nska hendingar. Forskrifter vil ogs\u00e5 gje innspel til krav som skal settast i verk.<\/p>\n","protected":false},"excerpt":{"rendered":"<p>Einingsleiar skal i samarbeid med VO vurdera kva som er aktuelle lover og forskrifter for eininga, og gjera innhaldet kjend og tilgjengeleg for alle tilsette. Einingsleiar skal gjera seg kjend i lovverket og dei tilh\u00f8yrande forskrifter. Slik kunnskap vil skapa grunnlag for \u00e5 kunna f\u00f8rebygga og avdekka avvik \/ u\u00f8nska hendingar. Forskrifter vil ogs\u00e5 gje<\/p>\n","protected":false},"author":5,"featured_media":0,"parent":87,"menu_order":1,"comment_status":"closed","ping_status":"closed","template":"","meta":{"footnotes":""},"jetpack_sharing_enabled":true,"_links":{"self":[{"href":"https:\/\/sk-dokument.no\/hmt-system\/wp-json\/wp\/v2\/pages\/415"}],"collection":[{"href":"https:\/\/sk-dokument.no\/hmt-system\/wp-json\/wp\/v2\/pages"}],"about":[{"href":"https:\/\/sk-dokument.no\/hmt-system\/wp-json\/wp\/v2\/types\/page"}],"author":[{"embeddable":true,"href":"https:\/\/sk-dokument.no\/hmt-system\/wp-json\/wp\/v2\/users\/5"}],"replies":[{"embeddable":true,"href":"https:\/\/sk-dokument.no\/hmt-system\/wp-json\/wp\/v2\/comments?post=415"}],"version-history":[{"count":2,"href":"https:\/\/sk-dokument.no\/hmt-system\/wp-json\/wp\/v2\/pages\/415\/revisions"}],"predecessor-version":[{"id":433,"href":"https:\/\/sk-dokument.no\/hmt-system\/wp-json\/wp\/v2\/pages\/415\/revisions\/433"}],"up":[{"embeddable":true,"href":"https:\/\/sk-dokument.no\/hmt-system\/wp-json\/wp\/v2\/pages\/87"}],"wp:attachment":[{"href":"https:\/\/sk-dokument.no\/hmt-system\/wp-json\/wp\/v2\/media?parent=415"}],"curies":[{"name":"wp","href":"https:\/\/api.w.org\/{rel}","templated":true}]}}