{"id":417,"date":"2017-07-13T13:15:07","date_gmt":"2017-07-13T11:15:07","guid":{"rendered":"http:\/\/sk-dokument.no\/hmt-system-rev-11-19\/?page_id=417"},"modified":"2019-11-25T08:24:49","modified_gmt":"2019-11-25T07:24:49","slug":"kva-er-systematisk-hmt-arbeid-i-eininga-krav-til-samarbeid","status":"publish","type":"page","link":"https:\/\/sk-dokument.no\/hmt-system\/9-hmt-pa-einingsniva\/kva-er-systematisk-hmt-arbeid-i-eininga-krav-til-samarbeid\/","title":{"rendered":"10.2 Kva er systematisk HMT-arbeid i eininga? Krav til samarbeid."},"content":{"rendered":"<p>I einingane skal det vera etablert arenaer for medverknad og dr\u00f8fting mellom leiing og tilsette:<\/p>\n<ul>\n<li>M\u00f8te mellom einingsleiar, verneombod og tillitsvalde \u2013 minimum 2 per halv\u00e5r<\/li>\n<li>Personalm\u00f8ter med HMT som tema innleiingsvis i kvart m\u00f8te<\/li>\n<li>Medarbeidarsamtale<\/li>\n<li>VO\/tillitsvalde skal delta i prosjekt ved nybygg\/ombygging, omstilling og utvikling.<\/li>\n<\/ul>\n<p>Kommunen ser det som viktig at tilsette vert involvert i det kontinuerlege HMT arbeidet i kvar eining. Einingsleiar skal s\u00f8rgja for at alle f\u00e5r naudsynt oppl\u00e6ring i h\u00f8ve utf\u00f8rt risikovurdering og krav i gjeldande lover og forskrifter. Vidare er det eit prinsipp i alt HMT-arbeid at saker skal l\u00f8ysast p\u00e5 l\u00e5gaste niv\u00e5, og at me tek med i prosessen dei tilsette\/representantar som saka gjeld. Ved \u00e5rleg gjennomgang av HMT-systemet og informasjon om nytt innhald \/ evt. nye forskrifter skal hovudverneombod, verneombod og tilsette medverka.<\/p>\n","protected":false},"excerpt":{"rendered":"<p>I einingane skal det vera etablert arenaer for medverknad og dr\u00f8fting mellom leiing og tilsette: M\u00f8te mellom einingsleiar, verneombod og tillitsvalde \u2013 minimum 2 per halv\u00e5r Personalm\u00f8ter med HMT som tema innleiingsvis i kvart m\u00f8te Medarbeidarsamtale VO\/tillitsvalde skal delta i prosjekt ved nybygg\/ombygging, omstilling og utvikling. Kommunen ser det som viktig at tilsette vert involvert<\/p>\n","protected":false},"author":5,"featured_media":0,"parent":87,"menu_order":2,"comment_status":"closed","ping_status":"closed","template":"","meta":{"footnotes":""},"jetpack_sharing_enabled":true,"_links":{"self":[{"href":"https:\/\/sk-dokument.no\/hmt-system\/wp-json\/wp\/v2\/pages\/417"}],"collection":[{"href":"https:\/\/sk-dokument.no\/hmt-system\/wp-json\/wp\/v2\/pages"}],"about":[{"href":"https:\/\/sk-dokument.no\/hmt-system\/wp-json\/wp\/v2\/types\/page"}],"author":[{"embeddable":true,"href":"https:\/\/sk-dokument.no\/hmt-system\/wp-json\/wp\/v2\/users\/5"}],"replies":[{"embeddable":true,"href":"https:\/\/sk-dokument.no\/hmt-system\/wp-json\/wp\/v2\/comments?post=417"}],"version-history":[{"count":4,"href":"https:\/\/sk-dokument.no\/hmt-system\/wp-json\/wp\/v2\/pages\/417\/revisions"}],"predecessor-version":[{"id":478,"href":"https:\/\/sk-dokument.no\/hmt-system\/wp-json\/wp\/v2\/pages\/417\/revisions\/478"}],"up":[{"embeddable":true,"href":"https:\/\/sk-dokument.no\/hmt-system\/wp-json\/wp\/v2\/pages\/87"}],"wp:attachment":[{"href":"https:\/\/sk-dokument.no\/hmt-system\/wp-json\/wp\/v2\/media?parent=417"}],"curies":[{"name":"wp","href":"https:\/\/api.w.org\/{rel}","templated":true}]}}