{"id":419,"date":"2017-07-13T13:15:24","date_gmt":"2017-07-13T11:15:24","guid":{"rendered":"http:\/\/sk-dokument.no\/hmt-system-rev-11-19\/?page_id=419"},"modified":"2017-07-13T13:23:23","modified_gmt":"2017-07-13T11:23:23","slug":"compilo-opplaering-og-tilgong","status":"publish","type":"page","link":"https:\/\/sk-dokument.no\/hmt-system\/9-hmt-pa-einingsniva\/compilo-opplaering-og-tilgong\/","title":{"rendered":"10.3 Compilo &#8211; oppl\u00e6ring og tilgong"},"content":{"rendered":"<p>Eininga skal s\u00f8rgja for at tilsette f\u00e5r naudsynt oppl\u00e6ring og tilgong i Compilo. Dersom ein tilsett ikkje har data-tilgong, skal det lagast ei rutine for melding av AUF via verneombod eller n\u00e6raste leiar.<\/p>\n","protected":false},"excerpt":{"rendered":"<p>Eininga skal s\u00f8rgja for at tilsette f\u00e5r naudsynt oppl\u00e6ring og tilgong i Compilo. Dersom ein tilsett ikkje har data-tilgong, skal det lagast ei rutine for melding av AUF via verneombod eller n\u00e6raste leiar.<\/p>\n","protected":false},"author":5,"featured_media":0,"parent":87,"menu_order":3,"comment_status":"closed","ping_status":"closed","template":"","meta":{"footnotes":""},"jetpack_sharing_enabled":true,"_links":{"self":[{"href":"https:\/\/sk-dokument.no\/hmt-system\/wp-json\/wp\/v2\/pages\/419"}],"collection":[{"href":"https:\/\/sk-dokument.no\/hmt-system\/wp-json\/wp\/v2\/pages"}],"about":[{"href":"https:\/\/sk-dokument.no\/hmt-system\/wp-json\/wp\/v2\/types\/page"}],"author":[{"embeddable":true,"href":"https:\/\/sk-dokument.no\/hmt-system\/wp-json\/wp\/v2\/users\/5"}],"replies":[{"embeddable":true,"href":"https:\/\/sk-dokument.no\/hmt-system\/wp-json\/wp\/v2\/comments?post=419"}],"version-history":[{"count":3,"href":"https:\/\/sk-dokument.no\/hmt-system\/wp-json\/wp\/v2\/pages\/419\/revisions"}],"predecessor-version":[{"id":437,"href":"https:\/\/sk-dokument.no\/hmt-system\/wp-json\/wp\/v2\/pages\/419\/revisions\/437"}],"up":[{"embeddable":true,"href":"https:\/\/sk-dokument.no\/hmt-system\/wp-json\/wp\/v2\/pages\/87"}],"wp:attachment":[{"href":"https:\/\/sk-dokument.no\/hmt-system\/wp-json\/wp\/v2\/media?parent=419"}],"curies":[{"name":"wp","href":"https:\/\/api.w.org\/{rel}","templated":true}]}}