{"id":421,"date":"2017-07-13T13:15:38","date_gmt":"2017-07-13T11:15:38","guid":{"rendered":"http:\/\/sk-dokument.no\/hmt-system-rev-11-19\/?page_id=421"},"modified":"2019-11-12T11:24:36","modified_gmt":"2019-11-12T10:24:36","slug":"malsetting-for-hmt-arbeidet","status":"publish","type":"page","link":"https:\/\/sk-dokument.no\/hmt-system\/9-hmt-pa-einingsniva\/malsetting-for-hmt-arbeidet\/","title":{"rendered":"10.4 M\u00e5lsetting for HMT-arbeidet"},"content":{"rendered":"<p>M\u00e5l for HMT-arbeid, ut over det som er vedteke i Driftsstyret som overordna, skal utarbeidast saman med representant for tilsette.<\/p>\n<p>Alle HMT-m\u00e5l skal inkluderast i eininga sin handlingsplan. Det er vedteke eigne m\u00e5l for sjukefr\u00e5v\u00e6r, resultat p\u00e5 medarbeidarunders\u00f8king og tal AUF som eininga m\u00e5 integrera i handlingsplan. Einingane skal ogs\u00e5 etablere eigne m\u00e5lsettingar basert p\u00e5 klima- og milj\u00f8rapport som sertifisert milj\u00f8fyrt\u00e5rn.<\/p>\n","protected":false},"excerpt":{"rendered":"<p>M\u00e5l for HMT-arbeid, ut over det som er vedteke i Driftsstyret som overordna, skal utarbeidast saman med representant for tilsette. Alle HMT-m\u00e5l skal inkluderast i eininga sin handlingsplan. Det er vedteke eigne m\u00e5l for sjukefr\u00e5v\u00e6r, resultat p\u00e5 medarbeidarunders\u00f8king og tal AUF som eininga m\u00e5 integrera i handlingsplan. Einingane skal ogs\u00e5 etablere eigne m\u00e5lsettingar basert p\u00e5<\/p>\n","protected":false},"author":5,"featured_media":0,"parent":87,"menu_order":4,"comment_status":"closed","ping_status":"closed","template":"","meta":{"footnotes":""},"jetpack_sharing_enabled":true,"_links":{"self":[{"href":"https:\/\/sk-dokument.no\/hmt-system\/wp-json\/wp\/v2\/pages\/421"}],"collection":[{"href":"https:\/\/sk-dokument.no\/hmt-system\/wp-json\/wp\/v2\/pages"}],"about":[{"href":"https:\/\/sk-dokument.no\/hmt-system\/wp-json\/wp\/v2\/types\/page"}],"author":[{"embeddable":true,"href":"https:\/\/sk-dokument.no\/hmt-system\/wp-json\/wp\/v2\/users\/5"}],"replies":[{"embeddable":true,"href":"https:\/\/sk-dokument.no\/hmt-system\/wp-json\/wp\/v2\/comments?post=421"}],"version-history":[{"count":4,"href":"https:\/\/sk-dokument.no\/hmt-system\/wp-json\/wp\/v2\/pages\/421\/revisions"}],"predecessor-version":[{"id":474,"href":"https:\/\/sk-dokument.no\/hmt-system\/wp-json\/wp\/v2\/pages\/421\/revisions\/474"}],"up":[{"embeddable":true,"href":"https:\/\/sk-dokument.no\/hmt-system\/wp-json\/wp\/v2\/pages\/87"}],"wp:attachment":[{"href":"https:\/\/sk-dokument.no\/hmt-system\/wp-json\/wp\/v2\/media?parent=421"}],"curies":[{"name":"wp","href":"https:\/\/api.w.org\/{rel}","templated":true}]}}