{"id":427,"date":"2017-07-13T13:16:55","date_gmt":"2017-07-13T11:16:55","guid":{"rendered":"http:\/\/sk-dokument.no\/hmt-system-rev-11-19\/?page_id=427"},"modified":"2017-07-13T14:12:38","modified_gmt":"2017-07-13T12:12:38","slug":"registrering-og-handtering-av-auf-avvik-uynskte-hendingar-og-forbetringsforslag","status":"publish","type":"page","link":"https:\/\/sk-dokument.no\/hmt-system\/9-hmt-pa-einingsniva\/registrering-og-handtering-av-auf-avvik-uynskte-hendingar-og-forbetringsforslag\/","title":{"rendered":"10.7 Registrering og handtering av AUF (avvik, uynskte hendingar og forbetringsforslag)"},"content":{"rendered":"<p>Det er ei overordna m\u00e5lsetting at alle tilsette minimum leverer eitt AUF per to \u00e5r. Dette er eit m\u00e5l som gjeld for heile kommunen, og det er basert p\u00e5 eit gjennomsnittstal. Det vil seia at ein kan forvente eit h\u00f8gare tal i einskilde einingar med stort risikobilete.<\/p>\n<p>Det er ikkje mogleg \u00e5 levere AUF-meldingar skriftleg, dei skal registrerast i Compilo. Dersom tilsette ikkje har tilgong, eller tilstrekkeleg oppl\u00e6ring, skal det registrerast av verneombod, kollega eller n\u00e6raste leiar.<\/p>\n<p>Alle AUF skal handterast av n\u00e6raste leiar i f\u00f8rste omgong. Dersom n\u00e6raste leiar ikkje kan setja inn tiltak utan vidare avklaring, kan AUF sendast vidare oppover i organisasjonen. Dersom ei melding ikkje vert handtert innan gitte fristar, vil meldinga automatisk verta sendt vidare i organisasjonen. Den tilsette som har meldt AUF, kan alltid f\u00f8lgje dette. Lokalt verneombod vil motta kopi av AUF-meldingar som gjeld sitt verneombr\u00e5de. HMT-leiar og hovudverneombod har full lesetilgong, og skal gjera seg kjend med avvik som vert registrert.<\/p>\n<p>AUF-meldingar vert rapportert jamleg til HMT-lag og AMU.<\/p>\n","protected":false},"excerpt":{"rendered":"<p>Det er ei overordna m\u00e5lsetting at alle tilsette minimum leverer eitt AUF per to \u00e5r. Dette er eit m\u00e5l som gjeld for heile kommunen, og det er basert p\u00e5 eit gjennomsnittstal. Det vil seia at ein kan forvente eit h\u00f8gare tal i einskilde einingar med stort risikobilete. Det er ikkje mogleg \u00e5 levere AUF-meldingar skriftleg,<\/p>\n","protected":false},"author":5,"featured_media":0,"parent":87,"menu_order":7,"comment_status":"closed","ping_status":"closed","template":"","meta":{"footnotes":""},"jetpack_sharing_enabled":true,"_links":{"self":[{"href":"https:\/\/sk-dokument.no\/hmt-system\/wp-json\/wp\/v2\/pages\/427"}],"collection":[{"href":"https:\/\/sk-dokument.no\/hmt-system\/wp-json\/wp\/v2\/pages"}],"about":[{"href":"https:\/\/sk-dokument.no\/hmt-system\/wp-json\/wp\/v2\/types\/page"}],"author":[{"embeddable":true,"href":"https:\/\/sk-dokument.no\/hmt-system\/wp-json\/wp\/v2\/users\/5"}],"replies":[{"embeddable":true,"href":"https:\/\/sk-dokument.no\/hmt-system\/wp-json\/wp\/v2\/comments?post=427"}],"version-history":[{"count":3,"href":"https:\/\/sk-dokument.no\/hmt-system\/wp-json\/wp\/v2\/pages\/427\/revisions"}],"predecessor-version":[{"id":443,"href":"https:\/\/sk-dokument.no\/hmt-system\/wp-json\/wp\/v2\/pages\/427\/revisions\/443"}],"up":[{"embeddable":true,"href":"https:\/\/sk-dokument.no\/hmt-system\/wp-json\/wp\/v2\/pages\/87"}],"wp:attachment":[{"href":"https:\/\/sk-dokument.no\/hmt-system\/wp-json\/wp\/v2\/media?parent=427"}],"curies":[{"name":"wp","href":"https:\/\/api.w.org\/{rel}","templated":true}]}}