{"id":450,"date":"2017-07-19T12:58:21","date_gmt":"2017-07-19T10:58:21","guid":{"rendered":"http:\/\/sk-dokument.no\/hmt-system-rev-11-19\/?page_id=450"},"modified":"2017-07-19T12:58:40","modified_gmt":"2017-07-19T10:58:40","slug":"miljofyrtarnansvarleg","status":"publish","type":"page","link":"https:\/\/sk-dokument.no\/hmt-system\/miljofyrtarn\/miljofyrtarnansvarleg\/","title":{"rendered":"8.2 Milj\u00f8fyrt\u00e5rnansvarleg"},"content":{"rendered":"<p>Som MFansvarleg i eining eller p\u00e5 lokasjon, ligg det til grunn eit s\u00e6rskild ansvar for oppf\u00f8lging av aktivitetar fastsett i HMT\/Milj\u00f8fyrt\u00e5rn-\u00e5rshjul samt dokumentasjon av krav i Milj\u00f8fyrt\u00e5rnportalen. Naudsynt oppl\u00e6ring skal giast til dei tilsette som har denne rolla, og det er ein f\u00f8resetnad at ein nyttar naudsynt tid til arbeidet.<\/p>\n<p>Me skil mellom MFansvarleg for hovudkontoret, og MFansvarleg for eining\/lokasjon. Alle einingar og lokasjonar som har vedtak om sertifisering skal utpeika ein MFansvarleg, normalt einingsleiar, nestleiar eller verneombod.<\/p>\n<p><strong>MFansvarleg for hovudkontoret<\/strong><\/p>\n<p>I Stord kommune er hovudkontoret definert som r\u00e5dhuset, og inneber alle einingar med lokasjon r\u00e5dhuset. MFansvarleg for hovudkontoret skal ha gjennomf\u00f8rt internkonsulentoppl\u00e6ring i regi av stiftinga Milj\u00f8fyrt\u00e5rn og vera godkjend internkonsulent for hovudkontor. Denne rolla er tildelt HMT-leiar i kommunen.<\/p>\n<p>I tillegg til oppg\u00e5ver som nemnd under for MFansvarleg, skal ansvarleg for hovudkontoret s\u00f8rgje for system for kontinuerleg forbetring og rapportering p\u00e5 krav som skal dekkjast av hovudkontoret.<\/p>\n<p>Hovudoppg\u00e5ver for MFansvarleg for hovudkontor:<\/p>\n<ol>\n<li>HMT\/Milj\u00f8fyrt\u00e5rn \u00e5rshjul\n<ol>\n<li>Etablering og oppdatering<\/li>\n<li>Ansvar for oppfylling av krav tildelt hovudkontoret<\/li>\n<\/ol>\n<\/li>\n<li>Motivering og komepetanse i organisasjonen\n<ol>\n<li>S\u00f8rge for tilstrekkeleg oppl\u00e6ring og kompetanse for MFansvarleg for eining\/lokasjon<\/li>\n<\/ol>\n<\/li>\n<li>Arrangere og gjennomf\u00f8re \u00e5rlige samlingar (HMT\/milj\u00f8dag) for leiarar, tillitsvalde og verneombod<\/li>\n<li>Internkonsulent for alle MFansvarlege i kommunen<\/li>\n<li>Vera kommunen sin kontaktperson i sp\u00f8rsm\u00e5l om milj\u00f8fyrt\u00e5rn<\/li>\n<li>Halde informasjon i milj\u00f8fyrt\u00e5rnportalen oppdatert<\/li>\n<li>Utarbeide forslag til kommunen sine milj\u00f8m\u00e5lsettingar og handlingsplan i r\u00e5dmannens framlegg til budsjett- og \u00f8konomiplan<\/li>\n<\/ol>\n<p><strong>MFansvarleg for eining\/lokasjon<\/strong><\/p>\n<p>Nokre lokasjonar innehar fleire einingar. Ved desse lokasjonane, skal det tildelast eit ansvar til ein person for heile lokasjonen\/bygget.<\/p>\n<p>Hovudoppg\u00e5ver og &#8211; ansvar:<\/p>\n<ol>\n<li>Leia milj\u00f8arbeidet 1.Planlegg, informer og gjennomf\u00f8r milj\u00f8tiltak\n<ol>\n<li>F\u00f8rebu, gjennomf\u00f8ra og f\u00f8lgja opp sertifiseringa<\/li>\n<li>Vera eininga\/lokasjonen sin ressursperson p\u00e5 milj\u00f8<\/li>\n<li>Tett dialog med MFansvarleg for hovudkontor, og s\u00f8rgje for etterleving av milj\u00f8leiinga i det overodna HMT-system<\/li>\n<\/ol>\n<\/li>\n<li>\u00c5rleg klima- og milj\u00f8rapport\n<ol>\n<li>Lage utkast til \u00e5rleg klima- og milj\u00f8rapport innan frist<\/li>\n<li>Presentere klima- og milj\u00f8rapport for eininga sitt HMT-lag<\/li>\n<\/ol>\n<\/li>\n<li>Bidra til milj\u00f8retta tiltak i eininga\/lokasjonen som inkluderer tilsette og brukarar<\/li>\n<li>Etablere milj\u00f8gruppe best\u00e5ande av 2-4 personar\n<ol>\n<li>Gjennomf\u00f8re m\u00f8te minimum 2 gonger i \u00e5ret med f\u00f8rem\u00e5l \u00e5 gjennomg\u00e5 aktivitetar, status p\u00e5 HMT\/Milj\u00f8fyrt\u00e5rn-\u00e5rshjul<\/li>\n<\/ol>\n<\/li>\n<\/ol>\n<p>&nbsp;<\/p>\n","protected":false},"excerpt":{"rendered":"<p>Som MFansvarleg i eining eller p\u00e5 lokasjon, ligg det til grunn eit s\u00e6rskild ansvar for oppf\u00f8lging av aktivitetar fastsett i HMT\/Milj\u00f8fyrt\u00e5rn-\u00e5rshjul samt dokumentasjon av krav i Milj\u00f8fyrt\u00e5rnportalen. Naudsynt oppl\u00e6ring skal giast til dei tilsette som har denne rolla, og det er ein f\u00f8resetnad at ein nyttar naudsynt tid til arbeidet. Me skil mellom MFansvarleg for<\/p>\n","protected":false},"author":5,"featured_media":0,"parent":227,"menu_order":2,"comment_status":"closed","ping_status":"closed","template":"","meta":{"footnotes":""},"jetpack_sharing_enabled":true,"_links":{"self":[{"href":"https:\/\/sk-dokument.no\/hmt-system\/wp-json\/wp\/v2\/pages\/450"}],"collection":[{"href":"https:\/\/sk-dokument.no\/hmt-system\/wp-json\/wp\/v2\/pages"}],"about":[{"href":"https:\/\/sk-dokument.no\/hmt-system\/wp-json\/wp\/v2\/types\/page"}],"author":[{"embeddable":true,"href":"https:\/\/sk-dokument.no\/hmt-system\/wp-json\/wp\/v2\/users\/5"}],"replies":[{"embeddable":true,"href":"https:\/\/sk-dokument.no\/hmt-system\/wp-json\/wp\/v2\/comments?post=450"}],"version-history":[{"count":1,"href":"https:\/\/sk-dokument.no\/hmt-system\/wp-json\/wp\/v2\/pages\/450\/revisions"}],"predecessor-version":[{"id":451,"href":"https:\/\/sk-dokument.no\/hmt-system\/wp-json\/wp\/v2\/pages\/450\/revisions\/451"}],"up":[{"embeddable":true,"href":"https:\/\/sk-dokument.no\/hmt-system\/wp-json\/wp\/v2\/pages\/227"}],"wp:attachment":[{"href":"https:\/\/sk-dokument.no\/hmt-system\/wp-json\/wp\/v2\/media?parent=450"}],"curies":[{"name":"wp","href":"https:\/\/api.w.org\/{rel}","templated":true}]}}