{"id":9,"date":"2017-01-23T14:38:05","date_gmt":"2017-01-23T13:38:05","guid":{"rendered":"http:\/\/sk-dokument.no\/hmt-system-rev-11-19\/?page_id=9"},"modified":"2019-11-12T11:05:31","modified_gmt":"2019-11-12T10:05:31","slug":"ansvar-for-hmt","status":"publish","type":"page","link":"https:\/\/sk-dokument.no\/hmt-system\/hmt-organisering-i-stord-kommune\/ansvar-for-hmt\/","title":{"rendered":"5.1 Ansvar for HMT"},"content":{"rendered":"<p dir=\"LTR\"><span style=\"font-size: 12pt;\">HMT<span style=\"font-family: Calibri;\">&#8211;<\/span>systemet er lagt opp i samsvar med \u00a7 5 i HMT<span style=\"font-family: Calibri;\">&#8211;<\/span>forskrifta, og kapittelinndeling svarar til punkt 1<span style=\"font-family: Calibri;\">-8. <\/span>Punkt 4<span style=\"font-family: Calibri;\">-8 <\/span>krev dokumentasjon p\u00e5 gjennomf\u00f8rte aktivitetar.\u00a0<\/span><span style=\"font-size: 12pt;\">All HMT<\/span><span style=\"font-family: Calibri;\">&#8211;<\/span><span style=\"font-size: 12pt;\">aktivitet skal dokumenterast i einingane og synast fram ved behov.<\/span><\/p>\n<p dir=\"LTR\"><span style=\"text-decoration: underline; font-size: 14pt;\">R\u00e5dmannen i Stord<\/span><\/p>\n<p dir=\"LTR\"><span style=\"font-size: 12pt;\">har overordna ansvar, medan einingsleiarane har ansvar for sine einingar.\u00a0<\/span><span style=\"font-size: 12pt;\">HMT<span style=\"font-family: Calibri;\">&#8211;<\/span>leiar er r\u00e5dmannen sin utf\u00f8rar i det praktiske arbeidet med HMT i organisasjonen.<\/span><\/p>\n<p dir=\"LTR\"><span style=\"text-decoration: underline; font-size: 14pt;\">Einingsleiar<\/span><\/p>\n<p dir=\"LTR\"><span style=\"font-size: 12pt;\">har delegert ansvar for at eininga har HMT<span style=\"font-family: Calibri;\">&#8211;<\/span>system, at systemet fungerer og er revidert. Kapittel 9 omtalar HMT<span style=\"font-family: Calibri;\">&#8211;<\/span>arbeidet p\u00e5 einingsniv\u00e5 n\u00e6rare.<\/span><\/p>\n<p dir=\"LTR\"><span style=\"text-decoration: underline; font-size: 12pt;\">Einingsleiar har ansvar for at eininga har:<\/span><\/p>\n<ul>\n<li dir=\"LTR\"><span style=\"font-size: 12pt;\">Oversikt over gjeldande HMT lovverk i eininga<\/span><\/li>\n<li dir=\"LTR\"><span style=\"font-size: 12pt;\">HMT<span style=\"font-family: Calibri;\">&#8211;<\/span>system som er tilpassa eininga<\/span><\/li>\n<li dir=\"LTR\"><span style=\"font-size: 12pt;\">Konkrete m\u00e5l for HMT og ytre milj\u00f8<\/span><\/li>\n<li dir=\"LTR\"><span style=\"font-size: 12pt;\">Oversikt over organisasjonen<\/span><\/li>\n<li dir=\"LTR\"><span style=\"font-size: 12pt;\">Rutine for involvering av dei tilsette<\/span><\/li>\n<li dir=\"LTR\"><span style=\"font-size: 12pt;\">Gjennomf\u00f8ra HMT<span style=\"font-family: Calibri;\">&#8211;<\/span>rutinane<\/span><\/li>\n<li dir=\"LTR\"><span style=\"font-size: 12pt;\">System for handsaming av leverte avvik i eininga<\/span><\/li>\n<li dir=\"LTR\"><span style=\"font-size: 12pt;\">Handlingsplan for HMT<\/span><\/li>\n<\/ul>\n<p dir=\"LTR\"><span style=\"text-decoration: underline; font-size: 14pt;\">Dei tilsette<\/span><\/p>\n<p dir=\"LTR\"><span style=\"font-size: 12pt;\">HMT-arbeid i kommunen skal i st\u00f8rst mogleg grad inkludera og vera synleg for dei tilsette. Arbeidstakar har medverknadsplikt i verksemda sitt HMT<span style=\"font-family: Calibri;\">&#8211;<\/span>arbeid (Arbeidsmilj\u00f8loven \u00a7 2<span style=\"font-family: Calibri;\">-3). <\/span><\/span><\/p>\n<p dir=\"LTR\"><span style=\"text-decoration: underline; font-size: 14pt;\">Verneombod<\/span><\/p>\n<p dir=\"LTR\"><span style=\"font-size: 12pt;\">Verneombod i Stord kommune er sentral i HMT arbeidet innafor sitt verneomr\u00e5de. Kommunen er delt inn i fleire verneomr\u00e5de, som til ei kvar tid skal vera organisert slik at verneomboda har sjans \u00e5 ha full\u00a0oversikt over sitt omr\u00e5de. Verneombodet sitt arbeid er regulert i Arbeidsmilj\u00f8lova \u00a7 6, og skal koordinerast av eitt hovudverneombod som har koordineringsansvar.\u00a0<\/span><\/p>\n","protected":false},"excerpt":{"rendered":"<p>HMT&#8211;systemet er lagt opp i samsvar med \u00a7 5 i HMT&#8211;forskrifta, og kapittelinndeling svarar til punkt 1-8. Punkt 4-8 krev dokumentasjon p\u00e5 gjennomf\u00f8rte aktivitetar.\u00a0All HMT&#8211;aktivitet skal dokumenterast i einingane og synast fram ved behov. R\u00e5dmannen i Stord har overordna ansvar, medan einingsleiarane har ansvar for sine einingar.\u00a0HMT&#8211;leiar er r\u00e5dmannen sin utf\u00f8rar i det praktiske arbeidet<\/p>\n","protected":false},"author":5,"featured_media":0,"parent":29,"menu_order":1,"comment_status":"closed","ping_status":"closed","template":"","meta":{"footnotes":""},"jetpack_sharing_enabled":true,"_links":{"self":[{"href":"https:\/\/sk-dokument.no\/hmt-system\/wp-json\/wp\/v2\/pages\/9"}],"collection":[{"href":"https:\/\/sk-dokument.no\/hmt-system\/wp-json\/wp\/v2\/pages"}],"about":[{"href":"https:\/\/sk-dokument.no\/hmt-system\/wp-json\/wp\/v2\/types\/page"}],"author":[{"embeddable":true,"href":"https:\/\/sk-dokument.no\/hmt-system\/wp-json\/wp\/v2\/users\/5"}],"replies":[{"embeddable":true,"href":"https:\/\/sk-dokument.no\/hmt-system\/wp-json\/wp\/v2\/comments?post=9"}],"version-history":[{"count":12,"href":"https:\/\/sk-dokument.no\/hmt-system\/wp-json\/wp\/v2\/pages\/9\/revisions"}],"predecessor-version":[{"id":468,"href":"https:\/\/sk-dokument.no\/hmt-system\/wp-json\/wp\/v2\/pages\/9\/revisions\/468"}],"up":[{"embeddable":true,"href":"https:\/\/sk-dokument.no\/hmt-system\/wp-json\/wp\/v2\/pages\/29"}],"wp:attachment":[{"href":"https:\/\/sk-dokument.no\/hmt-system\/wp-json\/wp\/v2\/media?parent=9"}],"curies":[{"name":"wp","href":"https:\/\/api.w.org\/{rel}","templated":true}]}}